{"id":8804,"date":"2026-02-06T06:18:14","date_gmt":"2026-02-06T06:18:14","guid":{"rendered":"https:\/\/voxaura.ai\/pravila-o-privatnosti-aplikacije\/"},"modified":"2026-03-09T10:55:58","modified_gmt":"2026-03-09T10:55:58","slug":"pravila-o-privatnosti-aplikacije","status":"publish","type":"page","link":"https:\/\/voxaura.ai\/hr\/pravila-o-privatnosti-aplikacije\/","title":{"rendered":"Pravila o privatnosti aplikacije"},"content":{"rendered":"\t\t<div data-elementor-type=\"wp-page\" data-elementor-id=\"8804\" class=\"elementor elementor-8804 elementor-7610\" data-elementor-post-type=\"page\">\n\t\t\t\t<div class=\"elementor-element elementor-element-480fafc e-flex e-con-boxed wpr-particle-no wpr-jarallax-no wpr-parallax-no wpr-sticky-section-no wpr-equal-height-no e-con e-parent\" data-id=\"480fafc\" data-element_type=\"container\" data-e-type=\"container\">\n\t\t\t\t\t<div class=\"e-con-inner\">\n\t\t\t\t<div class=\"elementor-element elementor-element-ad6a48e elementor-widget elementor-widget-text-editor\" data-id=\"ad6a48e\" data-element_type=\"widget\" data-e-type=\"widget\" data-widget_type=\"text-editor.default\">\n\t\t\t\t\t\t\t\t\t<p>Dobrodo\u0161li u Pravila o privatnosti aplikacije VoxAura.<\/p><p>VoxAura GmbH (\u201eVoxAura\u201c, \u201emi\u201c, \u201enas\u201c, \u201ena\u0161\u201c) razvija i upravlja aplikacijom VoxAura i povezanim uslugama koje korisnicima omogu\u0107uju upravljanje pametnom rasvjetom i povezanim ure\u0111ajima (\u201eUsluge\u201c). Ova Pravila o privatnosti obja\u0161njavaju koje osobne podatke prikupljamo, kako ih koristimo, koliko dugo ih \u010duvamo, kada ih dijelimo, kako ih \u0161titimo, gdje se obra\u0111uju (kako je opisano u nastavku) te prava i izbore koji su vam dostupni ovisno o va\u0161oj lokaciji (uklju\u010duju\u0107i Europski gospodarski prostor\/Ujedinjeno Kraljevstvo). <\/p><p>Sadr\u017eaj<\/p><p>1. Definicije<br> 2. Kako prikupljamo i koristimo va\u0161e osobne podatke<br> 3. Kako pohranjujemo i \u0161titimo va\u0161e osobne podatke<br> 4. Kako dijelimo, prenosimo i otkrivamo va\u0161e osobne podatke<br> 5. Djeca i maloljetnici<br> 6. Kako \u0107e se ova politika a\u017eurirati<br> 7. Me\u0111unarodni transferi (ako je primjenjivo)<br> 8. Kako nas kontaktirati<br> 9. Datum stupanja na snagu ove Politike privatnosti<\/p><p>\u201eVoxAura\u201c, \u201emi\u201c, \u201enas\u201c i \u201ena\u0161\u201c odnose se na VoxAura GmbH, pru\u017eatelja Usluga opisanih u ovim Pravilima o privatnosti.<\/p><p>Osobni podatak zna\u010di bilo koju informaciju koja se odnosi na identificiranu ili identifikabilnu fizi\u010dku osobu. Identifikirana osoba je ona koju je mogu\u0107e identificirati, izravno ili neizravno, posebno pozivanjem na identifikator (na primjer, ime, adresa e-po\u0161te, telefonski broj, identifikator ure\u0111aja, online identifikator ili sli\u010dno). Informacije koje su nepovratno anonimizirane nisu osobni podatak.  <\/p><p>\u201eOsjetljivi osobni podaci\u201c zna\u010de osobne podatke koji se smatraju osjetljivima prema va\u017ee\u0107em zakonu. To mo\u017ee uklju\u010divati, ovisno o jurisdikciji, podatke poput precizne geolokacije, identifikatora koje je izdala vlada, podataka za prijavu na ra\u010dun, podataka o financijskim ra\u010dunima, podataka o djeci i drugih podataka koji zahtijevaju poja\u010danu za\u0161titu. U Europskom gospodarskom prostoru i Ujedinjenom Kraljevstvu, \u201eposebne kategorije osobnih podataka\u201c imaju zna\u010denje utvr\u0111eno u va\u017ee\u0107em zakonu o za\u0161titi podataka (npr. podaci koji otkrivaju rasno ili etni\u010dko podrijetlo, politi\u010dka mi\u0161ljenja, vjerska ili filozofska uvjerenja, \u010dlanstvo u sindikatu, genetski podaci, biometrijski podaci za identifikaciju, zdravstveni podaci ili podaci o seksualnom \u017eivotu ili seksualnoj orijentaciji osobe).  <\/p><p>\u201eMaloljetnici\u201c ozna\u010davaju osobe mla\u0111e od zakonske punoljetnosti u mjestu prebivali\u0161ta (obi\u010dno mla\u0111e od 18 godina).<\/p><p>\u201eDjeca\u201c ozna\u010davaju osobe mla\u0111e od 13 godina.<\/p><p>1. Kako prikupljamo i koristimo va\u0161e osobne podatke<\/p><p>Kako bismo pru\u017eili Usluge, mi (i pru\u017eatelji usluga koji djeluju u na\u0161e ime) prikupljamo i obra\u0111ujemo odre\u0111ene podatke od vas i s va\u0161ih ure\u0111aja. Neki su podaci potrebni za funkcioniranje Aplikacije (na primjer, za povezivanje s ure\u0111ajima ili pru\u017eanje podr\u0161ke). Ako odlu\u010dite ne dati potrebne podatke ili onemogu\u0107ite potrebna dopu\u0161tenja, neke zna\u010dajke mo\u017eda ne\u0107e raditi ili ne\u0107e ispravno raditi.  <\/p><p>Osobni podaci: Ovo se odnosi na osobne podatke koje nam izravno dajete kada koristite Usluge. To mo\u017ee uklju\u010divati \u200b\u200bpodatke o va\u0161em ra\u010dunu i kontaktne podatke (na primjer, korisni\u010dko ime ili nadimak te va\u0161u adresu e-po\u0161te i\/ili broj telefona ako kreirate ra\u010dun ili nas kontaktirate) i sadr\u017eaj koji dajete kada zatra\u017eite korisni\u010dku podr\u0161ku (na primjer, tekst va\u0161eg zahtjeva i sve priloge koje odaberete poslati). Ove podatke koristimo za pru\u017eanje Usluga, odgovaranje na va\u0161e zahtjeve i komunikaciju s vama o pitanjima vezanim uz usluge.  <\/p><p>Informacije vezane uz lokaciju: Neki mobilni operativni sustavi zahtijevaju dopu\u0161tenje za lokaciju kako bi otkrili i povezali se s obli\u017enjim Bluetooth Low Energy (BLE) ure\u0111ajima. Ako odobrite ovo dopu\u0161tenje, va\u0161 ure\u0111aj mo\u017ee u\u010diniti odre\u0111ene signale vezane uz lokaciju dostupnima prema modelu dopu\u0161tenja operativnog sustava (na primjer, jesu li omogu\u0107ene usluge lokacije). Ovo dopu\u0161tenje koristimo samo za omogu\u0107avanje otkrivanja i povezivanja Bluetooth ure\u0111aja unutar Aplikacije te za povezane svrhe rje\u0161avanja problema i sigurnosti. Ovo dopu\u0161tenje ne koristimo za ciljano ogla\u0161avanje.   <\/p><p>Informacije o ure\u0111aju: Kada koristite Aplikaciju za otkrivanje, povezivanje ili upravljanje pametnom rasvjetom i drugim povezanim ure\u0111ajima, Aplikacija \u010dita i prikazuje odre\u0111ene tehni\u010dke informacije s ure\u0111aja. To mo\u017ee uklju\u010divati \u200b\u200bvrstu\/model ure\u0111aja, identifikatore ure\u0111aja koji se koriste za komunikaciju (na primjer, Bluetooth identifikator i\/ili MAC adresa) i informacije o softveru\/hardveru ure\u0111aja (na primjer, verziju firmvera, verziju hardvera i povezane metapodatke o verziji\/monta\u017ei). Ove informacije koristimo za omogu\u0107avanje uparivanja i povezivanja, prikaz detalja ure\u0111aja u Aplikaciji, pru\u017eanje zna\u010dajki upravljanja ure\u0111ajem, izvr\u0161avanje a\u017euriranja firmvera gdje je to dostupno i rje\u0161avanje problema.  <\/p><p>Podaci iz dnevnika i dijagnostike: Kako bismo odr\u017eali sigurnost i stabilnost Usluga te dijagnosticirali i ispravili pogre\u0161ke, mo\u017eemo prikupljati dijagnosti\u010dke podatke kao \u0161to su zapisnici o pogre\u0161kama, izvje\u0161\u0107a o ru\u0161enju sustava, vremenske oznake, verzija aplikacije, model ure\u0111aja, verzija operativnog sustava i tehni\u010dke informacije o povezanim ure\u0111ajima. Tamo gdje se koristi daljinsko dohva\u0107anje zapisnika, ono je ograni\u010deno na rje\u0161avanje problema i sigurnosne svrhe. <\/p><p>Podaci o ure\u0111aju koje obra\u0111ujemo mogu uklju\u010divati \u200b\u200bsljede\u0107e tehni\u010dke atribute (koji se mogu razlikovati ovisno o modelu ure\u0111aja i operativnom sustavu):<\/p><p>\u2460 Vrsta\/model ure\u0111aja: Ozna\u010dava kategoriju i model ure\u0111aja (npr. kontroler, upravlja\u010dki program, senzor) kako bi se prikazale ispravne mogu\u0107nosti i kontrole u aplikaciji.<br>\u2461 Identifikator ure\u0111aja (npr. Bluetooth identifikator i, gdje je dostupan, MAC adresa): Koristi se za otkrivanje ure\u0111aja, uparivanje, upravljanje vezom i rje\u0161avanje problema. Neki operativni sustavi mogu ograni\u010diti pristup odre\u0111enim identifikatorima.   <br>\u2462 Verzija: Ozna\u010dava trenutni broj verzije ure\u0111aja.<br>\u2463 Identifikacijski kod firmvera (ako je dostupan): Identifikator koji prijavljuje ure\u0111aj, a koristi se za razlikovanje verzija firmvera za provjere kompatibilnosti, podr\u0161ku i rje\u0161avanje problema.<br>\u2464 Verzija firmvera: Broj verzije firmvera ure\u0111aja, koji se koristi za prikaz statusa ure\u0111aja, odre\u0111ivanje kompatibilnosti zna\u010dajki i podr\u0161ku procesima a\u017euriranja firmvera i rje\u0161avanja problema.<br>\u2465 Opis firmvera \/ informacije o verziji (ako su dostupne): Metapodaci opisne verzije koje je prijavio ure\u0111aj, a koji se koriste za dijagnostiku i podr\u0161ku (na primjer, oznaka verzije ili kanal izdanja).<br>\u2466 Datum izrade\/kompilacije firmvera (ako je dostupan): Informacije o vremenskoj oznaci izrade koje je prijavio ure\u0111aj koriste se za dijagnostiku i provjere kompatibilnosti.<br>\u2467 Informacije o verziji Bluetooth stoga\/SDK-a (ako su dostupne): Metapodaci verzije Bluetooth softverskog stoga ili SDK-a koje prijavljuje ure\u0111aj, a koriste se za dijagnostiku, rje\u0161avanje problema s povezivo\u0161\u0107u i provjere kompatibilnosti.<br>\u2468 Podaci dijagnosti\u010dkog zapisnika: Kada se u aplikaciji ili povezanim ure\u0111ajima pojave pogre\u0161ke ili abnormalno pona\u0161anje, mo\u017eemo obraditi dijagnosti\u010dke podatke (kao \u0161to su kodovi pogre\u0161aka, vremenske oznake i ograni\u010deni tehni\u010dki zapisnici) kako bismo istra\u017eili i rije\u0161ili probleme, pobolj\u0161ali stabilnost i sigurnost te pru\u017eili korisni\u010dku podr\u0161ku. Tamo gdje se koristi daljinsko prikupljanje dijagnosti\u010dkih podataka, ono je ograni\u010deno na rje\u0161avanje problema i sigurnosne svrhe. <br>\u2469 Podaci o pohrani: Aplikacija lokalno pohranjuje odre\u0111ene podatke aplikacije za rad Usluga (na primjer, povezanosti ure\u0111aja, postavke i ograni\u010dene dijagnosti\u010dke podatke). Ovisno o va\u0161em ure\u0111aju i operativnom sustavu, neki podaci mogu se pohraniti u internu pohranu Aplikacije i, gdje je to tehni\u010dki potrebno, na lokacijama za pohranu ure\u0111aja koje dopu\u0161ta operativni sustav. Ne pristupamo nepovezanim datotekama pohranjenim na va\u0161em ure\u0111aju.  <\/p><p>2. Kako pohranjujemo i \u0161titimo va\u0161e osobne podatke<\/p><p>\u010cuvanje i pohrana: Osobne podatke \u010duvamo samo onoliko dugo koliko je potrebno za pru\u017eanje Usluga i u svrhe opisane u ovim Pravilima o privatnosti. Sve va\u0161e podatke \u010duvat \u0107emo samo na va\u0161em mobilnom telefonu i ne\u0107emo ih pohranjivati \u200b\u200bna poslu\u017eitelje. Ako zatra\u017eite brisanje podataka, jednostavno deinstalirajte aplikaciju ili izbri\u0161ite podatke aplikacije. <\/p><p>Sigurnost: Provodimo odgovaraju\u0107e tehni\u010dke i organizacijske mjere osmi\u0161ljene za za\u0161titu osobnih podataka od neovla\u0161tenog pristupa, otkrivanja, izmjene, zlouporabe i gubitka. Ove mjere mogu uklju\u010divati \u200b\u200benkripciju u prijenosu (na primjer, TLS) i, gdje je to primjereno, enkripciju u mirovanju; kontrole pristupa i dozvole s najmanjim privilegijama; mehanizme za autentifikaciju i autorizaciju; evidentiranje i pra\u0107enje; sigurnosno testiranje; i pravovremena sigurnosna a\u017euriranja. Tako\u0111er nastojimo smanjiti koli\u010dinu osobnih podataka koje obra\u0111ujemo i ograni\u010diti pristup osobnim podacima na ovla\u0161teno osoblje i pru\u017eatelje usluga kojima su potrebni za obavljanje njihovih zadataka. Nijedna metoda prijenosa ili pohrane nije potpuno sigurna; me\u0111utim, radimo na odr\u017eavanju za\u0161titnih mjera proporcionalnih rizicima.   <\/p><p>Podatke pohranjujemo i zadr\u017eavamo u skladu s dolje navedenim na\u010delima. Stvarna razdoblja \u010duvanja mogu varirati ovisno o vrsti podataka, na\u010dinu na koji se koriste i primjenjivim zakonskim zahtjevima, a osobne podatke zadr\u017eavamo samo onoliko dugo koliko je potrebno za svrhe opisane u ovim Pravilima o privatnosti. <\/p><p>1) Lokalni podaci: Neki se podaci pohranjuju lokalno na va\u0161em ure\u0111aju (na primjer, povezanosti ure\u0111aja, postavke i predmemorirani podaci) radi rada Usluga. Lokalne podatke Aplikacije mo\u017eete izbrisati pomo\u0107u postavki Aplikacije na svom ure\u0111aju i\/ili deinstaliranjem Aplikacije. Ovisno o va\u0161em ure\u0111aju i operativnom sustavu, neki lokalni podaci mogu se ukloniti i kada izbri\u0161ete predmemoriju ili pohranu Aplikacije.  <\/p><p>2) Podaci poslu\u017eitelja: Na\u0161i se podaci pohranjuju samo lokalno u aplikaciji, stoga nema podataka poslu\u017eitelja.<\/p><p>3) Podaci o statusu ure\u0111aja: Ne pohranjujemo podatke o statusu ure\u0111aja.<\/p><p>4) Kontakti: Na\u0161a aplikacija ne\u0107e omogu\u0107iti zna\u010dajke koje zahtijevaju pristup adresaru\/kontaktima.<\/p><p>4. Kako dijelimo, prenosimo i otkrivamo va\u0161e osobne podatke<\/p><p>Mo\u017eemo dijeliti osobne podatke s pru\u017eateljima usluga i partnerima koji nam poma\u017eu u radu, podr\u0161ci i pobolj\u0161anju Usluga (na primjer, pru\u017eatelji hostinga i infrastrukture, alati za korisni\u010dku podr\u0161ku i pru\u017eatelji sigurnosnih usluga). Ti primatelji ovla\u0161teni su obra\u0111ivati \u200b\u200bosobne podatke samo onoliko koliko je potrebno za pru\u017eanje usluga nama i u skladu s na\u0161im uputama i ugovornim obvezama. Ne prodajemo va\u0161e osobne podatke.  <\/p><p>Osobne podatke mo\u017eemo otkriti vladinim tijelima, regulatorima, agencijama za provedbu zakona, sudovima ili drugim tre\u0107im stranama kada smatramo da je otkrivanje potrebno radi po\u0161tivanja va\u017ee\u0107eg zakona, zakonitog zahtjeva ili pravnog postupka ili radi za\u0161tite prava, imovine ili sigurnosti VoxAure, na\u0161ih korisnika ili drugih.<\/p><p>Tamo gdje je to zakonom dopu\u0161teno, mo\u017eemo zatra\u017eiti odgovaraju\u0107u dokumentaciju ili potvrdu za takve zahtjeve (na primjer, sudski nalog, sudski poziv ili drugi valjani pravni postupak) te mo\u017eemo osporiti ili suziti zahtjeve koji su nezakoniti, pre\u0161iroki ili nejasni.<\/p><p>Cilj nam je biti transparentan u pogledu zakonski obveznih otkrivanja informacija gdje je to zakonom dopu\u0161teno, a o takvim zahtjevima mo\u017eemo obavijestiti pogo\u0111ene korisnike kada je to zakonski dopu\u0161teno i kada je to prikladno.<\/p><p>Mo\u017eemo obra\u0111ivati \u200b\u200bi otkrivati \u200b\u200bosobne podatke bez va\u0161eg prethodnog pristanka gdje je to dopu\u0161teno ili potrebno prema va\u017ee\u0107em zakonu, na primjer radi ispunjavanja zakonskih obveza, odgovaranja na zakonite zahtjeve, za\u0161tite vitalnih interesa ili osiguranja sigurnosti i integriteta Usluga. Specifi\u010dne pravne osnove i zahtjevi mogu se razlikovati ovisno o va\u0161oj lokaciji. <br>1) Radi po\u0161tivanja va\u017ee\u0107ih zakona, propisa ili obvezuju\u0107ih pravnih obveza.<br>2) Kako bi se odgovorilo na zakonite zahtjeve javnih tijela (uklju\u010duju\u0107i provedbu zakona) ili kako bi se ispunili zahtjevi nacionalne sigurnosti ili provedbe zakona gdje je to primjenjivo.<br>3) Za za\u0161titu vitalnih interesa, kao \u0161to je sprje\u010davanje neposredne \u0161tete za vas ili drugu osobu, kada se privola ne mo\u017ee razumno dobiti na vrijeme.<br>4) Za informacije koje javno objavljujete na vlastitu inicijativu (na primjer, javne objave), u skladu s va\u017ee\u0107im zakonom.<br>5) Za informacije dobivene iz javnih izvora gdje je to zakonom dopu\u0161teno.<br>6) Za izvr\u0161enje ugovora s vama ili poduzimanje koraka na va\u0161 zahtjev prije sklapanja ugovora (gdje je to primjenjivo).<br>7) Za odr\u017eavanje sigurnosti, stabilnosti i integriteta Usluga (na primjer, otkrivanje, sprje\u010davanje i rje\u0161avanje tehni\u010dkih problema, prijevara ili sigurnosnih incidenata).<br>8) Za druge svrhe dopu\u0161tene ili propisane va\u017ee\u0107im zakonom.<\/p><p>5. Djeca i maloljetnici<\/p><p>Usluge nisu namijenjene djeci mla\u0111oj od 13 godina. Ne prikupljamo svjesno osobne podatke od djece mla\u0111e od 13 godina. Ako saznamo da smo prikupili osobne podatke od djeteta mla\u0111eg od 13 godina, izbrisat \u0107emo ih ili anonimizirati \u010dim to bude razumno mogu\u0107e.  <\/p><p>Ako ste roditelj ili skrbnik i smatrate da nam je dijete dalo osobne podatke, molimo vas da nas kontaktirate koriste\u0107i dolje navedene kontakt podatke kako bismo mogli poduzeti odgovaraju\u0107e korake.<\/p><p>6. Kako \u0107e se ova politika a\u017eurirati<\/p><p>Ovu Politiku privatnosti mo\u017eemo s vremena na vrijeme a\u017eurirati kako bismo odra\u017eavali promjene u Uslugama, na\u0161im praksama ili primjenjivim zakonima. A\u017euriranu verziju objavit \u0107emo u Aplikaciji i\/ili na na\u0161oj web stranici te a\u017eurirati odjeljak \u201eDatum stupanja na snagu\u201c. Tamo gdje to zahtijeva primjenjivi zakon, obavijestit \u0107emo vas o bitnim promjenama.  <\/p><p>Ako napravimo zna\u010dajne promjene, pru\u017eit \u0107emo istaknutiju obavijest (na primjer, unutar Aplikacije ili putem e-po\u0161te, ako imamo va\u0161u adresu e-po\u0161te). Tamo gdje to zahtijeva va\u017ee\u0107i zakon, ponovno \u0107emo tra\u017eiti va\u0161 pristanak (na primjer, ako promjena zahtijeva pristanak ili ako uvodimo novu obradu koja zahtijeva pristanak). Va\u0161e daljnje kori\u0161tenje Usluga nakon datuma stupanja na snagu a\u017eurirane Politike privatnosti zna\u010di da ste pro\u010ditali obavijest o a\u017euriranju.  <\/p><p>Glavne promjene navedene u ovoj politici uklju\u010duju, ali nisu ograni\u010dene na:<br> 1) Na\u0161 model usluga pretrpio je zna\u010dajne promjene, kao \u0161to su vrste, svrhe i metode obrade osobnih podataka;<br> 2) Pro\u0161li smo kroz zna\u010dajne promjene u vlasni\u010dkoj i organizacijskoj strukturi, kao \u0161to su promjene vlasni\u0161tva zbog poslovnih prilagodbi, spajanja i akvizicija te ste\u010dajeva;<br> 3) Glavni primatelji dijeljenih, prenesenih ili javno objavljenih osobnih podataka su se promijenili;<br> 4) Do\u0161lo je do zna\u010dajnih promjena u va\u0161im pravima u vezi s obradom va\u0161ih osobnih podataka i na\u010dinom ostvarivanja tih prava;<br> 5) Kada se promijeni odjel odgovoran za rukovanje sigurno\u0161\u0107u osobnih podataka, njegovi kontaktni podaci i kanali za pritu\u017ebe;<br> 6) Kada procjena utjecaja na\u0161e obrade ili sigurnosnih mjera ukazuje na visok rizik za prava i slobode pojedinaca.<\/p><p>Mo\u017eemo zadr\u017eati i u\u010diniti dostupnima prethodne verzije ove Politike privatnosti kao referencu.<\/p><p>7. Grupne tvrtke i povezana dru\u0161tva (ako je primjenjivo)<\/p><p>1) Ova Pravila o privatnosti primjenjuju se na VoxAura GmbH, koja pru\u017ea Usluge.<br> Ako je VoxAura GmbH dio korporativne grupe, mo\u017eemo dijeliti osobne podatke unutar grupe gdje je to dopu\u0161teno va\u017ee\u0107im zakonom i samo ako je to potrebno za interne administrativne svrhe, sigurnost i podr\u0161ku Uslugama.<br> Tamo gdje dijelimo osobne podatke s tvrtkama iz grupe ili povezanim dru\u0161tvima (ako ih ima), ograni\u010davamo dijeljenje na ono \u0161to je potrebno, primjenjujemo odgovaraju\u0107e ugovorne i sigurnosne mjere te zahtijevamo od primatelja da koriste podatke samo u svrhe opisane u ovim Pravilima o privatnosti.<\/p><p>Dijeljenje i obrada podataka<br> Mo\u017eemo dijeliti osobne podatke s tvrtkama iz grupe ili povezanim dru\u0161tvima (ako ih ima) u sljede\u0107im okolnostima, gdje je to dopu\u0161teno va\u017ee\u0107im zakonom i samo ako je to potrebno:<br> Pru\u017eati i podr\u017eavati zajedni\u010dke ili kombinirane usluge i funkcije.<br> Za provo\u0111enje internog izvje\u0161tavanja, analitike i istra\u017eivanja radi pobolj\u0161anja Usluga i pove\u0107anja sigurnosti.<br> Kako bismo se pridr\u017eavali va\u017ee\u0107eg zakona i odgovorili na zakonite zahtjeve i pravne postupke.<\/p><p>Imajte na umu da \u0107e informacije koje dijelimo biti ograni\u010dene na ono \u0161to je potrebno za postizanje gore opisanih svrha. Posve\u0107eni smo za\u0161titi privatnosti korisnika i sigurnosti podataka. <\/p><p>Prije dijeljenja osobnih podataka unutar korporativne grupe (ako je primjenjivo), provodimo odgovaraju\u0107e za\u0161titne mjere, uklju\u010duju\u0107i kontrole pristupa, sigurnosne preglede i, gdje je to primjereno, ugovorne mjere.<\/p><p>8. Kako nas kontaktirati<br> 1. Ako imate pitanja o ovim Pravilima o privatnosti ili o tome kako postupamo s osobnim podacima ili ako \u017eelite ostvariti svoja prava na privatnost, mo\u017eete nas kontaktirati koriste\u0107i dolje navedene podatke:<\/p><p>(1) Kontakt za privatnost (e-po\u0161ta): legal@voxaura.ai<br> \uff082\uff09Adresa: Eschentalweg 5, 77948 Friesenheim, Njema\u010dka (VoxAura GmbH)<br> (3) Neobavezno (preporu\u010deno): Mo\u017eete nas kontaktirati i putem kontakt obrasca na na\u0161oj web stranici.<\/p><p>Cilj nam je odgovoriti na provjerene zahtjeve u razumnom roku i, gdje je to propisano va\u017ee\u0107im zakonom, unutar va\u017ee\u0107ih zakonskih rokova (na primjer, op\u0107enito u roku od 30 dana za odre\u0111ene zahtjeve u EGP-u\/UK-u).<br>Ako se nalazite u Europskom gospodarskom prostoru ili Ujedinjenom Kraljevstvu, imate pravo podnijeti pritu\u017ebu lokalnom nadzornom tijelu za za\u0161titu podataka. Ako se nalazite negdje drugdje, mo\u017eete imati sli\u010dna prava na podno\u0161enje pritu\u017ebe nadle\u017enom tijelu za za\u0161titu privatnosti ili potro\u0161a\u010da te mo\u017eete tra\u017eiti sudsku za\u0161titu u skladu s va\u017ee\u0107im zakonom. <\/p><p>9. Datum stupanja na snagu ove Politike privatnosti<\/p><p>Ova Pravila o privatnosti zadnji su put a\u017eurirana 31. prosinca 2025. i stupaju na snagu 1. sije\u010dnja 2026.<\/p><p>Sjedinjene Ameri\u010dke Dr\u017eave, Kanada i ostale regije (Dodatne obavijesti)<br> Sjedinjene Ameri\u010dke Dr\u017eave: Ako ste stanovnik Sjedinjenih Ameri\u010dkih Dr\u017eava, na vas se mogu primjenjivati \u200b\u200bdodatna prava na privatnost prema odre\u0111enim dr\u017eavnim zakonima. Gdje je primjenjivo, mo\u017eete imati pravo zatra\u017eiti pristup, brisanje ili ispravak osobnih podataka koje imamo o vama te isklju\u010diti se iz odre\u0111ene obrade kao \u0161to su \u201eprodaja\u201c ili \u201edijeljenje\u201c osobnih podataka za ciljano ogla\u0161avanje (kako je definirano primjenjivim zakonom). <br>Sjedinjene Ameri\u010dke Dr\u017eave: Kako podnijeti zahtjev. Zahtjev za privatnost mo\u017eete podnijeti slanjem e-po\u0161te na adresu legal@voxaura.ai. Mo\u017eda \u0107emo morati provjeriti va\u0161 identitet i\/ili va\u0161u ovlast za podno\u0161enje zahtjeva prije nego \u0161to odgovorimo. Odgovorit \u0107emo u roku propisanom va\u017ee\u0107im zakonom.<br> Sjedinjene Ameri\u010dke Dr\u017eave: Ne prodajemo osobne podatke i ne dijelimo ih za me\u0111ukontekstno bihevioralno ogla\u0161avanje.<br> Kanada: Ako se nalazite u Kanadi, mo\u017eete zatra\u017eiti pristup i ispravak svojih osobnih podataka te postaviti pitanja o na\u0161im praksama privatnosti kontaktiranjem nas na legal@voxaura.ai. Odgovorit \u0107emo vam u skladu s va\u017ee\u0107im kanadskim zakonima o privatnosti.<br> Latinska Amerika: Ako se nalazite u zemlji Latinske Amerike, mo\u017eete imati pravo pristupa, ispravljanja ili brisanja svojih osobnih podataka te prigovora na odre\u0111enu obradu ili njezinog ograni\u010davanja, ovisno o lokalnim zakonima. Ta prava mo\u017eete ostvariti kontaktiranjem nas na legal@voxaura.ai.<br> Druge regije: Ako lokalni zakon predvi\u0111a dodatna prava ili zahtijeva dodatne obavijesti, pridr\u017eavat \u0107emo se takvih zahtjeva. Mo\u017eete nas kontaktirati na legal@voxaura.ai kako biste ostvarili primjenjiva prava ili postavili pitanja o ovim Pravilima o privatnosti.      <\/p><p>Na\u0161a kontaktna adresa e-po\u0161te za privatnost prati se u Njema\u010dkoj. Zahtjeve obra\u0111uje VoxAura GmbH, a mo\u017eemo se koordinirati s relevantnim pru\u017eateljima usluga isklju\u010divo ako je to potrebno za ispunjenje va\u0161eg zahtjeva.<br> Me\u0111unarodni transferi (ako je primjenjivo)<br> Ako se osobni podaci prenose u zemlje izvan va\u0161e zemlje prebivali\u0161ta ili im se pristupa iz zemalja izvan nje, primjenjujemo za\u0161titne mjere propisane va\u017ee\u0107im zakonom (na primjer, ugovorne za\u0161tite i odgovaraju\u0107e tehni\u010dke i organizacijske mjere) i ograni\u010davamo pristup na ono \u0161to je potrebno za pru\u017eanje i podr\u0161ku Usluga.<br> Mo\u017eete nas kontaktirati koriste\u0107i gore navedene podatke kako biste zatra\u017eili informacije o za\u0161titnim mjerama koje se primjenjuju na va\u0161u lokaciju. <\/p>\t\t\t\t\t\t\t\t<\/div>\n\t\t\t\t\t<\/div>\n\t\t\t\t<\/div>\n\t\t\t\t<\/div>\n\t\t","protected":false},"excerpt":{"rendered":"<p>Dobrodo\u0161li u Pravila o privatnosti aplikacije VoxAura. VoxAura GmbH (\u201eVoxAura\u201c, \u201emi\u201c, \u201enas\u201c, \u201ena\u0161\u201c) razvija i upravlja aplikacijom VoxAura i povezanim uslugama koje korisnicima omogu\u0107uju upravljanje pametnom rasvjetom i povezanim ure\u0111ajima (\u201eUsluge\u201c). Ova Pravila o privatnosti obja\u0161njavaju koje osobne podatke prikupljamo, kako ih koristimo, koliko dugo ih \u010duvamo, kada ih dijelimo, kako ih \u0161titimo, gdje se<\/p>\n","protected":false},"author":1,"featured_media":0,"parent":0,"menu_order":0,"comment_status":"closed","ping_status":"closed","template":"elementor_theme","meta":{"_acf_changed":false,"solace_meta_sidebar":"","solace_meta_container":"","solace_meta_enable_content_width":"","solace_meta_content_width":0,"solace_meta_title_alignment":"","solace_meta_author_avatar":"","solace_post_elements_order":"","solace_meta_disable_header":"","solace_meta_disable_footer":"","solace_meta_disable_title":"","footnotes":""},"class_list":["post-8804","page","type-page","status-publish","hentry"],"acf":[],"_hostinger_reach_plugin_has_subscription_block":false,"_hostinger_reach_plugin_is_elementor":false,"_links":{"self":[{"href":"https:\/\/voxaura.ai\/hr\/wp-json\/wp\/v2\/pages\/8804","targetHints":{"allow":["GET"]}}],"collection":[{"href":"https:\/\/voxaura.ai\/hr\/wp-json\/wp\/v2\/pages"}],"about":[{"href":"https:\/\/voxaura.ai\/hr\/wp-json\/wp\/v2\/types\/page"}],"author":[{"embeddable":true,"href":"https:\/\/voxaura.ai\/hr\/wp-json\/wp\/v2\/users\/1"}],"replies":[{"embeddable":true,"href":"https:\/\/voxaura.ai\/hr\/wp-json\/wp\/v2\/comments?post=8804"}],"version-history":[{"count":2,"href":"https:\/\/voxaura.ai\/hr\/wp-json\/wp\/v2\/pages\/8804\/revisions"}],"predecessor-version":[{"id":8806,"href":"https:\/\/voxaura.ai\/hr\/wp-json\/wp\/v2\/pages\/8804\/revisions\/8806"}],"wp:attachment":[{"href":"https:\/\/voxaura.ai\/hr\/wp-json\/wp\/v2\/media?parent=8804"}],"curies":[{"name":"wp","href":"https:\/\/api.w.org\/{rel}","templated":true}]}}