{"id":10817,"date":"2026-03-11T03:03:50","date_gmt":"2026-03-11T03:03:50","guid":{"rendered":"https:\/\/voxaura.ai\/dogadaji\/"},"modified":"2026-04-13T02:29:09","modified_gmt":"2026-04-13T02:29:09","slug":"dogadaji","status":"publish","type":"page","link":"https:\/\/voxaura.ai\/hr\/dogadaji\/","title":{"rendered":"Doga\u0111aji"},"content":{"rendered":"\t\t<div data-elementor-type=\"wp-page\" data-elementor-id=\"10817\" class=\"elementor elementor-10817 elementor-8885\" data-elementor-post-type=\"page\">\n\t\t\t\t<div class=\"elementor-element elementor-element-94eaa81 e-flex e-con-boxed wpr-particle-no wpr-jarallax-no wpr-parallax-no wpr-sticky-section-no wpr-equal-height-no e-con e-parent\" data-id=\"94eaa81\" data-element_type=\"container\" data-e-type=\"container\">\n\t\t\t\t\t<div class=\"e-con-inner\">\n\t\t\t\t<div class=\"elementor-element elementor-element-e38f335 elementor-widget elementor-widget-heading\" data-id=\"e38f335\" data-element_type=\"widget\" data-e-type=\"widget\" data-widget_type=\"heading.default\">\n\t\t\t\t\t<h2 class=\"elementor-heading-title elementor-size-default\">NA\u0160I DOGA\u0110AJI<\/h2>\t\t\t\t<\/div>\n\t\t\t\t<div class=\"elementor-element elementor-element-715c94c elementor-widget elementor-widget-text-editor\" data-id=\"715c94c\" data-element_type=\"widget\" data-e-type=\"widget\" data-widget_type=\"text-editor.default\">\n\t\t\t\t\t\t\t\t\t<p>Saznajte vi\u0161e o pro\u0161lim i nadolaze\u0107im VoxAura doga\u0111ajima.<\/p>\t\t\t\t\t\t\t\t<\/div>\n\t\t\t\t\t<\/div>\n\t\t\t\t<\/div>\n\t\t<div class=\"elementor-element elementor-element-434c871 e-flex e-con-boxed wpr-particle-no wpr-jarallax-no wpr-parallax-no wpr-sticky-section-no wpr-equal-height-no e-con e-parent\" data-id=\"434c871\" data-element_type=\"container\" data-e-type=\"container\">\n\t\t\t\t\t<div class=\"e-con-inner\">\n\t\t<div class=\"elementor-element elementor-element-c27d7b0 e-con-full e-flex wpr-particle-no wpr-jarallax-no wpr-parallax-no wpr-sticky-section-no wpr-equal-height-no e-con e-child\" data-id=\"c27d7b0\" data-element_type=\"container\" data-e-type=\"container\" data-settings=\"{&quot;background_background&quot;:&quot;classic&quot;}\">\n\t\t\t\t<div class=\"elementor-element elementor-element-677acbd elementor-widget elementor-widget-heading\" data-id=\"677acbd\" data-element_type=\"widget\" data-e-type=\"widget\" data-widget_type=\"heading.default\">\n\t\t\t\t\t<h2 class=\"elementor-heading-title elementor-size-default\">INTERZUM 2025<\/h2>\t\t\t\t<\/div>\n\t\t\t\t<div class=\"elementor-element elementor-element-43328c0 elementor-widget elementor-widget-text-editor\" data-id=\"43328c0\" data-element_type=\"widget\" data-e-type=\"widget\" data-widget_type=\"text-editor.default\">\n\t\t\t\t\t\t\t\t\t<p>Prvi sajam i predstavljanje inovacija tvrtke VoxAura.<\/p>\t\t\t\t\t\t\t\t<\/div>\n\t\t\t\t<div class=\"elementor-element elementor-element-2c907e6 elementor-widget elementor-widget-text-editor\" data-id=\"2c907e6\" data-element_type=\"widget\" data-e-type=\"widget\" data-widget_type=\"text-editor.default\">\n\t\t\t\t\t\t\t\t\t<p>HVALA SVIMA KOJI SU NAM SE PRIDRU\u017dILI!<\/p>\t\t\t\t\t\t\t\t<\/div>\n\t\t\t\t<div class=\"elementor-element elementor-element-7b34b24 elementor-widget elementor-widget-button\" data-id=\"7b34b24\" data-element_type=\"widget\" data-e-type=\"widget\" data-widget_type=\"button.default\">\n\t\t\t\t\t\t\t\t\t\t<a class=\"elementor-button elementor-button-link elementor-size-sm\" href=\"https:\/\/voxaura.ai\/hr\/interzum-2025\/\">\n\t\t\t\t\t\t<span class=\"elementor-button-content-wrapper\">\n\t\t\t\t\t\t\t\t\t<span class=\"elementor-button-text\">pro\u010ditaj vi\u0161e<\/span>\n\t\t\t\t\t<\/span>\n\t\t\t\t\t<\/a>\n\t\t\t\t\t\t\t\t<\/div>\n\t\t\t\t<\/div>\n\t\t<div class=\"elementor-element elementor-element-a958ed7 e-con-full e-flex wpr-particle-no wpr-jarallax-no wpr-parallax-no wpr-sticky-section-no wpr-equal-height-no e-con e-child\" data-id=\"a958ed7\" data-element_type=\"container\" data-e-type=\"container\" data-settings=\"{&quot;background_background&quot;:&quot;slideshow&quot;,&quot;background_slideshow_gallery&quot;:[{&quot;id&quot;:10818,&quot;url&quot;:&quot;https:\\\/\\\/voxaura.ai\\\/wp-content\\\/uploads\\\/2026\\\/03\\\/WhatsApp-Image-2025-05-20-at-08.40.333-scaled-e1773198339738.jpeg&quot;}],&quot;background_slideshow_loop&quot;:&quot;yes&quot;,&quot;background_slideshow_slide_duration&quot;:5000,&quot;background_slideshow_slide_transition&quot;:&quot;fade&quot;,&quot;background_slideshow_transition_duration&quot;:500}\">\n\t\t\t\t<\/div>\n\t\t\t\t\t<\/div>\n\t\t\t\t<\/div>\n\t\t\t\t<\/div>\n\t\t","protected":false},"excerpt":{"rendered":"<p>NA\u0160I DOGA\u0110AJI Saznajte vi\u0161e o pro\u0161lim i nadolaze\u0107im VoxAura doga\u0111ajima. INTERZUM 2025 Prvi sajam i predstavljanje inovacija tvrtke VoxAura. HVALA SVIMA KOJI SU NAM SE PRIDRU\u017dILI! pro\u010ditaj vi\u0161e<\/p>\n","protected":false},"author":1,"featured_media":0,"parent":0,"menu_order":0,"comment_status":"closed","ping_status":"closed","template":"elementor_theme","meta":{"_acf_changed":false,"solace_meta_sidebar":"","solace_meta_container":"","solace_meta_enable_content_width":"","solace_meta_content_width":0,"solace_meta_title_alignment":"","solace_meta_author_avatar":"","solace_post_elements_order":"","solace_meta_disable_header":"","solace_meta_disable_footer":"","solace_meta_disable_title":"","footnotes":""},"class_list":["post-10817","page","type-page","status-publish","hentry"],"acf":[],"_hostinger_reach_plugin_has_subscription_block":false,"_hostinger_reach_plugin_is_elementor":false,"_links":{"self":[{"href":"https:\/\/voxaura.ai\/hr\/wp-json\/wp\/v2\/pages\/10817","targetHints":{"allow":["GET"]}}],"collection":[{"href":"https:\/\/voxaura.ai\/hr\/wp-json\/wp\/v2\/pages"}],"about":[{"href":"https:\/\/voxaura.ai\/hr\/wp-json\/wp\/v2\/types\/page"}],"author":[{"embeddable":true,"href":"https:\/\/voxaura.ai\/hr\/wp-json\/wp\/v2\/users\/1"}],"replies":[{"embeddable":true,"href":"https:\/\/voxaura.ai\/hr\/wp-json\/wp\/v2\/comments?post=10817"}],"version-history":[{"count":1,"href":"https:\/\/voxaura.ai\/hr\/wp-json\/wp\/v2\/pages\/10817\/revisions"}],"predecessor-version":[{"id":10819,"href":"https:\/\/voxaura.ai\/hr\/wp-json\/wp\/v2\/pages\/10817\/revisions\/10819"}],"wp:attachment":[{"href":"https:\/\/voxaura.ai\/hr\/wp-json\/wp\/v2\/media?parent=10817"}],"curies":[{"name":"wp","href":"https:\/\/api.w.org\/{rel}","templated":true}]}}