{"id":13200,"date":"2025-11-18T08:59:49","date_gmt":"2025-11-18T08:59:49","guid":{"rendered":"https:\/\/voxaura.ai\/ueber-licht\/echte-farbexzellenz\/"},"modified":"2026-04-20T07:13:42","modified_gmt":"2026-04-20T07:13:42","slug":"echte-farbexzellenz","status":"publish","type":"page","link":"https:\/\/voxaura.ai\/de\/ueber-licht\/echte-farbexzellenz\/","title":{"rendered":"Echte Farbexzellenz"},"content":{"rendered":"\t\t<div data-elementor-type=\"wp-page\" data-elementor-id=\"13200\" class=\"elementor elementor-13200 elementor-378\" data-elementor-post-type=\"page\">\n\t\t\t\t<div class=\"elementor-element elementor-element-48084e22 e-con-full e-flex wpr-particle-no wpr-jarallax-no wpr-parallax-no wpr-sticky-section-no wpr-equal-height-no e-con e-parent\" data-id=\"48084e22\" data-element_type=\"container\" data-e-type=\"container\">\n\t\t\t\t<div class=\"elementor-element elementor-element-10765d elementor-icon-list--layout-inline elementor-align-center elementor-widget__width-auto elementor-hidden-mobile elementor-list-item-link-full_width elementor-widget elementor-widget-icon-list\" data-id=\"10765d\" data-element_type=\"widget\" data-e-type=\"widget\" data-widget_type=\"icon-list.default\">\n\t\t\t\t\t\t\t<ul class=\"elementor-icon-list-items elementor-inline-items\">\n\t\t\t\t\t\t\t<li class=\"elementor-icon-list-item elementor-inline-item\">\n\t\t\t\t\t\t\t\t\t\t\t<a href=\"https:\/\/voxaura.ai\/home\/\" voxaura=\"\">\n\n\t\t\t\t\t\t\t\t\t\t\t<span class=\"elementor-icon-list-text\">VoxAura \uff1e<\/span>\n\t\t\t\t\t\t\t\t\t\t\t<\/a>\n\t\t\t\t\t\t\t\t\t<\/li>\n\t\t\t\t\t\t\t\t<li class=\"elementor-icon-list-item elementor-inline-item\">\n\t\t\t\t\t\t\t\t\t\t\t<a href=\"https:\/\/voxaura.ai\/about-light\/\">\n\n\t\t\t\t\t\t\t\t\t\t\t<span class=\"elementor-icon-list-text\">\u00dcber Licht \uff1e<\/span>\n\t\t\t\t\t\t\t\t\t\t\t<\/a>\n\t\t\t\t\t\t\t\t\t<\/li>\n\t\t\t\t\t\t\t\t<li class=\"elementor-icon-list-item elementor-inline-item\">\n\t\t\t\t\t\t\t\t\t\t<span class=\"elementor-icon-list-text\">Echte Farbexzellenz<\/span>\n\t\t\t\t\t\t\t\t\t<\/li>\n\t\t\t\t\t\t<\/ul>\n\t\t\t\t\t\t<\/div>\n\t\t<div class=\"elementor-element elementor-element-40eecd38 e-con-full e-flex wpr-particle-no wpr-jarallax-no wpr-parallax-no wpr-sticky-section-no wpr-equal-height-no e-con e-child\" data-id=\"40eecd38\" data-element_type=\"container\" data-e-type=\"container\" data-settings=\"{&quot;background_background&quot;:&quot;slideshow&quot;,&quot;background_slideshow_gallery&quot;:[{&quot;id&quot;:13201,&quot;url&quot;:&quot;https:\\\/\\\/voxaura.ai\\\/wp-content\\\/uploads\\\/2026\\\/03\\\/voxaura-cri-banner.jpg&quot;}],&quot;background_slideshow_slide_duration&quot;:5000,&quot;background_slideshow_slide_transition&quot;:&quot;fade&quot;,&quot;background_slideshow_transition_duration&quot;:500}\">\n\t\t\t\t<div class=\"elementor-element elementor-element-76e0172b elementor-widget elementor-widget-text-editor\" data-id=\"76e0172b\" data-element_type=\"widget\" data-e-type=\"widget\" data-widget_type=\"text-editor.default\">\n\t\t\t\t\t\t\t\t\t<p>FARBECHTE EXZELLENZ<\/p>\t\t\t\t\t\t\t\t<\/div>\n\t\t\t\t<div class=\"elementor-element elementor-element-6498239c elementor-widget elementor-widget-text-editor\" data-id=\"6498239c\" data-element_type=\"widget\" data-e-type=\"widget\" data-widget_type=\"text-editor.default\">\n\t\t\t\t\t\t\t\t\t<p>Sehen Sie die Welt in ihrer reinsten Form.<\/p>\t\t\t\t\t\t\t\t<\/div>\n\t\t\t\t<\/div>\n\t\t\t\t<\/div>\n\t\t<div class=\"elementor-element elementor-element-5ea2c348 e-con-full e-flex wpr-particle-no wpr-jarallax-no wpr-parallax-no wpr-sticky-section-no wpr-equal-height-no e-con e-parent\" data-id=\"5ea2c348\" data-element_type=\"container\" data-e-type=\"container\">\n\t\t<div class=\"elementor-element elementor-element-5f7288e8 e-con-full e-flex wpr-particle-no wpr-jarallax-no wpr-parallax-no wpr-sticky-section-no wpr-equal-height-no e-con e-child\" data-id=\"5f7288e8\" data-element_type=\"container\" data-e-type=\"container\">\n\t\t\t\t<div class=\"elementor-element elementor-element-53561c95 elementor-widget elementor-widget-heading\" data-id=\"53561c95\" data-element_type=\"widget\" data-e-type=\"widget\" data-widget_type=\"heading.default\">\n\t\t\t\t\t<h2 class=\"elementor-heading-title elementor-size-default\">WAS IST CRI UND WARUM IST ES WICHTIG?  <\/h2>\t\t\t\t<\/div>\n\t\t\t\t<div class=\"elementor-element elementor-element-8922304 elementor-widget elementor-widget-text-editor\" data-id=\"8922304\" data-element_type=\"widget\" data-e-type=\"widget\" data-widget_type=\"text-editor.default\">\n\t\t\t\t\t\t\t\t\t<p>Der Farbwiedergabeindex (CRI) misst, wie genau eine Lichtquelle die wahren Farben von Objekten im Vergleich zum nat\u00fcrlichen Tageslicht wiedergibt. Auf einer Skala von 0 bis 100 bedeuten h\u00f6here CRI-Werte lebendigere und realistischere Farben. W\u00e4hrend Standard-LED-Beleuchtung oft einen CRI von 80-85 hat, sorgen die CRI97-Raumbeleuchtung und die CRI93-M\u00f6belbeleuchtung von VoxAura f\u00fcr eine unvergleichliche Farbtreue, die jeden Raum nat\u00fcrlicher und einladender wirken l\u00e4sst.  <\/p><h6>Mit VoxAura erscheint jedes Detail in Ihrem Zuhause genau so, wie es sein sollte &#8211; lebendig, dynamisch und voller Leben.<\/h6>\t\t\t\t\t\t\t\t<\/div>\n\t\t\t\t<\/div>\n\t\t<div class=\"elementor-element elementor-element-19000b3b e-con-full e-flex wpr-particle-no wpr-jarallax-no wpr-parallax-no wpr-sticky-section-no wpr-equal-height-no e-con e-child\" data-id=\"19000b3b\" data-element_type=\"container\" data-e-type=\"container\">\n\t\t\t\t<div class=\"elementor-element elementor-element-50b988d elementor-widget elementor-widget-image\" data-id=\"50b988d\" data-element_type=\"widget\" data-e-type=\"widget\" data-widget_type=\"image.default\">\n\t\t\t\t\t\t\t\t\t\t\t\t\t\t\t<img fetchpriority=\"high\" decoding=\"async\" width=\"2560\" height=\"1707\" src=\"https:\/\/voxaura.ai\/wp-content\/uploads\/2026\/03\/voxaura-cri-difference-example-scaled.jpg\" class=\"attachment-full size-full wp-image-13202\" alt=\"\" srcset=\"https:\/\/voxaura.ai\/wp-content\/uploads\/2026\/03\/voxaura-cri-difference-example-scaled.jpg 2560w, https:\/\/voxaura.ai\/wp-content\/uploads\/2026\/03\/voxaura-cri-difference-example-300x200.jpg 300w, https:\/\/voxaura.ai\/wp-content\/uploads\/2026\/03\/voxaura-cri-difference-example-1024x683.jpg 1024w, https:\/\/voxaura.ai\/wp-content\/uploads\/2026\/03\/voxaura-cri-difference-example-768x512.jpg 768w, https:\/\/voxaura.ai\/wp-content\/uploads\/2026\/03\/voxaura-cri-difference-example-1536x1024.jpg 1536w, https:\/\/voxaura.ai\/wp-content\/uploads\/2026\/03\/voxaura-cri-difference-example-2048x1365.jpg 2048w, https:\/\/voxaura.ai\/wp-content\/uploads\/2026\/03\/voxaura-cri-difference-example-930x620.jpg 930w, https:\/\/voxaura.ai\/wp-content\/uploads\/2026\/03\/voxaura-cri-difference-example-600x400.jpg 600w, https:\/\/voxaura.ai\/wp-content\/uploads\/2026\/03\/voxaura-cri-difference-example-64x43.jpg 64w\" sizes=\"(max-width: 2560px) 100vw, 2560px\" \/>\t\t\t\t\t\t\t\t\t\t\t\t\t\t\t<\/div>\n\t\t\t\t<\/div>\n\t\t\t\t<\/div>\n\t\t<div class=\"elementor-element elementor-element-4215ee0b e-grid e-con-full wpr-particle-no wpr-jarallax-no wpr-parallax-no wpr-sticky-section-no wpr-equal-height-no e-con e-parent\" data-id=\"4215ee0b\" data-element_type=\"container\" data-e-type=\"container\">\n\t\t<div class=\"elementor-element elementor-element-35ee0ce1 e-flex e-con-boxed wpr-particle-no wpr-jarallax-no wpr-parallax-no wpr-sticky-section-no wpr-equal-height-no e-con e-child\" data-id=\"35ee0ce1\" data-element_type=\"container\" data-e-type=\"container\">\n\t\t\t\t\t<div class=\"e-con-inner\">\n\t\t<div class=\"elementor-element elementor-element-6f2bf56 e-con-full e-flex wpr-particle-no wpr-jarallax-no wpr-parallax-no wpr-sticky-section-no wpr-equal-height-no e-con e-child\" data-id=\"6f2bf56\" data-element_type=\"container\" data-e-type=\"container\">\n\t\t\t\t<div class=\"elementor-element elementor-element-2305545b elementor-widget__width-inherit elementor-widget elementor-widget-heading\" data-id=\"2305545b\" data-element_type=\"widget\" data-e-type=\"widget\" data-widget_type=\"heading.default\">\n\t\t\t\t\t<h2 class=\"elementor-heading-title elementor-size-default\">BUNTERE GERICHTE, REICHERE TEXTUREN<\/h2>\t\t\t\t<\/div>\n\t\t\t\t<div class=\"elementor-element elementor-element-4e5fa475 elementor-widget elementor-widget-text-editor\" data-id=\"4e5fa475\" data-element_type=\"widget\" data-e-type=\"widget\" data-widget_type=\"text-editor.default\">\n\t\t\t\t\t\t\t\t\t<p>Ist Ihnen schon einmal aufgefallen, dass Gerichte im Restaurant oft ansprechender aussehen als zu Hause? Das liegt daran, dass eine hohe CRI-Beleuchtung die Pr\u00e4sentation der Speisen verbessert.<br>Mit der CRI97-Raumbeleuchtung von VoxAura erscheinen Fr\u00fcchte saftiger, Gr\u00fcnzeug sieht frischer aus und jedes Gericht ist optisch ein Augenschmaus. <\/p>\t\t\t\t\t\t\t\t<\/div>\n\t\t\t\t<\/div>\n\t\t<div class=\"elementor-element elementor-element-d1ec8dd e-con-full e-flex wpr-particle-no wpr-jarallax-no wpr-parallax-no wpr-sticky-section-no wpr-equal-height-no e-con e-child\" data-id=\"d1ec8dd\" data-element_type=\"container\" data-e-type=\"container\">\n\t\t<div class=\"elementor-element elementor-element-070aaa9 e-flex e-con-boxed wpr-particle-no wpr-jarallax-no wpr-parallax-no wpr-sticky-section-no wpr-equal-height-no e-con e-child\" data-id=\"070aaa9\" data-element_type=\"container\" data-e-type=\"container\" data-settings=\"{&quot;background_background&quot;:&quot;slideshow&quot;,&quot;background_slideshow_gallery&quot;:[{&quot;id&quot;:13203,&quot;url&quot;:&quot;https:\\\/\\\/voxaura.ai\\\/wp-content\\\/uploads\\\/2026\\\/03\\\/voxaura-food-experience-with-light-scaled.jpg&quot;},{&quot;id&quot;:13204,&quot;url&quot;:&quot;https:\\\/\\\/voxaura.ai\\\/wp-content\\\/uploads\\\/2026\\\/03\\\/voxaura-make-up-experience-with-light-scaled.jpg&quot;},{&quot;id&quot;:13205,&quot;url&quot;:&quot;https:\\\/\\\/voxaura.ai\\\/wp-content\\\/uploads\\\/2026\\\/03\\\/voxaura-wardrobe-experience-with-light-scaled.jpg&quot;}],&quot;background_slideshow_slide_duration&quot;:5000,&quot;background_slideshow_slide_transition&quot;:&quot;fade&quot;,&quot;background_slideshow_transition_duration&quot;:500}\">\n\t\t\t\t\t<div class=\"e-con-inner\">\n\t\t\t\t\t<\/div>\n\t\t\t\t<\/div>\n\t\t<div class=\"elementor-element elementor-element-001608e e-con-full e-flex wpr-particle-no wpr-jarallax-no wpr-parallax-no wpr-sticky-section-no wpr-equal-height-no e-con e-child\" data-id=\"001608e\" data-element_type=\"container\" data-e-type=\"container\">\n\t\t\t\t<div class=\"elementor-element elementor-element-16f1723 elementor-widget elementor-widget-text-editor\" data-id=\"16f1723\" data-element_type=\"widget\" data-e-type=\"widget\" data-widget_type=\"text-editor.default\">\n\t\t\t\t\t\t\t\t\t<p>Mit VoxAura wird Ihr Essenserlebnis aufgewertet, denn jede Mahlzeit sieht so k\u00f6stlich aus, wie sie schmeckt.<\/p>\t\t\t\t\t\t\t\t<\/div>\n\t\t\t\t<\/div>\n\t\t\t\t<\/div>\n\t\t\t\t\t<\/div>\n\t\t\t\t<\/div>\n\t\t<div class=\"elementor-element elementor-element-b3074e0 e-flex e-con-boxed wpr-particle-no wpr-jarallax-no wpr-parallax-no wpr-sticky-section-no wpr-equal-height-no e-con e-child\" data-id=\"b3074e0\" data-element_type=\"container\" data-e-type=\"container\">\n\t\t\t\t\t<div class=\"e-con-inner\">\n\t\t<div class=\"elementor-element elementor-element-3fd5f791 e-con-full e-flex wpr-particle-no wpr-jarallax-no wpr-parallax-no wpr-sticky-section-no wpr-equal-height-no e-con e-child\" data-id=\"3fd5f791\" data-element_type=\"container\" data-e-type=\"container\">\n\t\t\t\t<div class=\"elementor-element elementor-element-62b62a74 elementor-widget__width-inherit elementor-widget elementor-widget-heading\" data-id=\"62b62a74\" data-element_type=\"widget\" data-e-type=\"widget\" data-widget_type=\"heading.default\">\n\t\t\t\t\t<h2 class=\"elementor-heading-title elementor-size-default\">DAS GEHEIMNIS DES PERFEKTEN MAKE-UPS<\/h2>\t\t\t\t<\/div>\n\t\t\t\t<div class=\"elementor-element elementor-element-71fb3e96 elementor-widget elementor-widget-text-editor\" data-id=\"71fb3e96\" data-element_type=\"widget\" data-e-type=\"widget\" data-widget_type=\"text-editor.default\">\n\t\t\t\t\t\t\t\t\t<p>Visagisten verwenden eine Beleuchtung mit hohem CRI, um sicherzustellen, dass Grundierung, Rouge und Lidschatten unter nat\u00fcrlichen Tageslichtbedingungen perfekt zusammenpassen. Mit der VoxAura-Beleuchtung mit hohem CRI in Ihrem Badezimmer oder Waschtisch erhalten Sie immer eine genaue Farbreflexion, die unpassende Schattierungen oder verwaschene T\u00f6ne verhindert. <\/p>\t\t\t\t\t\t\t\t<\/div>\n\t\t\t\t<\/div>\n\t\t<div class=\"elementor-element elementor-element-e0f607f e-con-full e-flex wpr-particle-no wpr-jarallax-no wpr-parallax-no wpr-sticky-section-no wpr-equal-height-no e-con e-child\" data-id=\"e0f607f\" data-element_type=\"container\" data-e-type=\"container\">\n\t\t<div class=\"elementor-element elementor-element-8d7af4f e-con-full e-flex wpr-particle-no wpr-jarallax-no wpr-parallax-no wpr-sticky-section-no wpr-equal-height-no e-con e-child\" data-id=\"8d7af4f\" data-element_type=\"container\" data-e-type=\"container\" data-settings=\"{&quot;background_background&quot;:&quot;slideshow&quot;,&quot;background_slideshow_gallery&quot;:[{&quot;id&quot;:13204,&quot;url&quot;:&quot;https:\\\/\\\/voxaura.ai\\\/wp-content\\\/uploads\\\/2026\\\/03\\\/voxaura-make-up-experience-with-light-scaled.jpg&quot;}],&quot;background_slideshow_slide_duration&quot;:5000,&quot;background_slideshow_slide_transition&quot;:&quot;fade&quot;,&quot;background_slideshow_transition_duration&quot;:500}\">\n\t\t\t\t<\/div>\n\t\t<div class=\"elementor-element elementor-element-e2cdc4c e-con-full e-flex wpr-particle-no wpr-jarallax-no wpr-parallax-no wpr-sticky-section-no wpr-equal-height-no e-con e-child\" data-id=\"e2cdc4c\" data-element_type=\"container\" data-e-type=\"container\">\n\t\t\t\t<div class=\"elementor-element elementor-element-c1dd3d3 elementor-widget elementor-widget-text-editor\" data-id=\"c1dd3d3\" data-element_type=\"widget\" data-e-type=\"widget\" data-widget_type=\"text-editor.default\">\n\t\t\t\t\t\t\t\t\t<p>Mit VoxAura wird Ihre Sch\u00f6nheitsroutine mit Pr\u00e4zision ausgeleuchtet, damit Sie bei jedem Licht makellos aussehen.<\/p>\t\t\t\t\t\t\t\t<\/div>\n\t\t\t\t<\/div>\n\t\t\t\t<\/div>\n\t\t\t\t\t<\/div>\n\t\t\t\t<\/div>\n\t\t<div class=\"elementor-element elementor-element-7de7f81d e-flex e-con-boxed wpr-particle-no wpr-jarallax-no wpr-parallax-no wpr-sticky-section-no wpr-equal-height-no e-con e-child\" data-id=\"7de7f81d\" data-element_type=\"container\" data-e-type=\"container\">\n\t\t\t\t\t<div class=\"e-con-inner\">\n\t\t<div class=\"elementor-element elementor-element-7f60bb1a e-con-full e-flex wpr-particle-no wpr-jarallax-no wpr-parallax-no wpr-sticky-section-no wpr-equal-height-no e-con e-child\" data-id=\"7f60bb1a\" data-element_type=\"container\" data-e-type=\"container\">\n\t\t\t\t<div class=\"elementor-element elementor-element-6de78ad0 elementor-widget__width-inherit elementor-widget elementor-widget-heading\" data-id=\"6de78ad0\" data-element_type=\"widget\" data-e-type=\"widget\" data-widget_type=\"heading.default\">\n\t\t\t\t\t<h2 class=\"elementor-heading-title elementor-size-default\">DER PERFEKTE BEGLEITER IM KLEIDERSCHRANK<\/h2>\t\t\t\t<\/div>\n\t\t\t\t<div class=\"elementor-element elementor-element-61bec390 elementor-widget elementor-widget-text-editor\" data-id=\"61bec390\" data-element_type=\"widget\" data-e-type=\"widget\" data-widget_type=\"text-editor.default\">\n\t\t\t\t\t\t\t\t\t<p>Kleidungsst\u00fccke k\u00f6nnen im Gesch\u00e4ft anders aussehen als zu Hause. Haben Sie schon einmal ein schwarzes Hemd gekauft, das sich als marineblau herausstellte?   <br>Mit der CRI97-Beleuchtung in Ihrem Ankleidebereich sehen Sie die Farben immer genau so, wie sie sind, und erleben keine \u00dcberraschungen, wenn Sie nach drau\u00dfen gehen.<\/p>\t\t\t\t\t\t\t\t<\/div>\n\t\t\t\t<\/div>\n\t\t<div class=\"elementor-element elementor-element-5efe124 e-con-full e-flex wpr-particle-no wpr-jarallax-no wpr-parallax-no wpr-sticky-section-no wpr-equal-height-no e-con e-child\" data-id=\"5efe124\" data-element_type=\"container\" data-e-type=\"container\">\n\t\t<div class=\"elementor-element elementor-element-853c9a3 e-con-full e-flex wpr-particle-no wpr-jarallax-no wpr-parallax-no wpr-sticky-section-no wpr-equal-height-no e-con e-child\" data-id=\"853c9a3\" data-element_type=\"container\" data-e-type=\"container\" data-settings=\"{&quot;background_background&quot;:&quot;slideshow&quot;,&quot;background_slideshow_gallery&quot;:[{&quot;id&quot;:13205,&quot;url&quot;:&quot;https:\\\/\\\/voxaura.ai\\\/wp-content\\\/uploads\\\/2026\\\/03\\\/voxaura-wardrobe-experience-with-light-scaled.jpg&quot;}],&quot;background_slideshow_slide_duration&quot;:5000,&quot;background_slideshow_slide_transition&quot;:&quot;fade&quot;,&quot;background_slideshow_transition_duration&quot;:500}\">\n\t\t\t\t<\/div>\n\t\t<div class=\"elementor-element elementor-element-e8ec4ac e-con-full e-flex wpr-particle-no wpr-jarallax-no wpr-parallax-no wpr-sticky-section-no wpr-equal-height-no e-con e-child\" data-id=\"e8ec4ac\" data-element_type=\"container\" data-e-type=\"container\">\n\t\t\t\t<div class=\"elementor-element elementor-element-87924d2 elementor-widget elementor-widget-text-editor\" data-id=\"87924d2\" data-element_type=\"widget\" data-e-type=\"widget\" data-widget_type=\"text-editor.default\">\n\t\t\t\t\t\t\t\t\t<p>Mit VoxAura ist Ihre Garderobe immer im perfekten Licht, damit Sie sich jeden Tag selbstbewusst kleiden k\u00f6nnen.<\/p>\t\t\t\t\t\t\t\t<\/div>\n\t\t\t\t<\/div>\n\t\t\t\t<\/div>\n\t\t\t\t\t<\/div>\n\t\t\t\t<\/div>\n\t\t\t\t<\/div>\n\t\t\t\t<\/div>\n\t\t","protected":false},"excerpt":{"rendered":"<p>VoxAura \uff1e \u00dcber Licht \uff1e Echte Farbexzellenz FARBECHTE EXZELLENZ Sehen Sie die Welt in ihrer reinsten Form. WAS IST CRI UND WARUM IST ES WICHTIG? Der Farbwiedergabeindex (CRI) misst, wie genau eine Lichtquelle die wahren Farben von Objekten im Vergleich zum nat\u00fcrlichen Tageslicht wiedergibt. Auf einer Skala von 0 bis 100 bedeuten h\u00f6here CRI-Werte lebendigere<\/p>\n","protected":false},"author":1,"featured_media":0,"parent":13131,"menu_order":1,"comment_status":"closed","ping_status":"closed","template":"elementor_theme","meta":{"_acf_changed":false,"solace_meta_sidebar":"","solace_meta_container":"","solace_meta_enable_content_width":"","solace_meta_content_width":0,"solace_meta_title_alignment":"","solace_meta_author_avatar":"","solace_post_elements_order":"","solace_meta_disable_header":"","solace_meta_disable_footer":"","solace_meta_disable_title":"","footnotes":""},"class_list":["post-13200","page","type-page","status-publish","hentry"],"acf":[],"_hostinger_reach_plugin_has_subscription_block":false,"_hostinger_reach_plugin_is_elementor":false,"_links":{"self":[{"href":"https:\/\/voxaura.ai\/de\/wp-json\/wp\/v2\/pages\/13200","targetHints":{"allow":["GET"]}}],"collection":[{"href":"https:\/\/voxaura.ai\/de\/wp-json\/wp\/v2\/pages"}],"about":[{"href":"https:\/\/voxaura.ai\/de\/wp-json\/wp\/v2\/types\/page"}],"author":[{"embeddable":true,"href":"https:\/\/voxaura.ai\/de\/wp-json\/wp\/v2\/users\/1"}],"replies":[{"embeddable":true,"href":"https:\/\/voxaura.ai\/de\/wp-json\/wp\/v2\/comments?post=13200"}],"version-history":[{"count":1,"href":"https:\/\/voxaura.ai\/de\/wp-json\/wp\/v2\/pages\/13200\/revisions"}],"predecessor-version":[{"id":13206,"href":"https:\/\/voxaura.ai\/de\/wp-json\/wp\/v2\/pages\/13200\/revisions\/13206"}],"up":[{"embeddable":true,"href":"https:\/\/voxaura.ai\/de\/wp-json\/wp\/v2\/pages\/13131"}],"wp:attachment":[{"href":"https:\/\/voxaura.ai\/de\/wp-json\/wp\/v2\/media?parent=13200"}],"curies":[{"name":"wp","href":"https:\/\/api.w.org\/{rel}","templated":true}]}}