{"id":13189,"date":"2025-11-20T04:26:15","date_gmt":"2025-11-20T04:26:15","guid":{"rendered":"https:\/\/voxaura.ai\/referenzen\/inspiration\/"},"modified":"2026-04-20T07:13:35","modified_gmt":"2026-04-20T07:13:35","slug":"inspiration","status":"publish","type":"page","link":"https:\/\/voxaura.ai\/de\/referenzen\/inspiration\/","title":{"rendered":"Inspiration"},"content":{"rendered":"\t\t<div data-elementor-type=\"wp-page\" data-elementor-id=\"13189\" class=\"elementor elementor-13189 elementor-722\" data-elementor-post-type=\"page\">\n\t\t\t\t<div class=\"elementor-element elementor-element-ce9d231 e-con-full e-flex wpr-particle-no wpr-jarallax-no wpr-parallax-no wpr-sticky-section-no wpr-equal-height-no e-con e-parent\" data-id=\"ce9d231\" data-element_type=\"container\" data-e-type=\"container\">\n\t\t\t\t<div class=\"elementor-element elementor-element-5ace9eb elementor-icon-list--layout-inline elementor-align-center elementor-widget__width-auto elementor-hidden-mobile elementor-list-item-link-full_width elementor-widget elementor-widget-icon-list\" data-id=\"5ace9eb\" data-element_type=\"widget\" data-e-type=\"widget\" data-widget_type=\"icon-list.default\">\n\t\t\t\t\t\t\t<ul class=\"elementor-icon-list-items elementor-inline-items\">\n\t\t\t\t\t\t\t<li class=\"elementor-icon-list-item elementor-inline-item\">\n\t\t\t\t\t\t\t\t\t\t\t<a href=\"https:\/\/voxaura.ai\/home\/\" target=\"_blank\" voxaura=\"\">\n\n\t\t\t\t\t\t\t\t\t\t\t<span class=\"elementor-icon-list-text\">VoxAura<\/span>\n\t\t\t\t\t\t\t\t\t\t\t<\/a>\n\t\t\t\t\t\t\t\t\t<\/li>\n\t\t\t\t\t\t\t\t<li class=\"elementor-icon-list-item elementor-inline-item\">\n\t\t\t\t\t\t\t\t\t\t\t<a href=\"https:\/\/voxaura.ai\/references\/\">\n\n\t\t\t\t\t\t\t\t\t\t\t\t<span class=\"elementor-icon-list-icon\">\n\t\t\t\t\t\t\t<svg aria-hidden=\"true\" class=\"e-font-icon-svg e-fas-angle-right\" viewBox=\"0 0 256 512\" xmlns=\"http:\/\/www.w3.org\/2000\/svg\"><path d=\"M224.3 273l-136 136c-9.4 9.4-24.6 9.4-33.9 0l-22.6-22.6c-9.4-9.4-9.4-24.6 0-33.9l96.4-96.4-96.4-96.4c-9.4-9.4-9.4-24.6 0-33.9L54.3 103c9.4-9.4 24.6-9.4 33.9 0l136 136c9.5 9.4 9.5 24.6.1 34z\"><\/path><\/svg>\t\t\t\t\t\t<\/span>\n\t\t\t\t\t\t\t\t\t\t<span class=\"elementor-icon-list-text\">Referenzen<\/span>\n\t\t\t\t\t\t\t\t\t\t\t<\/a>\n\t\t\t\t\t\t\t\t\t<\/li>\n\t\t\t\t\t\t\t\t<li class=\"elementor-icon-list-item elementor-inline-item\">\n\t\t\t\t\t\t\t\t\t\t\t<span class=\"elementor-icon-list-icon\">\n\t\t\t\t\t\t\t<svg aria-hidden=\"true\" class=\"e-font-icon-svg e-fas-angle-right\" viewBox=\"0 0 256 512\" xmlns=\"http:\/\/www.w3.org\/2000\/svg\"><path d=\"M224.3 273l-136 136c-9.4 9.4-24.6 9.4-33.9 0l-22.6-22.6c-9.4-9.4-9.4-24.6 0-33.9l96.4-96.4-96.4-96.4c-9.4-9.4-9.4-24.6 0-33.9L54.3 103c9.4-9.4 24.6-9.4 33.9 0l136 136c9.5 9.4 9.5 24.6.1 34z\"><\/path><\/svg>\t\t\t\t\t\t<\/span>\n\t\t\t\t\t\t\t\t\t\t<span class=\"elementor-icon-list-text\">Inspiration<\/span>\n\t\t\t\t\t\t\t\t\t<\/li>\n\t\t\t\t\t\t<\/ul>\n\t\t\t\t\t\t<\/div>\n\t\t<div class=\"elementor-element elementor-element-6a4d0a23 e-con-full e-flex wpr-particle-no wpr-jarallax-no wpr-parallax-no wpr-sticky-section-no wpr-equal-height-no e-con e-child\" data-id=\"6a4d0a23\" data-element_type=\"container\" data-e-type=\"container\" data-settings=\"{&quot;background_background&quot;:&quot;slideshow&quot;,&quot;background_slideshow_gallery&quot;:[{&quot;id&quot;:13195,&quot;url&quot;:&quot;https:\\\/\\\/voxaura.ai\\\/wp-content\\\/uploads\\\/2026\\\/03\\\/voxaura-inspiration-banner.jpg&quot;}],&quot;background_slideshow_slide_duration&quot;:5000,&quot;background_slideshow_slide_transition&quot;:&quot;fade&quot;,&quot;background_slideshow_transition_duration&quot;:500}\">\n\t\t\t\t<div class=\"elementor-element elementor-element-3e1d4f95 elementor-widget elementor-widget-text-editor\" data-id=\"3e1d4f95\" data-element_type=\"widget\" data-e-type=\"widget\" data-widget_type=\"text-editor.default\">\n\t\t\t\t\t\t\t\t\t<p>LASSEN SIE SICH VON UNS INSPIRIEREN<\/p>\t\t\t\t\t\t\t\t<\/div>\n\t\t\t\t<div class=\"elementor-element elementor-element-7282e755 elementor-widget elementor-widget-text-editor\" data-id=\"7282e755\" data-element_type=\"widget\" data-e-type=\"widget\" data-widget_type=\"text-editor.default\">\n\t\t\t\t\t\t\t\t\t<p>Sie bauen ein neues Haus oder m\u00f6chten Ihre Inneneinrichtung ver\u00e4ndern, wissen aber nicht, wie Sie Licht in Ihr Haus bringen k\u00f6nnen? Wir werden Sie inspirieren! <\/p>\t\t\t\t\t\t\t\t<\/div>\n\t\t\t\t<\/div>\n\t\t\t\t<\/div>\n\t\t<div class=\"elementor-element elementor-element-4105f69d e-con-full e-flex wpr-particle-no wpr-jarallax-no wpr-parallax-no wpr-sticky-section-no wpr-equal-height-no e-con e-parent\" data-id=\"4105f69d\" data-element_type=\"container\" data-e-type=\"container\">\n\t\t<div class=\"elementor-element elementor-element-4c4285ea e-con-full e-flex wpr-particle-no wpr-jarallax-no wpr-parallax-no wpr-sticky-section-no wpr-equal-height-no e-con e-child\" data-id=\"4c4285ea\" data-element_type=\"container\" data-e-type=\"container\">\n\t\t\t\t<div class=\"elementor-element elementor-element-6e54211e elementor-widget elementor-widget-heading\" data-id=\"6e54211e\" data-element_type=\"widget\" data-e-type=\"widget\" data-widget_type=\"heading.default\">\n\t\t\t\t\t<h2 class=\"elementor-heading-title elementor-size-default\">MODERNE, MINIMALISTISCHE EINRICHTUNG - SCANDI-STIL<\/h2>\t\t\t\t<\/div>\n\t\t\t\t<div class=\"elementor-element elementor-element-4fdb9202 elementor-widget elementor-widget-text-editor\" data-id=\"4fdb9202\" data-element_type=\"widget\" data-e-type=\"widget\" data-widget_type=\"text-editor.default\">\n\t\t\t\t\t\t\t\t\t<p>Ein moderner, minimalistischer Stil wird mit einer Kombination aus nat\u00fcrlichen Materialien und warmen Farben geschaffen.<\/p><p><strong>MATERIALIEN:<\/strong> <br>Viel Holz, Glas und Metall, oft in nat\u00fcrlichen oder warmen T\u00f6nen.<\/p><p><strong>FARBPALETTE:<\/strong> <br>Helle und neutrale Farben (Wei\u00df, Beige, Braun) mit warmen Akzenten.<\/p><p><strong>BELEUCHTUNG:<\/strong> <br>Elegante, indirekte Beleuchtung und moderne LED-Leuchten.<\/p><p><strong>M\u00d6BEL:<\/strong> <br>Einfache, funktionelle M\u00f6bel mit glatten Oberfl\u00e4chen und integriertem Stauraum.<\/p><p><strong>\u00c4STHETIK:<\/strong> <br>Offene, aufger\u00e4umte R\u00e4ume mit einer Mischung aus Funktionalit\u00e4t und Design.<\/p>\t\t\t\t\t\t\t\t<\/div>\n\t\t\t\t<\/div>\n\t\t<div class=\"elementor-element elementor-element-48d35326 e-con-full e-flex wpr-particle-no wpr-jarallax-no wpr-parallax-no wpr-sticky-section-no wpr-equal-height-no e-con e-child\" data-id=\"48d35326\" data-element_type=\"container\" data-e-type=\"container\">\n\t\t\t\t<div class=\"elementor-element elementor-element-8237876 elementor-widget elementor-widget-image\" data-id=\"8237876\" data-element_type=\"widget\" data-e-type=\"widget\" data-widget_type=\"image.default\">\n\t\t\t\t\t\t\t\t\t\t\t\t\t\t\t<img fetchpriority=\"high\" decoding=\"async\" width=\"2560\" height=\"1492\" src=\"https:\/\/voxaura.ai\/wp-content\/uploads\/2025\/11\/voxaura-washingroom-for-you-page-scaled-1.png\" class=\"attachment-full size-full wp-image-13133\" alt=\"\" srcset=\"https:\/\/voxaura.ai\/wp-content\/uploads\/2025\/11\/voxaura-washingroom-for-you-page-scaled-1.png 2560w, https:\/\/voxaura.ai\/wp-content\/uploads\/2025\/11\/voxaura-washingroom-for-you-page-scaled-1-300x175.png 300w, https:\/\/voxaura.ai\/wp-content\/uploads\/2025\/11\/voxaura-washingroom-for-you-page-scaled-1-600x350.png 600w, https:\/\/voxaura.ai\/wp-content\/uploads\/2025\/11\/voxaura-washingroom-for-you-page-scaled-1-64x37.png 64w, https:\/\/voxaura.ai\/wp-content\/uploads\/2025\/11\/voxaura-washingroom-for-you-page-scaled-1-1024x597.png 1024w, https:\/\/voxaura.ai\/wp-content\/uploads\/2025\/11\/voxaura-washingroom-for-you-page-scaled-1-768x448.png 768w, https:\/\/voxaura.ai\/wp-content\/uploads\/2025\/11\/voxaura-washingroom-for-you-page-scaled-1-1536x895.png 1536w, https:\/\/voxaura.ai\/wp-content\/uploads\/2025\/11\/voxaura-washingroom-for-you-page-scaled-1-2048x1194.png 2048w\" sizes=\"(max-width: 2560px) 100vw, 2560px\" \/>\t\t\t\t\t\t\t\t\t\t\t\t\t\t\t<\/div>\n\t\t\t\t<\/div>\n\t\t\t\t<\/div>\n\t\t<div class=\"elementor-element elementor-element-33fb188e e-grid e-con-full wpr-particle-no wpr-jarallax-no wpr-parallax-no wpr-sticky-section-no wpr-equal-height-no e-con e-parent\" data-id=\"33fb188e\" data-element_type=\"container\" data-e-type=\"container\">\n\t\t\t\t<div class=\"elementor-element elementor-element-72946ed elementor-widget elementor-widget-image\" data-id=\"72946ed\" data-element_type=\"widget\" data-e-type=\"widget\" data-widget_type=\"image.default\">\n\t\t\t\t\t\t\t\t\t\t\t\t\t\t\t<img decoding=\"async\" src=\"https:\/\/voxaura.ai\/wp-content\/uploads\/elementor\/thumbs\/voxaura-childroom-modern-minimalistic1-scaled-rg6uzpq7kc3qvl34w6z0w4xbe2vh6rwybslb8rg078.jpg\" title=\"voxaura-kinderzimmer-modern-minimalistisch(1)\" alt=\"voxaura-kinderzimmer-modern-minimalistisch(1)\" loading=\"lazy\" \/>\t\t\t\t\t\t\t\t\t\t\t\t\t\t\t<\/div>\n\t\t\t\t<div class=\"elementor-element elementor-element-5655c42 elementor-widget elementor-widget-image\" data-id=\"5655c42\" data-element_type=\"widget\" data-e-type=\"widget\" data-widget_type=\"image.default\">\n\t\t\t\t\t\t\t\t\t\t\t\t\t\t\t<img decoding=\"async\" src=\"https:\/\/voxaura.ai\/wp-content\/uploads\/elementor\/thumbs\/voxaura-hallway-wardrobe1-scaled-rjylbgsc1ojyzd9h6ac3vff8ajyg5fhuqbshpv9n22.jpg\" title=\"voxaura-Gang-Garderobe(1)\" alt=\"voxaura-Gang-Garderobe(1)\" loading=\"lazy\" \/>\t\t\t\t\t\t\t\t\t\t\t\t\t\t\t<\/div>\n\t\t\t\t<div class=\"elementor-element elementor-element-8bb52ab elementor-widget elementor-widget-image\" data-id=\"8bb52ab\" data-element_type=\"widget\" data-e-type=\"widget\" data-widget_type=\"image.default\">\n\t\t\t\t\t\t\t\t\t\t\t\t\t\t\t<img decoding=\"async\" src=\"https:\/\/voxaura.ai\/wp-content\/uploads\/elementor\/thumbs\/voxaura-bathroom-300-700lx-1-scaled-1-rfxxs9b3aylraxnhctqpt4uk2hoea7snu00iagp2be.jpg\" title=\"voxaura-bathroom-300-700lx-1-scaled.jpg\" alt=\"voxaura-bathroom-300-700lx-1-scaled.jpg\" loading=\"lazy\" \/>\t\t\t\t\t\t\t\t\t\t\t\t\t\t\t<\/div>\n\t\t\t\t<\/div>\n\t\t<div class=\"elementor-element elementor-element-49e6475f e-con-full elementor-hidden-mobile e-flex wpr-particle-no wpr-jarallax-no wpr-parallax-no wpr-sticky-section-no wpr-equal-height-no e-con e-parent\" data-id=\"49e6475f\" data-element_type=\"container\" data-e-type=\"container\">\n\t\t\t\t<div class=\"elementor-element elementor-element-68f070c9 elementor-widget-divider--view-line elementor-widget elementor-widget-divider\" data-id=\"68f070c9\" data-element_type=\"widget\" data-e-type=\"widget\" data-widget_type=\"divider.default\">\n\t\t\t\t\t\t\t<div class=\"elementor-divider\">\n\t\t\t<span class=\"elementor-divider-separator\">\n\t\t\t\t\t\t<\/span>\n\t\t<\/div>\n\t\t\t\t\t\t<\/div>\n\t\t\t\t<\/div>\n\t\t<div class=\"elementor-element elementor-element-2a9ad60 e-con-full e-flex wpr-particle-no wpr-jarallax-no wpr-parallax-no wpr-sticky-section-no wpr-equal-height-no e-con e-parent\" data-id=\"2a9ad60\" data-element_type=\"container\" data-e-type=\"container\">\n\t\t<div class=\"elementor-element elementor-element-dbc1966 e-con-full e-flex wpr-particle-no wpr-jarallax-no wpr-parallax-no wpr-sticky-section-no wpr-equal-height-no e-con e-child\" data-id=\"dbc1966\" data-element_type=\"container\" data-e-type=\"container\">\n\t\t\t\t<div class=\"elementor-element elementor-element-1616c0a elementor-widget elementor-widget-image\" data-id=\"1616c0a\" data-element_type=\"widget\" data-e-type=\"widget\" data-widget_type=\"image.default\">\n\t\t\t\t\t\t\t\t\t\t\t\t\t\t\t<img decoding=\"async\" width=\"2560\" height=\"1707\" src=\"https:\/\/voxaura.ai\/wp-content\/uploads\/2025\/12\/voxaura-modern-black-wooden-villa-31-scaled.jpg\" class=\"attachment-full size-full wp-image-13190\" alt=\"\" srcset=\"https:\/\/voxaura.ai\/wp-content\/uploads\/2025\/12\/voxaura-modern-black-wooden-villa-31-scaled.jpg 2560w, https:\/\/voxaura.ai\/wp-content\/uploads\/2025\/12\/voxaura-modern-black-wooden-villa-31-300x200.jpg 300w, https:\/\/voxaura.ai\/wp-content\/uploads\/2025\/12\/voxaura-modern-black-wooden-villa-31-600x400.jpg 600w, https:\/\/voxaura.ai\/wp-content\/uploads\/2025\/12\/voxaura-modern-black-wooden-villa-31-scaled-64x43.webp 64w, https:\/\/voxaura.ai\/wp-content\/uploads\/2025\/12\/voxaura-modern-black-wooden-villa-31-1024x683.jpg 1024w, https:\/\/voxaura.ai\/wp-content\/uploads\/2025\/12\/voxaura-modern-black-wooden-villa-31-768x512.jpg 768w, https:\/\/voxaura.ai\/wp-content\/uploads\/2025\/12\/voxaura-modern-black-wooden-villa-31-1536x1024.jpg 1536w, https:\/\/voxaura.ai\/wp-content\/uploads\/2025\/12\/voxaura-modern-black-wooden-villa-31-2048x1365.jpg 2048w, https:\/\/voxaura.ai\/wp-content\/uploads\/2025\/12\/voxaura-modern-black-wooden-villa-31-930x620.jpg 930w\" sizes=\"(max-width: 2560px) 100vw, 2560px\" \/>\t\t\t\t\t\t\t\t\t\t\t\t\t\t\t<\/div>\n\t\t\t\t<\/div>\n\t\t<div class=\"elementor-element elementor-element-8140e2e e-con-full e-flex wpr-particle-no wpr-jarallax-no wpr-parallax-no wpr-sticky-section-no wpr-equal-height-no e-con e-child\" data-id=\"8140e2e\" data-element_type=\"container\" data-e-type=\"container\">\n\t\t\t\t<div class=\"elementor-element elementor-element-299da46 elementor-widget elementor-widget-heading\" data-id=\"299da46\" data-element_type=\"widget\" data-e-type=\"widget\" data-widget_type=\"heading.default\">\n\t\t\t\t\t<h2 class=\"elementor-heading-title elementor-size-default\">LUXURI\u00d6SES GEF\u00dcHL ZU HAUSE<\/h2>\t\t\t\t<\/div>\n\t\t\t\t<div class=\"elementor-element elementor-element-cb8acdf elementor-widget elementor-widget-text-editor\" data-id=\"cb8acdf\" data-element_type=\"widget\" data-e-type=\"widget\" data-widget_type=\"text-editor.default\">\n\t\t\t\t\t\t\t\t\t<p>Wenn Sie mit unseren linearen Leuchten klare Linien schaffen und sie mit dunklen M\u00f6beln kombinieren, erhalten Sie ein zeitloses, modernes Design.<\/p><p><strong>MATERIALIEN:<\/strong> <br>Beton- oder Steinoptik an den W\u00e4nden f\u00fcr einen industriellen Touch. Warme Holzakzente (z.B. auf Regalen oder Details) k\u00f6nnten als Kontrast verwendet werden.   <br>Schwarze Metallelemente an Lampen oder Griffen verst\u00e4rken den modernen Look.<\/p><p><strong>FARBPALETTE:<\/strong> <br>Dunkle, matte Oberfl\u00e4chen (mattes Schwarz und Dunkelgrau) f\u00fcr einen edlen und zeitlosen Look.<\/p><p><strong>BELEUCHTUNG:<\/strong> <br>Indirekte LED-Beleuchtung schafft eine warme Atmosph\u00e4re. <br>Moderne, schwarze Pendelleuchten mit runden Formen \u00fcber der K\u00fccheninsel als Design-Highlight. <br>Lichtakzente an W\u00e4nden oder Decken unterstreichen die Eleganz des Raumes.<\/p><p><strong>M\u00d6BEL:<\/strong> <br>Schlankes, ergonomisches Design f\u00fcr mehr Komfort.<\/p><p><strong>\u00c4STHETIK:<\/strong> <br>Luxuri\u00f6s und elegant, perfekt f\u00fcr das moderne Leben.<\/p>\t\t\t\t\t\t\t\t<\/div>\n\t\t\t\t<\/div>\n\t\t\t\t<\/div>\n\t\t<div class=\"elementor-element elementor-element-2507104 e-grid e-con-boxed wpr-particle-no wpr-jarallax-no wpr-parallax-no wpr-sticky-section-no wpr-equal-height-no e-con e-parent\" data-id=\"2507104\" data-element_type=\"container\" data-e-type=\"container\">\n\t\t\t\t\t<div class=\"e-con-inner\">\n\t\t<div class=\"elementor-element elementor-element-55f0637 e-flex e-con-boxed wpr-particle-no wpr-jarallax-no wpr-parallax-no wpr-sticky-section-no wpr-equal-height-no e-con e-child\" data-id=\"55f0637\" data-element_type=\"container\" data-e-type=\"container\" data-settings=\"{&quot;background_background&quot;:&quot;slideshow&quot;,&quot;background_slideshow_gallery&quot;:[{&quot;id&quot;:13194,&quot;url&quot;:&quot;https:\\\/\\\/voxaura.ai\\\/wp-content\\\/uploads\\\/2026\\\/03\\\/voxaura-products-banner1.jpg&quot;}],&quot;background_slideshow_loop&quot;:&quot;yes&quot;,&quot;background_slideshow_slide_duration&quot;:5000,&quot;background_slideshow_slide_transition&quot;:&quot;fade&quot;,&quot;background_slideshow_transition_duration&quot;:500}\">\n\t\t\t\t\t<div class=\"e-con-inner\">\n\t\t\t\t\t<\/div>\n\t\t\t\t<\/div>\n\t\t<div class=\"elementor-element elementor-element-b9562d9 e-con-full e-flex wpr-particle-no wpr-jarallax-no wpr-parallax-no wpr-sticky-section-no wpr-equal-height-no e-con e-child\" data-id=\"b9562d9\" data-element_type=\"container\" data-e-type=\"container\" data-settings=\"{&quot;background_background&quot;:&quot;slideshow&quot;,&quot;background_slideshow_gallery&quot;:[{&quot;id&quot;:13191,&quot;url&quot;:&quot;https:\\\/\\\/voxaura.ai\\\/wp-content\\\/uploads\\\/2025\\\/12\\\/voxaura-bedroom-modernblack-warmwhite1.jpg&quot;}],&quot;background_slideshow_slide_duration&quot;:5000,&quot;background_slideshow_slide_transition&quot;:&quot;fade&quot;,&quot;background_slideshow_transition_duration&quot;:500}\">\n\t\t\t\t<\/div>\n\t\t\t\t\t<\/div>\n\t\t\t\t<\/div>\n\t\t\t\t<\/div>\n\t\t","protected":false},"excerpt":{"rendered":"<p>VoxAura Referenzen LASSEN SIE SICH VON UNS INSPIRIEREN Sie bauen ein neues Haus oder m\u00f6chten Ihre Inneneinrichtung ver\u00e4ndern, wissen aber nicht, wie Sie Licht in Ihr Haus bringen k\u00f6nnen? Wir werden Sie inspirieren! MODERNE, MINIMALISTISCHE EINRICHTUNG &#8211; SCANDI-STIL Ein moderner, minimalistischer Stil wird mit einer Kombination aus nat\u00fcrlichen Materialien und warmen Farben geschaffen. MATERIALIEN: Viel<\/p>\n","protected":false},"author":1,"featured_media":0,"parent":13167,"menu_order":0,"comment_status":"closed","ping_status":"closed","template":"elementor_theme","meta":{"_acf_changed":false,"solace_meta_sidebar":"","solace_meta_container":"","solace_meta_enable_content_width":"","solace_meta_content_width":0,"solace_meta_title_alignment":"","solace_meta_author_avatar":"","solace_post_elements_order":"","solace_meta_disable_header":"","solace_meta_disable_footer":"","solace_meta_disable_title":"","footnotes":""},"class_list":["post-13189","page","type-page","status-publish","hentry"],"acf":[],"_hostinger_reach_plugin_has_subscription_block":false,"_hostinger_reach_plugin_is_elementor":false,"_links":{"self":[{"href":"https:\/\/voxaura.ai\/de\/wp-json\/wp\/v2\/pages\/13189","targetHints":{"allow":["GET"]}}],"collection":[{"href":"https:\/\/voxaura.ai\/de\/wp-json\/wp\/v2\/pages"}],"about":[{"href":"https:\/\/voxaura.ai\/de\/wp-json\/wp\/v2\/types\/page"}],"author":[{"embeddable":true,"href":"https:\/\/voxaura.ai\/de\/wp-json\/wp\/v2\/users\/1"}],"replies":[{"embeddable":true,"href":"https:\/\/voxaura.ai\/de\/wp-json\/wp\/v2\/comments?post=13189"}],"version-history":[{"count":1,"href":"https:\/\/voxaura.ai\/de\/wp-json\/wp\/v2\/pages\/13189\/revisions"}],"predecessor-version":[{"id":13198,"href":"https:\/\/voxaura.ai\/de\/wp-json\/wp\/v2\/pages\/13189\/revisions\/13198"}],"up":[{"embeddable":true,"href":"https:\/\/voxaura.ai\/de\/wp-json\/wp\/v2\/pages\/13167"}],"wp:attachment":[{"href":"https:\/\/voxaura.ai\/de\/wp-json\/wp\/v2\/media?parent=13189"}],"curies":[{"name":"wp","href":"https:\/\/api.w.org\/{rel}","templated":true}]}}