{"id":13176,"date":"2025-11-18T08:55:51","date_gmt":"2025-11-18T08:55:51","guid":{"rendered":"https:\/\/voxaura.ai\/einen-partner-finden\/"},"modified":"2026-04-20T07:13:42","modified_gmt":"2026-04-20T07:13:42","slug":"einen-partner-finden","status":"publish","type":"page","link":"https:\/\/voxaura.ai\/de\/einen-partner-finden\/","title":{"rendered":"Einen Partner finden"},"content":{"rendered":"\t\t<div data-elementor-type=\"wp-page\" data-elementor-id=\"13176\" class=\"elementor elementor-13176 elementor-372\" data-elementor-post-type=\"page\">\n\t\t\t\t<div class=\"elementor-element elementor-element-6596cc44 e-flex e-con-boxed wpr-particle-no wpr-jarallax-no wpr-parallax-no wpr-sticky-section-no wpr-equal-height-no e-con e-parent\" data-id=\"6596cc44\" data-element_type=\"container\" data-e-type=\"container\" data-settings=\"{&quot;background_background&quot;:&quot;classic&quot;}\">\n\t\t\t\t\t<div class=\"e-con-inner\">\n\t\t\t\t<div class=\"elementor-element elementor-element-7cc0b13b elementor-icon-list--layout-inline elementor-align-center elementor-widget__width-auto elementor-hidden-mobile elementor-list-item-link-full_width elementor-widget elementor-widget-icon-list\" data-id=\"7cc0b13b\" data-element_type=\"widget\" data-e-type=\"widget\" data-widget_type=\"icon-list.default\">\n\t\t\t\t\t\t\t<ul class=\"elementor-icon-list-items elementor-inline-items\">\n\t\t\t\t\t\t\t<li class=\"elementor-icon-list-item elementor-inline-item\">\n\t\t\t\t\t\t\t\t\t\t\t<a href=\"https:\/\/voxaura.ai\/home\/\" target=\"_blank\" voxaura=\"\">\n\n\t\t\t\t\t\t\t\t\t\t\t<span class=\"elementor-icon-list-text\">VoxAura<\/span>\n\t\t\t\t\t\t\t\t\t\t\t<\/a>\n\t\t\t\t\t\t\t\t\t<\/li>\n\t\t\t\t\t\t\t\t<li class=\"elementor-icon-list-item elementor-inline-item\">\n\t\t\t\t\t\t\t\t\t\t\t<span class=\"elementor-icon-list-icon\">\n\t\t\t\t\t\t\t<svg aria-hidden=\"true\" class=\"e-font-icon-svg e-fas-angle-right\" viewBox=\"0 0 256 512\" xmlns=\"http:\/\/www.w3.org\/2000\/svg\"><path d=\"M224.3 273l-136 136c-9.4 9.4-24.6 9.4-33.9 0l-22.6-22.6c-9.4-9.4-9.4-24.6 0-33.9l96.4-96.4-96.4-96.4c-9.4-9.4-9.4-24.6 0-33.9L54.3 103c9.4-9.4 24.6-9.4 33.9 0l136 136c9.5 9.4 9.5 24.6.1 34z\"><\/path><\/svg>\t\t\t\t\t\t<\/span>\n\t\t\t\t\t\t\t\t\t\t<span class=\"elementor-icon-list-text\">Einen Partner finden<\/span>\n\t\t\t\t\t\t\t\t\t<\/li>\n\t\t\t\t\t\t<\/ul>\n\t\t\t\t\t\t<\/div>\n\t\t\t\t\t<\/div>\n\t\t\t\t<\/div>\n\t\t<div class=\"elementor-element elementor-element-d54fc4f e-flex e-con-boxed wpr-particle-no wpr-jarallax-no wpr-parallax-no wpr-sticky-section-no wpr-equal-height-no e-con e-parent\" data-id=\"d54fc4f\" data-element_type=\"container\" data-e-type=\"container\">\n\t\t\t\t\t<div class=\"e-con-inner\">\n\t\t\t\t<div class=\"elementor-element elementor-element-6a8e9407 elementor-widget elementor-widget-heading\" data-id=\"6a8e9407\" data-element_type=\"widget\" data-e-type=\"widget\" data-widget_type=\"heading.default\">\n\t\t\t\t\t<h2 class=\"elementor-heading-title elementor-size-default\">UNSERE PARTNER<\/h2>\t\t\t\t<\/div>\n\t\t\t\t<div class=\"elementor-element elementor-element-69f828a1 elementor-widget elementor-widget-text-editor\" data-id=\"69f828a1\" data-element_type=\"widget\" data-e-type=\"widget\" data-widget_type=\"text-editor.default\">\n\t\t\t\t\t\t\t\t\t<p>Wir arbeiten eng mit sorgf\u00e4ltig ausgew\u00e4hlten Partnern zusammen, um Ihnen die bestm\u00f6glichen L\u00f6sungen und Dienstleistungen zu bieten.<\/p>\t\t\t\t\t\t\t\t<\/div>\n\t\t\t\t<div class=\"elementor-element elementor-element-7418067 elementor-widget elementor-widget-text-editor\" data-id=\"7418067\" data-element_type=\"widget\" data-e-type=\"widget\" data-widget_type=\"text-editor.default\">\n\t\t\t\t\t\t\t\t\t<p>Auf dieser Seite k\u00f6nnen Sie unsere Partner kennenlernen &#8211; erfahren Sie mehr \u00fcber deren Fachwissen, die Angebote von<br>und dar\u00fcber, wie wir zusammenarbeiten, um Projekte erfolgreich durchzuf\u00fchren.<\/p>\t\t\t\t\t\t\t\t<\/div>\n\t\t\t\t\t<\/div>\n\t\t\t\t<\/div>\n\t\t<div class=\"elementor-element elementor-element-4e8be67 e-flex e-con-boxed wpr-particle-no wpr-jarallax-no wpr-parallax-no wpr-sticky-section-no wpr-equal-height-no e-con e-parent\" data-id=\"4e8be67\" data-element_type=\"container\" data-e-type=\"container\">\n\t\t\t\t\t<div class=\"e-con-inner\">\n\t\t\t\t<div class=\"elementor-element elementor-element-638a7e7 elementor-widget-divider--view-line elementor-widget elementor-widget-divider\" data-id=\"638a7e7\" data-element_type=\"widget\" data-e-type=\"widget\" data-widget_type=\"divider.default\">\n\t\t\t\t\t\t\t<div class=\"elementor-divider\">\n\t\t\t<span class=\"elementor-divider-separator\">\n\t\t\t\t\t\t<\/span>\n\t\t<\/div>\n\t\t\t\t\t\t<\/div>\n\t\t\t\t\t<\/div>\n\t\t\t\t<\/div>\n\t\t<div class=\"elementor-element elementor-element-19281a8c e-grid e-con-boxed wpr-particle-no wpr-jarallax-no wpr-parallax-no wpr-sticky-section-no wpr-equal-height-no e-con e-parent\" data-id=\"19281a8c\" data-element_type=\"container\" data-e-type=\"container\">\n\t\t\t\t\t<div class=\"e-con-inner\">\n\t\t<div class=\"elementor-element elementor-element-576a947 e-con-full e-flex wpr-particle-no wpr-jarallax-no wpr-parallax-no wpr-sticky-section-no wpr-equal-height-no e-con e-child\" data-id=\"576a947\" data-element_type=\"container\" data-e-type=\"container\">\n\t\t\t\t<div class=\"elementor-element elementor-element-272a740 elementor-widget elementor-widget-image\" data-id=\"272a740\" data-element_type=\"widget\" data-e-type=\"widget\" data-widget_type=\"image.default\">\n\t\t\t\t\t\t\t\t\t\t\t\t\t\t\t<img fetchpriority=\"high\" decoding=\"async\" width=\"640\" height=\"640\" src=\"https:\/\/voxaura.ai\/wp-content\/uploads\/2026\/04\/CARIBBEAN-logo-01-1-1024x1024.png\" class=\"attachment-large size-large wp-image-13185\" alt=\"\" srcset=\"https:\/\/voxaura.ai\/wp-content\/uploads\/2026\/04\/CARIBBEAN-logo-01-1-1024x1024.png 1024w, https:\/\/voxaura.ai\/wp-content\/uploads\/2026\/04\/CARIBBEAN-logo-01-1-300x300.png 300w, https:\/\/voxaura.ai\/wp-content\/uploads\/2026\/04\/CARIBBEAN-logo-01-1-150x150.png 150w, https:\/\/voxaura.ai\/wp-content\/uploads\/2026\/04\/CARIBBEAN-logo-01-1-768x768.png 768w, https:\/\/voxaura.ai\/wp-content\/uploads\/2026\/04\/CARIBBEAN-logo-01-1-1536x1536.png 1536w, https:\/\/voxaura.ai\/wp-content\/uploads\/2026\/04\/CARIBBEAN-logo-01-1-2048x2048.png 2048w, https:\/\/voxaura.ai\/wp-content\/uploads\/2026\/04\/CARIBBEAN-logo-01-1-975x975.png 975w, https:\/\/voxaura.ai\/wp-content\/uploads\/2026\/04\/CARIBBEAN-logo-01-1-700x700.png 700w, https:\/\/voxaura.ai\/wp-content\/uploads\/2026\/04\/CARIBBEAN-logo-01-1-715x715.png 715w, https:\/\/voxaura.ai\/wp-content\/uploads\/2026\/04\/CARIBBEAN-logo-01-1-250x250.png 250w, https:\/\/voxaura.ai\/wp-content\/uploads\/2026\/04\/CARIBBEAN-logo-01-1-350x350.png 350w, https:\/\/voxaura.ai\/wp-content\/uploads\/2026\/04\/CARIBBEAN-logo-01-1-620x620.png 620w, https:\/\/voxaura.ai\/wp-content\/uploads\/2026\/04\/CARIBBEAN-logo-01-1-600x600.png 600w, https:\/\/voxaura.ai\/wp-content\/uploads\/2026\/04\/CARIBBEAN-logo-01-1-64x64.png 64w\" sizes=\"(max-width: 640px) 100vw, 640px\" \/>\t\t\t\t\t\t\t\t\t\t\t\t\t\t\t<\/div>\n\t\t\t\t<div class=\"elementor-element elementor-element-61ebdc46 elementor-widget elementor-widget-heading\" data-id=\"61ebdc46\" data-element_type=\"widget\" data-e-type=\"widget\" data-widget_type=\"heading.default\">\n\t\t\t\t\t<h1 class=\"elementor-heading-title elementor-size-default\">CARIBBEAN CABINET PRODUCTS INC<\/h1>\t\t\t\t<\/div>\n\t\t\t\t<div class=\"elementor-element elementor-element-91455e6 elementor-widget elementor-widget-text-editor\" data-id=\"91455e6\" data-element_type=\"widget\" data-e-type=\"widget\" data-widget_type=\"text-editor.default\">\n\t\t\t\t\t\t\t\t\t<p>PUERTO RICO, USA<\/p>\t\t\t\t\t\t\t\t<\/div>\n\t\t\t\t<div class=\"elementor-element elementor-element-cdc209d elementor-widget elementor-widget-button\" data-id=\"cdc209d\" data-element_type=\"widget\" data-e-type=\"widget\" data-widget_type=\"button.default\">\n\t\t\t\t\t\t\t\t\t\t<a class=\"elementor-button elementor-button-link elementor-size-sm\" href=\"https:\/\/voxaura.ai\/de\/einen-partner-finden\/caribbean-cabinet-products-inc\/\">\n\t\t\t\t\t\t<span class=\"elementor-button-content-wrapper\">\n\t\t\t\t\t\t\t\t\t<span class=\"elementor-button-text\">mehr lesen<\/span>\n\t\t\t\t\t<\/span>\n\t\t\t\t\t<\/a>\n\t\t\t\t\t\t\t\t<\/div>\n\t\t\t\t<\/div>\n\t\t<div class=\"elementor-element elementor-element-a4f8ed5 e-con-full e-flex wpr-particle-no wpr-jarallax-no wpr-parallax-no wpr-sticky-section-no wpr-equal-height-no e-con e-child\" data-id=\"a4f8ed5\" data-element_type=\"container\" data-e-type=\"container\">\n\t\t\t\t<div class=\"elementor-element elementor-element-8b9274a elementor-widget elementor-widget-image\" data-id=\"8b9274a\" data-element_type=\"widget\" data-e-type=\"widget\" data-widget_type=\"image.default\">\n\t\t\t\t\t\t\t\t\t\t\t\t\t\t\t<img decoding=\"async\" width=\"640\" height=\"640\" src=\"https:\/\/voxaura.ai\/wp-content\/uploads\/2026\/04\/KNOX-logo-02-1-1024x1024.png\" class=\"attachment-large size-large wp-image-13186\" alt=\"\" srcset=\"https:\/\/voxaura.ai\/wp-content\/uploads\/2026\/04\/KNOX-logo-02-1-1024x1024.png 1024w, https:\/\/voxaura.ai\/wp-content\/uploads\/2026\/04\/KNOX-logo-02-1-300x300.png 300w, https:\/\/voxaura.ai\/wp-content\/uploads\/2026\/04\/KNOX-logo-02-1-150x150.png 150w, https:\/\/voxaura.ai\/wp-content\/uploads\/2026\/04\/KNOX-logo-02-1-768x768.png 768w, https:\/\/voxaura.ai\/wp-content\/uploads\/2026\/04\/KNOX-logo-02-1-1536x1536.png 1536w, https:\/\/voxaura.ai\/wp-content\/uploads\/2026\/04\/KNOX-logo-02-1-2048x2048.png 2048w, https:\/\/voxaura.ai\/wp-content\/uploads\/2026\/04\/KNOX-logo-02-1-975x975.png 975w, https:\/\/voxaura.ai\/wp-content\/uploads\/2026\/04\/KNOX-logo-02-1-700x700.png 700w, https:\/\/voxaura.ai\/wp-content\/uploads\/2026\/04\/KNOX-logo-02-1-715x715.png 715w, https:\/\/voxaura.ai\/wp-content\/uploads\/2026\/04\/KNOX-logo-02-1-250x250.png 250w, https:\/\/voxaura.ai\/wp-content\/uploads\/2026\/04\/KNOX-logo-02-1-350x350.png 350w, https:\/\/voxaura.ai\/wp-content\/uploads\/2026\/04\/KNOX-logo-02-1-620x620.png 620w, https:\/\/voxaura.ai\/wp-content\/uploads\/2026\/04\/KNOX-logo-02-1-600x600.png 600w, https:\/\/voxaura.ai\/wp-content\/uploads\/2026\/04\/KNOX-logo-02-1-64x64.png 64w\" sizes=\"(max-width: 640px) 100vw, 640px\" \/>\t\t\t\t\t\t\t\t\t\t\t\t\t\t\t<\/div>\n\t\t\t\t<div class=\"elementor-element elementor-element-0d6acfc elementor-widget elementor-widget-heading\" data-id=\"0d6acfc\" data-element_type=\"widget\" data-e-type=\"widget\" data-widget_type=\"heading.default\">\n\t\t\t\t\t<h1 class=\"elementor-heading-title elementor-size-default\">KNOX ONE PTY LTD<\/h1>\t\t\t\t<\/div>\n\t\t\t\t<div class=\"elementor-element elementor-element-de2e817 elementor-widget elementor-widget-text-editor\" data-id=\"de2e817\" data-element_type=\"widget\" data-e-type=\"widget\" data-widget_type=\"text-editor.default\">\n\t\t\t\t\t\t\t\t\t<p>MELBOURNE, AUSTRALIEN<\/p>\t\t\t\t\t\t\t\t<\/div>\n\t\t\t\t<div class=\"elementor-element elementor-element-68c858b elementor-widget elementor-widget-button\" data-id=\"68c858b\" data-element_type=\"widget\" data-e-type=\"widget\" data-widget_type=\"button.default\">\n\t\t\t\t\t\t\t\t\t\t<a class=\"elementor-button elementor-button-link elementor-size-sm\" href=\"https:\/\/voxaura.ai\/de\/einen-partner-finden\/knox-one-pty-ltd\/\">\n\t\t\t\t\t\t<span class=\"elementor-button-content-wrapper\">\n\t\t\t\t\t\t\t\t\t<span class=\"elementor-button-text\">mehr lesen<\/span>\n\t\t\t\t\t<\/span>\n\t\t\t\t\t<\/a>\n\t\t\t\t\t\t\t\t<\/div>\n\t\t\t\t<\/div>\n\t\t<div class=\"elementor-element elementor-element-0ff79d8 e-con-full e-flex wpr-particle-no wpr-jarallax-no wpr-parallax-no wpr-sticky-section-no wpr-equal-height-no e-con e-child\" data-id=\"0ff79d8\" data-element_type=\"container\" data-e-type=\"container\">\n\t\t\t\t<div class=\"elementor-element elementor-element-1fd093d elementor-widget elementor-widget-image\" data-id=\"1fd093d\" data-element_type=\"widget\" data-e-type=\"widget\" data-widget_type=\"image.default\">\n\t\t\t\t\t\t\t\t\t\t\t\t\t\t\t<img decoding=\"async\" width=\"640\" height=\"640\" src=\"https:\/\/voxaura.ai\/wp-content\/uploads\/2026\/04\/logo-03.jpg\" class=\"attachment-large size-large wp-image-13000\" alt=\"\" srcset=\"https:\/\/voxaura.ai\/wp-content\/uploads\/2026\/04\/logo-03.jpg 842w, https:\/\/voxaura.ai\/wp-content\/uploads\/2026\/04\/logo-03-300x300.jpg 300w, https:\/\/voxaura.ai\/wp-content\/uploads\/2026\/04\/logo-03-150x150.jpg 150w, https:\/\/voxaura.ai\/wp-content\/uploads\/2026\/04\/logo-03-768x768.jpg 768w, https:\/\/voxaura.ai\/wp-content\/uploads\/2026\/04\/logo-03-700x700.jpg 700w, https:\/\/voxaura.ai\/wp-content\/uploads\/2026\/04\/logo-03-715x715.jpg 715w, https:\/\/voxaura.ai\/wp-content\/uploads\/2026\/04\/logo-03-250x250.jpg 250w, https:\/\/voxaura.ai\/wp-content\/uploads\/2026\/04\/logo-03-350x350.jpg 350w, https:\/\/voxaura.ai\/wp-content\/uploads\/2026\/04\/logo-03-620x620.jpg 620w, https:\/\/voxaura.ai\/wp-content\/uploads\/2026\/04\/logo-03-600x600.jpg 600w, https:\/\/voxaura.ai\/wp-content\/uploads\/2026\/04\/logo-03-64x64.jpg 64w\" sizes=\"(max-width: 640px) 100vw, 640px\" \/>\t\t\t\t\t\t\t\t\t\t\t\t\t\t\t<\/div>\n\t\t\t\t<div class=\"elementor-element elementor-element-1653287 elementor-widget elementor-widget-heading\" data-id=\"1653287\" data-element_type=\"widget\" data-e-type=\"widget\" data-widget_type=\"heading.default\">\n\t\t\t\t\t<h1 class=\"elementor-heading-title elementor-size-default\">UNITED COMMERCE \nLIMITED<\/h1>\t\t\t\t<\/div>\n\t\t\t\t<div class=\"elementor-element elementor-element-6f72bd3 elementor-widget elementor-widget-text-editor\" data-id=\"6f72bd3\" data-element_type=\"widget\" data-e-type=\"widget\" data-widget_type=\"text-editor.default\">\n\t\t\t\t\t\t\t\t\t<p>AUCKLAND, NEUSEELAND<\/p>\t\t\t\t\t\t\t\t<\/div>\n\t\t\t\t<div class=\"elementor-element elementor-element-44f67c6 elementor-widget elementor-widget-button\" data-id=\"44f67c6\" data-element_type=\"widget\" data-e-type=\"widget\" data-widget_type=\"button.default\">\n\t\t\t\t\t\t\t\t\t\t<a class=\"elementor-button elementor-button-link elementor-size-sm\" href=\"https:\/\/voxaura.ai\/de\/einen-partner-finden\/united-commerce-limited\/\">\n\t\t\t\t\t\t<span class=\"elementor-button-content-wrapper\">\n\t\t\t\t\t\t\t\t\t<span class=\"elementor-button-text\">mehr lesen<\/span>\n\t\t\t\t\t<\/span>\n\t\t\t\t\t<\/a>\n\t\t\t\t\t\t\t\t<\/div>\n\t\t\t\t<\/div>\n\t\t<div class=\"elementor-element elementor-element-1ebc2e3c e-con-full e-flex wpr-particle-no wpr-jarallax-no wpr-parallax-no wpr-sticky-section-no wpr-equal-height-no e-con e-child\" data-id=\"1ebc2e3c\" data-element_type=\"container\" data-e-type=\"container\">\n\t\t\t\t<\/div>\n\t\t\t\t\t<\/div>\n\t\t\t\t<\/div>\n\t\t\t\t<\/div>\n\t\t","protected":false},"excerpt":{"rendered":"<p>VoxAura UNSERE PARTNER Wir arbeiten eng mit sorgf\u00e4ltig ausgew\u00e4hlten Partnern zusammen, um Ihnen die bestm\u00f6glichen L\u00f6sungen und Dienstleistungen zu bieten. Auf dieser Seite k\u00f6nnen Sie unsere Partner kennenlernen &#8211; erfahren Sie mehr \u00fcber deren Fachwissen, die Angebote vonund dar\u00fcber, wie wir zusammenarbeiten, um Projekte erfolgreich durchzuf\u00fchren. CARIBBEAN CABINET PRODUCTS INC PUERTO RICO, USA mehr lesen<\/p>\n","protected":false},"author":1,"featured_media":0,"parent":0,"menu_order":4,"comment_status":"closed","ping_status":"closed","template":"elementor_theme","meta":{"_acf_changed":false,"solace_meta_sidebar":"","solace_meta_container":"","solace_meta_enable_content_width":"","solace_meta_content_width":0,"solace_meta_title_alignment":"","solace_meta_author_avatar":"","solace_post_elements_order":"","solace_meta_disable_header":"","solace_meta_disable_footer":"","solace_meta_disable_title":"","footnotes":""},"class_list":["post-13176","page","type-page","status-publish","hentry"],"acf":[],"_hostinger_reach_plugin_has_subscription_block":false,"_hostinger_reach_plugin_is_elementor":false,"_links":{"self":[{"href":"https:\/\/voxaura.ai\/de\/wp-json\/wp\/v2\/pages\/13176","targetHints":{"allow":["GET"]}}],"collection":[{"href":"https:\/\/voxaura.ai\/de\/wp-json\/wp\/v2\/pages"}],"about":[{"href":"https:\/\/voxaura.ai\/de\/wp-json\/wp\/v2\/types\/page"}],"author":[{"embeddable":true,"href":"https:\/\/voxaura.ai\/de\/wp-json\/wp\/v2\/users\/1"}],"replies":[{"embeddable":true,"href":"https:\/\/voxaura.ai\/de\/wp-json\/wp\/v2\/comments?post=13176"}],"version-history":[{"count":1,"href":"https:\/\/voxaura.ai\/de\/wp-json\/wp\/v2\/pages\/13176\/revisions"}],"predecessor-version":[{"id":13188,"href":"https:\/\/voxaura.ai\/de\/wp-json\/wp\/v2\/pages\/13176\/revisions\/13188"}],"wp:attachment":[{"href":"https:\/\/voxaura.ai\/de\/wp-json\/wp\/v2\/media?parent=13176"}],"curies":[{"name":"wp","href":"https:\/\/api.w.org\/{rel}","templated":true}]}}