{"id":13168,"date":"2025-11-20T03:13:39","date_gmt":"2025-11-20T03:13:39","guid":{"rendered":"https:\/\/voxaura.ai\/fachleute\/handwerkliche-exzellenz\/"},"modified":"2026-04-20T07:13:34","modified_gmt":"2026-04-20T07:13:34","slug":"handwerkliche-exzellenz","status":"publish","type":"page","link":"https:\/\/voxaura.ai\/de\/fachleute\/handwerkliche-exzellenz\/","title":{"rendered":"Handwerkliche Exzellenz"},"content":{"rendered":"\t\t<div data-elementor-type=\"wp-page\" data-elementor-id=\"13168\" class=\"elementor elementor-13168 elementor-672\" data-elementor-post-type=\"page\">\n\t\t\t\t<div class=\"elementor-element elementor-element-4df266a e-con-full e-flex wpr-particle-no wpr-jarallax-no wpr-parallax-no wpr-sticky-section-no wpr-equal-height-no e-con e-parent\" data-id=\"4df266a\" data-element_type=\"container\" data-e-type=\"container\">\n\t\t\t\t<div class=\"elementor-element elementor-element-498d6d14 elementor-icon-list--layout-inline elementor-align-center elementor-widget__width-auto elementor-hidden-mobile elementor-list-item-link-full_width elementor-widget elementor-widget-icon-list\" data-id=\"498d6d14\" data-element_type=\"widget\" data-e-type=\"widget\" data-widget_type=\"icon-list.default\">\n\t\t\t\t\t\t\t<ul class=\"elementor-icon-list-items elementor-inline-items\">\n\t\t\t\t\t\t\t<li class=\"elementor-icon-list-item elementor-inline-item\">\n\t\t\t\t\t\t\t\t\t\t\t<a href=\"https:\/\/voxaura.ai\/home\/\" target=\"_blank\" voxaura=\"\">\n\n\t\t\t\t\t\t\t\t\t\t\t<span class=\"elementor-icon-list-text\">VoxAura<\/span>\n\t\t\t\t\t\t\t\t\t\t\t<\/a>\n\t\t\t\t\t\t\t\t\t<\/li>\n\t\t\t\t\t\t\t\t<li class=\"elementor-icon-list-item elementor-inline-item\">\n\t\t\t\t\t\t\t\t\t\t\t<a href=\"https:\/\/voxaura.ai\/professionals\/\">\n\n\t\t\t\t\t\t\t\t\t\t\t\t<span class=\"elementor-icon-list-icon\">\n\t\t\t\t\t\t\t<svg aria-hidden=\"true\" class=\"e-font-icon-svg e-fas-angle-right\" viewBox=\"0 0 256 512\" xmlns=\"http:\/\/www.w3.org\/2000\/svg\"><path d=\"M224.3 273l-136 136c-9.4 9.4-24.6 9.4-33.9 0l-22.6-22.6c-9.4-9.4-9.4-24.6 0-33.9l96.4-96.4-96.4-96.4c-9.4-9.4-9.4-24.6 0-33.9L54.3 103c9.4-9.4 24.6-9.4 33.9 0l136 136c9.5 9.4 9.5 24.6.1 34z\"><\/path><\/svg>\t\t\t\t\t\t<\/span>\n\t\t\t\t\t\t\t\t\t\t<span class=\"elementor-icon-list-text\">Fachleute<\/span>\n\t\t\t\t\t\t\t\t\t\t\t<\/a>\n\t\t\t\t\t\t\t\t\t<\/li>\n\t\t\t\t\t\t\t\t<li class=\"elementor-icon-list-item elementor-inline-item\">\n\t\t\t\t\t\t\t\t\t\t\t<span class=\"elementor-icon-list-icon\">\n\t\t\t\t\t\t\t<svg aria-hidden=\"true\" class=\"e-font-icon-svg e-fas-angle-right\" viewBox=\"0 0 256 512\" xmlns=\"http:\/\/www.w3.org\/2000\/svg\"><path d=\"M224.3 273l-136 136c-9.4 9.4-24.6 9.4-33.9 0l-22.6-22.6c-9.4-9.4-9.4-24.6 0-33.9l96.4-96.4-96.4-96.4c-9.4-9.4-9.4-24.6 0-33.9L54.3 103c9.4-9.4 24.6-9.4 33.9 0l136 136c9.5 9.4 9.5 24.6.1 34z\"><\/path><\/svg>\t\t\t\t\t\t<\/span>\n\t\t\t\t\t\t\t\t\t\t<span class=\"elementor-icon-list-text\">Handwerkliche Exzellenz<\/span>\n\t\t\t\t\t\t\t\t\t<\/li>\n\t\t\t\t\t\t<\/ul>\n\t\t\t\t\t\t<\/div>\n\t\t<div class=\"elementor-element elementor-element-5bce6e0c e-con-full e-flex wpr-particle-no wpr-jarallax-no wpr-parallax-no wpr-sticky-section-no wpr-equal-height-no e-con e-child\" data-id=\"5bce6e0c\" data-element_type=\"container\" data-e-type=\"container\" data-settings=\"{&quot;background_background&quot;:&quot;slideshow&quot;,&quot;background_slideshow_gallery&quot;:[{&quot;id&quot;:13170,&quot;url&quot;:&quot;https:\\\/\\\/voxaura.ai\\\/wp-content\\\/uploads\\\/2026\\\/03\\\/voxaura-crafted-excellence-startpage-banner.jpg&quot;}],&quot;background_slideshow_slide_duration&quot;:5000,&quot;background_slideshow_slide_transition&quot;:&quot;fade&quot;,&quot;background_slideshow_transition_duration&quot;:500}\">\n\t\t\t\t<div class=\"elementor-element elementor-element-17be4ee9 elementor-widget elementor-widget-text-editor\" data-id=\"17be4ee9\" data-element_type=\"widget\" data-e-type=\"widget\" data-widget_type=\"text-editor.default\">\n\t\t\t\t\t\t\t\t\t<p>HANDWERKLICHE PERFEKTION<\/p>\t\t\t\t\t\t\t\t<\/div>\n\t\t\t\t<div class=\"elementor-element elementor-element-53e7835 elementor-widget elementor-widget-text-editor\" data-id=\"53e7835\" data-element_type=\"widget\" data-e-type=\"widget\" data-widget_type=\"text-editor.default\">\n\t\t\t\t\t\t\t\t\t<p>Pr\u00e4zision, Innovation und Nachhaltigkeit.<\/p>\t\t\t\t\t\t\t\t<\/div>\n\t\t\t\t<\/div>\n\t\t\t\t<\/div>\n\t\t<div class=\"elementor-element elementor-element-702eb6f2 e-con-full e-flex wpr-particle-no wpr-jarallax-no wpr-parallax-no wpr-sticky-section-no wpr-equal-height-no e-con e-parent\" data-id=\"702eb6f2\" data-element_type=\"container\" data-e-type=\"container\">\n\t\t<div class=\"elementor-element elementor-element-58db15e1 e-con-full e-flex wpr-particle-no wpr-jarallax-no wpr-parallax-no wpr-sticky-section-no wpr-equal-height-no e-con e-child\" data-id=\"58db15e1\" data-element_type=\"container\" data-e-type=\"container\">\n\t\t\t\t<div class=\"elementor-element elementor-element-42141d7e elementor-widget elementor-widget-heading\" data-id=\"42141d7e\" data-element_type=\"widget\" data-e-type=\"widget\" data-widget_type=\"heading.default\">\n\t\t\t\t\t<h2 class=\"elementor-heading-title elementor-size-default\">LICHT F\u00dcR DIE ZUKUNFT<\/h2>\t\t\t\t<\/div>\n\t\t\t\t<div class=\"elementor-element elementor-element-3643d121 elementor-widget elementor-widget-text-editor\" data-id=\"3643d121\" data-element_type=\"widget\" data-e-type=\"widget\" data-widget_type=\"text-editor.default\">\n\t\t\t\t\t\t\t\t\t<p>Bei VoxAura definiert Crafted Excellence alles, was wir tun.<\/p><p>Mit \u00fcber 18 Jahren Erfahrung kombinieren wir Qualit\u00e4t, Pr\u00e4zision und Innovation, um Beleuchtungsl\u00f6sungen zu liefern, die R\u00e4ume auf der ganzen Welt ver\u00e4ndern. Von unserer Spitzentechnologie und unseren fortschrittlichen Fertigungsprozessen bis hin zu unserem Engagement f\u00fcr Nachhaltigkeit verschieben wir st\u00e4ndig die Grenzen dessen, was Beleuchtung erreichen kann. <\/p><p>Unser Expertenteam arbeitet unerm\u00fcdlich an der Entwicklung intelligenter, leistungsstarker Produkte, die Design und Funktionalit\u00e4t vereinen und sicherstellen, dass jede L\u00f6sung nicht nur effizient, sondern auch bahnbrechend ist. Entdecken Sie, wie unsere Leidenschaft f\u00fcr Innovation und umweltbewusste Praktiken VoxAura zu einem f\u00fchrenden Unternehmen in der Beleuchtungsbranche machen. <\/p>\t\t\t\t\t\t\t\t<\/div>\n\t\t\t\t<\/div>\n\t\t<div class=\"elementor-element elementor-element-3337b473 e-con-full e-flex wpr-particle-no wpr-jarallax-no wpr-parallax-no wpr-sticky-section-no wpr-equal-height-no e-con e-child\" data-id=\"3337b473\" data-element_type=\"container\" data-e-type=\"container\">\n\t\t\t\t<div class=\"elementor-element elementor-element-2f99457 elementor-widget elementor-widget-image\" data-id=\"2f99457\" data-element_type=\"widget\" data-e-type=\"widget\" data-widget_type=\"image.default\">\n\t\t\t\t\t\t\t\t\t\t\t\t\t\t\t<img fetchpriority=\"high\" decoding=\"async\" width=\"1024\" height=\"623\" src=\"https:\/\/voxaura.ai\/wp-content\/uploads\/2026\/03\/voxaura-future-chairs-big-room.webp\" class=\"attachment-full size-full wp-image-13169\" alt=\"\" srcset=\"https:\/\/voxaura.ai\/wp-content\/uploads\/2026\/03\/voxaura-future-chairs-big-room.webp 1024w, https:\/\/voxaura.ai\/wp-content\/uploads\/2026\/03\/voxaura-future-chairs-big-room-300x183.webp 300w, https:\/\/voxaura.ai\/wp-content\/uploads\/2026\/03\/voxaura-future-chairs-big-room-768x467.webp 768w, https:\/\/voxaura.ai\/wp-content\/uploads\/2026\/03\/voxaura-future-chairs-big-room-600x365.webp 600w, https:\/\/voxaura.ai\/wp-content\/uploads\/2026\/03\/voxaura-future-chairs-big-room-64x39.webp 64w\" sizes=\"(max-width: 1024px) 100vw, 1024px\" \/>\t\t\t\t\t\t\t\t\t\t\t\t\t\t\t<\/div>\n\t\t\t\t<\/div>\n\t\t\t\t<\/div>\n\t\t\t\t<\/div>\n\t\t","protected":false},"excerpt":{"rendered":"<p>VoxAura Fachleute HANDWERKLICHE PERFEKTION Pr\u00e4zision, Innovation und Nachhaltigkeit. LICHT F\u00dcR DIE ZUKUNFT Bei VoxAura definiert Crafted Excellence alles, was wir tun. Mit \u00fcber 18 Jahren Erfahrung kombinieren wir Qualit\u00e4t, Pr\u00e4zision und Innovation, um Beleuchtungsl\u00f6sungen zu liefern, die R\u00e4ume auf der ganzen Welt ver\u00e4ndern. Von unserer Spitzentechnologie und unseren fortschrittlichen Fertigungsprozessen bis hin zu unserem Engagement<\/p>\n","protected":false},"author":1,"featured_media":0,"parent":13161,"menu_order":0,"comment_status":"closed","ping_status":"closed","template":"elementor_theme","meta":{"_acf_changed":false,"solace_meta_sidebar":"","solace_meta_container":"","solace_meta_enable_content_width":"","solace_meta_content_width":0,"solace_meta_title_alignment":"","solace_meta_author_avatar":"","solace_post_elements_order":"","solace_meta_disable_header":"","solace_meta_disable_footer":"","solace_meta_disable_title":"","footnotes":""},"class_list":["post-13168","page","type-page","status-publish","hentry"],"acf":[],"_hostinger_reach_plugin_has_subscription_block":false,"_hostinger_reach_plugin_is_elementor":false,"_links":{"self":[{"href":"https:\/\/voxaura.ai\/de\/wp-json\/wp\/v2\/pages\/13168","targetHints":{"allow":["GET"]}}],"collection":[{"href":"https:\/\/voxaura.ai\/de\/wp-json\/wp\/v2\/pages"}],"about":[{"href":"https:\/\/voxaura.ai\/de\/wp-json\/wp\/v2\/types\/page"}],"author":[{"embeddable":true,"href":"https:\/\/voxaura.ai\/de\/wp-json\/wp\/v2\/users\/1"}],"replies":[{"embeddable":true,"href":"https:\/\/voxaura.ai\/de\/wp-json\/wp\/v2\/comments?post=13168"}],"version-history":[{"count":1,"href":"https:\/\/voxaura.ai\/de\/wp-json\/wp\/v2\/pages\/13168\/revisions"}],"predecessor-version":[{"id":13173,"href":"https:\/\/voxaura.ai\/de\/wp-json\/wp\/v2\/pages\/13168\/revisions\/13173"}],"up":[{"embeddable":true,"href":"https:\/\/voxaura.ai\/de\/wp-json\/wp\/v2\/pages\/13161"}],"wp:attachment":[{"href":"https:\/\/voxaura.ai\/de\/wp-json\/wp\/v2\/media?parent=13168"}],"curies":[{"name":"wp","href":"https:\/\/api.w.org\/{rel}","templated":true}]}}