{"id":13161,"date":"2025-11-18T08:54:15","date_gmt":"2025-11-18T08:54:15","guid":{"rendered":"https:\/\/voxaura.ai\/fachleute\/"},"modified":"2026-04-20T07:13:28","modified_gmt":"2026-04-20T07:13:28","slug":"fachleute","status":"publish","type":"page","link":"https:\/\/voxaura.ai\/de\/fachleute\/","title":{"rendered":"Fachleute"},"content":{"rendered":"\t\t<div data-elementor-type=\"wp-page\" data-elementor-id=\"13161\" class=\"elementor elementor-13161 elementor-366\" data-elementor-post-type=\"page\">\n\t\t\t\t<div class=\"elementor-element elementor-element-29a9dd01 e-con-full e-flex wpr-particle-no wpr-jarallax-no wpr-parallax-no wpr-sticky-section-no wpr-equal-height-no e-con e-parent\" data-id=\"29a9dd01\" data-element_type=\"container\" data-e-type=\"container\">\n\t\t\t\t<div class=\"elementor-element elementor-element-517d527f elementor-icon-list--layout-inline elementor-align-center elementor-widget__width-auto elementor-hidden-mobile elementor-list-item-link-full_width elementor-widget elementor-widget-icon-list\" data-id=\"517d527f\" data-element_type=\"widget\" data-e-type=\"widget\" data-widget_type=\"icon-list.default\">\n\t\t\t\t\t\t\t<ul class=\"elementor-icon-list-items elementor-inline-items\">\n\t\t\t\t\t\t\t<li class=\"elementor-icon-list-item elementor-inline-item\">\n\t\t\t\t\t\t\t\t\t\t\t<a href=\"https:\/\/voxaura.ai\/home\/\" target=\"_blank\" voxaura=\"\">\n\n\t\t\t\t\t\t\t\t\t\t\t<span class=\"elementor-icon-list-text\">VoxAura<\/span>\n\t\t\t\t\t\t\t\t\t\t\t<\/a>\n\t\t\t\t\t\t\t\t\t<\/li>\n\t\t\t\t\t\t\t\t<li class=\"elementor-icon-list-item elementor-inline-item\">\n\t\t\t\t\t\t\t\t\t\t\t<span class=\"elementor-icon-list-icon\">\n\t\t\t\t\t\t\t<svg aria-hidden=\"true\" class=\"e-font-icon-svg e-fas-angle-right\" viewBox=\"0 0 256 512\" xmlns=\"http:\/\/www.w3.org\/2000\/svg\"><path d=\"M224.3 273l-136 136c-9.4 9.4-24.6 9.4-33.9 0l-22.6-22.6c-9.4-9.4-9.4-24.6 0-33.9l96.4-96.4-96.4-96.4c-9.4-9.4-9.4-24.6 0-33.9L54.3 103c9.4-9.4 24.6-9.4 33.9 0l136 136c9.5 9.4 9.5 24.6.1 34z\"><\/path><\/svg>\t\t\t\t\t\t<\/span>\n\t\t\t\t\t\t\t\t\t\t<span class=\"elementor-icon-list-text\">Fachleute<\/span>\n\t\t\t\t\t\t\t\t\t<\/li>\n\t\t\t\t\t\t<\/ul>\n\t\t\t\t\t\t<\/div>\n\t\t<div class=\"elementor-element elementor-element-2dfcc1ae e-con-full e-flex wpr-particle-no wpr-jarallax-no wpr-parallax-no wpr-sticky-section-no wpr-equal-height-no e-con e-child\" data-id=\"2dfcc1ae\" data-element_type=\"container\" data-e-type=\"container\" data-settings=\"{&quot;background_background&quot;:&quot;slideshow&quot;,&quot;background_slideshow_gallery&quot;:[{&quot;id&quot;:13162,&quot;url&quot;:&quot;https:\\\/\\\/voxaura.ai\\\/wp-content\\\/uploads\\\/2026\\\/03\\\/voxaura-for-partner-banner.jpg&quot;}],&quot;background_slideshow_slide_duration&quot;:5000,&quot;background_slideshow_slide_transition&quot;:&quot;fade&quot;,&quot;background_slideshow_transition_duration&quot;:500}\">\n\t\t\t\t<div class=\"elementor-element elementor-element-4fa56576 elementor-widget elementor-widget-text-editor\" data-id=\"4fa56576\" data-element_type=\"widget\" data-e-type=\"widget\" data-widget_type=\"text-editor.default\">\n\t\t\t\t\t\t\t\t\t<p>WAS SIE BEI UNS VERKAUFEN W\u00dcRDEN<\/p>\t\t\t\t\t\t\t\t<\/div>\n\t\t\t\t<div class=\"elementor-element elementor-element-29b3f55f elementor-widget elementor-widget-text-editor\" data-id=\"29b3f55f\" data-element_type=\"widget\" data-e-type=\"widget\" data-widget_type=\"text-editor.default\">\n\t\t\t\t\t\t\t\t\t<p>Ein sch\u00f6nes Produkt f\u00fcr den Kunden, aber was sind die Vorteile f\u00fcr Sie als Partner?<\/p>\t\t\t\t\t\t\t\t<\/div>\n\t\t\t\t<\/div>\n\t\t\t\t<\/div>\n\t\t<div class=\"elementor-element elementor-element-3aa1584b e-con-full e-flex wpr-particle-no wpr-jarallax-no wpr-parallax-no wpr-sticky-section-no wpr-equal-height-no e-con e-parent\" data-id=\"3aa1584b\" data-element_type=\"container\" data-e-type=\"container\">\n\t\t<div class=\"elementor-element elementor-element-61699d1b e-con-full e-flex wpr-particle-no wpr-jarallax-no wpr-parallax-no wpr-sticky-section-no wpr-equal-height-no e-con e-child\" data-id=\"61699d1b\" data-element_type=\"container\" data-e-type=\"container\">\n\t\t\t\t<div class=\"elementor-element elementor-element-52e85f75 elementor-widget elementor-widget-heading\" data-id=\"52e85f75\" data-element_type=\"widget\" data-e-type=\"widget\" data-widget_type=\"heading.default\">\n\t\t\t\t\t<h2 class=\"elementor-heading-title elementor-size-default\">WIR SIND DER PERFEKTE PARTNER<\/h2>\t\t\t\t<\/div>\n\t\t\t\t<div class=\"elementor-element elementor-element-5b2bf5a3 elementor-widget elementor-widget-text-editor\" data-id=\"5b2bf5a3\" data-element_type=\"widget\" data-e-type=\"widget\" data-widget_type=\"text-editor.default\">\n\t\t\t\t\t\t\t\t\t<p>Unsere Produkte zeichnen sich nicht nur durch hervorragende Qualit\u00e4t und ein engagiertes Team aus. Wir bieten auch verschiedene Vorteile f\u00fcr unsere Partner. <\/p>\t\t\t\t\t\t\t\t<\/div>\n\t\t\t\t<\/div>\n\t\t<div class=\"elementor-element elementor-element-28cbf00 e-con-full e-flex wpr-particle-no wpr-jarallax-no wpr-parallax-no wpr-sticky-section-no wpr-equal-height-no e-con e-child\" data-id=\"28cbf00\" data-element_type=\"container\" data-e-type=\"container\">\n\t\t\t\t<div class=\"elementor-element elementor-element-88aefc9 elementor-widget elementor-widget-image\" data-id=\"88aefc9\" data-element_type=\"widget\" data-e-type=\"widget\" data-widget_type=\"image.default\">\n\t\t\t\t\t\t\t\t\t\t\t\t\t\t\t<img fetchpriority=\"high\" decoding=\"async\" width=\"2000\" height=\"1500\" src=\"https:\/\/voxaura.ai\/wp-content\/uploads\/2025\/12\/voxaura-ceiling-lights.jpg\" class=\"attachment-full size-full wp-image-13163\" alt=\"\" srcset=\"https:\/\/voxaura.ai\/wp-content\/uploads\/2025\/12\/voxaura-ceiling-lights.jpg 2000w, https:\/\/voxaura.ai\/wp-content\/uploads\/2025\/12\/voxaura-ceiling-lights-300x225.jpg 300w, https:\/\/voxaura.ai\/wp-content\/uploads\/2025\/12\/voxaura-ceiling-lights-600x450.jpg 600w, https:\/\/voxaura.ai\/wp-content\/uploads\/2025\/12\/voxaura-ceiling-lights-64x48.jpg 64w, https:\/\/voxaura.ai\/wp-content\/uploads\/2025\/12\/voxaura-ceiling-lights-1024x768.jpg 1024w, https:\/\/voxaura.ai\/wp-content\/uploads\/2025\/12\/voxaura-ceiling-lights-768x576.jpg 768w, https:\/\/voxaura.ai\/wp-content\/uploads\/2025\/12\/voxaura-ceiling-lights-1536x1152.jpg 1536w\" sizes=\"(max-width: 2000px) 100vw, 2000px\" \/>\t\t\t\t\t\t\t\t\t\t\t\t\t\t\t<\/div>\n\t\t\t\t<\/div>\n\t\t\t\t<\/div>\n\t\t<div class=\"elementor-element elementor-element-d1c2387 e-con-full e-grid wpr-particle-no wpr-jarallax-no wpr-parallax-no wpr-sticky-section-no wpr-equal-height-no e-con e-parent\" data-id=\"d1c2387\" data-element_type=\"container\" data-e-type=\"container\">\n\t\t<a class=\"elementor-element elementor-element-8be4d2b e-con-full e-flex wpr-particle-no wpr-jarallax-no wpr-parallax-no wpr-sticky-section-no wpr-equal-height-no e-con e-child\" data-id=\"8be4d2b\" data-element_type=\"container\" data-e-type=\"container\" data-settings=\"{&quot;background_background&quot;:&quot;slideshow&quot;,&quot;background_slideshow_gallery&quot;:[{&quot;id&quot;:13164,&quot;url&quot;:&quot;https:\\\/\\\/voxaura.ai\\\/wp-content\\\/uploads\\\/2026\\\/03\\\/voxaura-innovation-and-Certified-Excellence-banner2.webp&quot;}],&quot;background_slideshow_loop&quot;:&quot;yes&quot;,&quot;background_slideshow_slide_duration&quot;:5000,&quot;background_slideshow_slide_transition&quot;:&quot;fade&quot;,&quot;background_slideshow_transition_duration&quot;:500}\" href=\"https:\/\/voxaura.ai\/professionals\/crafted-excellence\/\">\n\t\t\t\t<div class=\"elementor-element elementor-element-5de31c4 elementor-widget elementor-widget-heading\" data-id=\"5de31c4\" data-element_type=\"widget\" data-e-type=\"widget\" data-widget_type=\"heading.default\">\n\t\t\t\t\t<h2 class=\"elementor-heading-title elementor-size-default\">HANDARBEIT<br>EXZELLENZ<\/h2>\t\t\t\t<\/div>\n\t\t\t\t<\/a>\n\t\t<a class=\"elementor-element elementor-element-275772b e-con-full e-flex wpr-particle-no wpr-jarallax-no wpr-parallax-no wpr-sticky-section-no wpr-equal-height-no e-con e-child\" data-id=\"275772b\" data-element_type=\"container\" data-e-type=\"container\" data-settings=\"{&quot;background_background&quot;:&quot;slideshow&quot;,&quot;background_slideshow_gallery&quot;:[{&quot;id&quot;:13165,&quot;url&quot;:&quot;https:\\\/\\\/voxaura.ai\\\/wp-content\\\/uploads\\\/2026\\\/03\\\/voxaura-partner-benefits-banner1-1.webp&quot;}],&quot;background_slideshow_loop&quot;:&quot;yes&quot;,&quot;background_slideshow_slide_duration&quot;:5000,&quot;background_slideshow_slide_transition&quot;:&quot;fade&quot;,&quot;background_slideshow_transition_duration&quot;:500}\" href=\"https:\/\/voxaura.ai\/professionals\/partner-benefits\/\">\n\t\t\t\t<div class=\"elementor-element elementor-element-297f98c elementor-widget elementor-widget-heading\" data-id=\"297f98c\" data-element_type=\"widget\" data-e-type=\"widget\" data-widget_type=\"heading.default\">\n\t\t\t\t\t<h2 class=\"elementor-heading-title elementor-size-default\">PARTNER<br>VORTEILE<\/h2>\t\t\t\t<\/div>\n\t\t\t\t<\/a>\n\t\t\t\t<\/div>\n\t\t\t\t<\/div>\n\t\t","protected":false},"excerpt":{"rendered":"<p>VoxAura WAS SIE BEI UNS VERKAUFEN W\u00dcRDEN Ein sch\u00f6nes Produkt f\u00fcr den Kunden, aber was sind die Vorteile f\u00fcr Sie als Partner? WIR SIND DER PERFEKTE PARTNER Unsere Produkte zeichnen sich nicht nur durch hervorragende Qualit\u00e4t und ein engagiertes Team aus. Wir bieten auch verschiedene Vorteile f\u00fcr unsere Partner. HANDARBEITEXZELLENZ PARTNERVORTEILE<\/p>\n","protected":false},"author":1,"featured_media":0,"parent":0,"menu_order":3,"comment_status":"closed","ping_status":"closed","template":"elementor_theme","meta":{"_acf_changed":false,"solace_meta_sidebar":"","solace_meta_container":"","solace_meta_enable_content_width":"","solace_meta_content_width":0,"solace_meta_title_alignment":"","solace_meta_author_avatar":"","solace_post_elements_order":"","solace_meta_disable_header":"","solace_meta_disable_footer":"","solace_meta_disable_title":"","footnotes":""},"class_list":["post-13161","page","type-page","status-publish","hentry"],"acf":[],"_hostinger_reach_plugin_has_subscription_block":false,"_hostinger_reach_plugin_is_elementor":false,"_links":{"self":[{"href":"https:\/\/voxaura.ai\/de\/wp-json\/wp\/v2\/pages\/13161","targetHints":{"allow":["GET"]}}],"collection":[{"href":"https:\/\/voxaura.ai\/de\/wp-json\/wp\/v2\/pages"}],"about":[{"href":"https:\/\/voxaura.ai\/de\/wp-json\/wp\/v2\/types\/page"}],"author":[{"embeddable":true,"href":"https:\/\/voxaura.ai\/de\/wp-json\/wp\/v2\/users\/1"}],"replies":[{"embeddable":true,"href":"https:\/\/voxaura.ai\/de\/wp-json\/wp\/v2\/comments?post=13161"}],"version-history":[{"count":1,"href":"https:\/\/voxaura.ai\/de\/wp-json\/wp\/v2\/pages\/13161\/revisions"}],"predecessor-version":[{"id":13166,"href":"https:\/\/voxaura.ai\/de\/wp-json\/wp\/v2\/pages\/13161\/revisions\/13166"}],"wp:attachment":[{"href":"https:\/\/voxaura.ai\/de\/wp-json\/wp\/v2\/media?parent=13161"}],"curies":[{"name":"wp","href":"https:\/\/api.w.org\/{rel}","templated":true}]}}