{"id":13124,"date":"2025-11-11T02:46:47","date_gmt":"2025-11-11T02:46:47","guid":{"rendered":"https:\/\/voxaura.ai\/service\/"},"modified":"2026-04-20T07:13:23","modified_gmt":"2026-04-20T07:13:23","slug":"service","status":"publish","type":"page","link":"https:\/\/voxaura.ai\/de\/service\/","title":{"rendered":"Service"},"content":{"rendered":"\t\t<div data-elementor-type=\"wp-page\" data-elementor-id=\"13124\" class=\"elementor elementor-13124 elementor-119\" data-elementor-post-type=\"page\">\n\t\t\t\t<div class=\"elementor-element elementor-element-23f7b115 e-con-full e-flex wpr-particle-no wpr-jarallax-no wpr-parallax-no wpr-sticky-section-no wpr-equal-height-no e-con e-parent\" data-id=\"23f7b115\" data-element_type=\"container\" data-e-type=\"container\">\n\t\t\t\t<div class=\"elementor-element elementor-element-33df1412 elementor-icon-list--layout-inline elementor-align-center elementor-widget__width-auto elementor-hidden-mobile elementor-list-item-link-full_width elementor-widget elementor-widget-icon-list\" data-id=\"33df1412\" data-element_type=\"widget\" data-e-type=\"widget\" data-widget_type=\"icon-list.default\">\n\t\t\t\t\t\t\t<ul class=\"elementor-icon-list-items elementor-inline-items\">\n\t\t\t\t\t\t\t<li class=\"elementor-icon-list-item elementor-inline-item\">\n\t\t\t\t\t\t\t\t\t\t\t<a href=\"https:\/\/voxaura.ai\/home\/\" target=\"_blank\" voxaura=\"\">\n\n\t\t\t\t\t\t\t\t\t\t\t<span class=\"elementor-icon-list-text\">VoxAura<\/span>\n\t\t\t\t\t\t\t\t\t\t\t<\/a>\n\t\t\t\t\t\t\t\t\t<\/li>\n\t\t\t\t\t\t\t\t<li class=\"elementor-icon-list-item elementor-inline-item\">\n\t\t\t\t\t\t\t\t\t\t\t<span class=\"elementor-icon-list-icon\">\n\t\t\t\t\t\t\t<svg aria-hidden=\"true\" class=\"e-font-icon-svg e-fas-angle-right\" viewBox=\"0 0 256 512\" xmlns=\"http:\/\/www.w3.org\/2000\/svg\"><path d=\"M224.3 273l-136 136c-9.4 9.4-24.6 9.4-33.9 0l-22.6-22.6c-9.4-9.4-9.4-24.6 0-33.9l96.4-96.4-96.4-96.4c-9.4-9.4-9.4-24.6 0-33.9L54.3 103c9.4-9.4 24.6-9.4 33.9 0l136 136c9.5 9.4 9.5 24.6.1 34z\"><\/path><\/svg>\t\t\t\t\t\t<\/span>\n\t\t\t\t\t\t\t\t\t\t<span class=\"elementor-icon-list-text\">Service<\/span>\n\t\t\t\t\t\t\t\t\t<\/li>\n\t\t\t\t\t\t<\/ul>\n\t\t\t\t\t\t<\/div>\n\t\t<div class=\"elementor-element elementor-element-6e1fe374 e-con-full e-flex wpr-particle-no wpr-jarallax-no wpr-parallax-no wpr-sticky-section-no wpr-equal-height-no e-con e-child\" data-id=\"6e1fe374\" data-element_type=\"container\" data-e-type=\"container\" data-settings=\"{&quot;background_background&quot;:&quot;slideshow&quot;,&quot;background_slideshow_gallery&quot;:[{&quot;id&quot;:13125,&quot;url&quot;:&quot;https:\\\/\\\/voxaura.ai\\\/wp-content\\\/uploads\\\/2026\\\/02\\\/voxaura-service-startpage-banner.jpg&quot;}],&quot;background_slideshow_slide_duration&quot;:5000,&quot;background_slideshow_slide_transition&quot;:&quot;fade&quot;,&quot;background_slideshow_transition_duration&quot;:500}\">\n\t\t\t\t<div class=\"elementor-element elementor-element-582554da elementor-widget elementor-widget-text-editor\" data-id=\"582554da\" data-element_type=\"widget\" data-e-type=\"widget\" data-widget_type=\"text-editor.default\">\n\t\t\t\t\t\t\t\t\t<p>UNSER SERVICE F\u00dcR SIE<\/p>\t\t\t\t\t\t\t\t<\/div>\n\t\t\t\t<div class=\"elementor-element elementor-element-56aa6c9a elementor-widget elementor-widget-text-editor\" data-id=\"56aa6c9a\" data-element_type=\"widget\" data-e-type=\"widget\" data-widget_type=\"text-editor.default\">\n\t\t\t\t\t\t\t\t\t<p>Wir verkaufen nicht nur Licht.<br>Wir teilen auch unser Wissen mit Ihnen. Lassen Sie uns Ihnen helfen. <\/p>\t\t\t\t\t\t\t\t<\/div>\n\t\t\t\t<\/div>\n\t\t\t\t<\/div>\n\t\t<div class=\"elementor-element elementor-element-1ce709f1 e-con-full e-flex wpr-particle-no wpr-jarallax-no wpr-parallax-no wpr-sticky-section-no wpr-equal-height-no e-con e-parent\" data-id=\"1ce709f1\" data-element_type=\"container\" data-e-type=\"container\">\n\t\t<div class=\"elementor-element elementor-element-76f03187 e-con-full e-flex wpr-particle-no wpr-jarallax-no wpr-parallax-no wpr-sticky-section-no wpr-equal-height-no e-con e-child\" data-id=\"76f03187\" data-element_type=\"container\" data-e-type=\"container\">\n\t\t\t\t<div class=\"elementor-element elementor-element-7a266ad1 elementor-widget elementor-widget-heading\" data-id=\"7a266ad1\" data-element_type=\"widget\" data-e-type=\"widget\" data-widget_type=\"heading.default\">\n\t\t\t\t\t<h2 class=\"elementor-heading-title elementor-size-default\">Die perfekte Balance finden<\/h2>\t\t\t\t<\/div>\n\t\t\t\t<div class=\"elementor-element elementor-element-14a97ce6 elementor-widget elementor-widget-text-editor\" data-id=\"14a97ce6\" data-element_type=\"widget\" data-e-type=\"widget\" data-widget_type=\"text-editor.default\">\n\t\t\t\t\t\t\t\t\t<p>Entdecken Sie, wie Beleuchtung R\u00e4ume verwandelt.<br>Entdecken Sie die Beleuchtungskonzepte von m\u00f6blierten H\u00e4usern, die verwendeten Leuchten und ihre Auswirkungen auf das Ambiente.<br><br>Lassen Sie sich inspirieren und lernen Sie, wie Sie Licht effektiv einsetzen &#8211; f\u00fcr mehr Atmosph\u00e4re, Funktionalit\u00e4t und Komfort.<\/p>\t\t\t\t\t\t\t\t<\/div>\n\t\t\t\t<div class=\"elementor-element elementor-element-d687c87 elementor-widget elementor-widget-button\" data-id=\"d687c87\" data-element_type=\"widget\" data-e-type=\"widget\" data-widget_type=\"button.default\">\n\t\t\t\t\t\t\t\t\t\t<a class=\"elementor-button elementor-button-link elementor-size-sm\" href=\"#\">\n\t\t\t\t\t\t<span class=\"elementor-button-content-wrapper\">\n\t\t\t\t\t\t\t\t\t<span class=\"elementor-button-text\">Mehr lesen<\/span>\n\t\t\t\t\t<\/span>\n\t\t\t\t\t<\/a>\n\t\t\t\t\t\t\t\t<\/div>\n\t\t\t\t<\/div>\n\t\t<div class=\"elementor-element elementor-element-303d22db e-con-full e-flex wpr-particle-no wpr-jarallax-no wpr-parallax-no wpr-sticky-section-no wpr-equal-height-no e-con e-child\" data-id=\"303d22db\" data-element_type=\"container\" data-e-type=\"container\">\n\t\t\t\t<div class=\"elementor-element elementor-element-42b21bc elementor-widget elementor-widget-image\" data-id=\"42b21bc\" data-element_type=\"widget\" data-e-type=\"widget\" data-widget_type=\"image.default\">\n\t\t\t\t\t\t\t\t\t\t\t\t\t\t\t<img fetchpriority=\"high\" decoding=\"async\" width=\"2560\" height=\"1440\" src=\"https:\/\/voxaura.ai\/wp-content\/uploads\/2026\/02\/voxaura-tinyhouse-outdoor-look-scaled.jpg\" class=\"attachment-full size-full wp-image-13126\" alt=\"\" srcset=\"https:\/\/voxaura.ai\/wp-content\/uploads\/2026\/02\/voxaura-tinyhouse-outdoor-look-scaled.jpg 2560w, https:\/\/voxaura.ai\/wp-content\/uploads\/2026\/02\/voxaura-tinyhouse-outdoor-look-300x169.jpg 300w, https:\/\/voxaura.ai\/wp-content\/uploads\/2026\/02\/voxaura-tinyhouse-outdoor-look-1024x576.jpg 1024w, https:\/\/voxaura.ai\/wp-content\/uploads\/2026\/02\/voxaura-tinyhouse-outdoor-look-768x432.jpg 768w, https:\/\/voxaura.ai\/wp-content\/uploads\/2026\/02\/voxaura-tinyhouse-outdoor-look-1536x864.jpg 1536w, https:\/\/voxaura.ai\/wp-content\/uploads\/2026\/02\/voxaura-tinyhouse-outdoor-look-2048x1152.jpg 2048w, https:\/\/voxaura.ai\/wp-content\/uploads\/2026\/02\/voxaura-tinyhouse-outdoor-look-600x338.jpg 600w, https:\/\/voxaura.ai\/wp-content\/uploads\/2026\/02\/voxaura-tinyhouse-outdoor-look-64x36.jpg 64w\" sizes=\"(max-width: 2560px) 100vw, 2560px\" \/>\t\t\t\t\t\t\t\t\t\t\t\t\t\t\t<\/div>\n\t\t\t\t<\/div>\n\t\t\t\t<\/div>\n\t\t<div class=\"elementor-element elementor-element-5ee203e e-con-full e-flex wpr-particle-no wpr-jarallax-no wpr-parallax-no wpr-sticky-section-no wpr-equal-height-no e-con e-parent\" data-id=\"5ee203e\" data-element_type=\"container\" data-e-type=\"container\">\n\t\t<div class=\"elementor-element elementor-element-3e08af5 e-con-full e-flex wpr-particle-no wpr-jarallax-no wpr-parallax-no wpr-sticky-section-no wpr-equal-height-no e-con e-child\" data-id=\"3e08af5\" data-element_type=\"container\" data-e-type=\"container\">\n\t\t\t\t<div class=\"elementor-element elementor-element-17a3c6e elementor-widget elementor-widget-heading\" data-id=\"17a3c6e\" data-element_type=\"widget\" data-e-type=\"widget\" data-widget_type=\"heading.default\">\n\t\t\t\t\t<h2 class=\"elementor-heading-title elementor-size-default\">PRODUKTKONFIGURATION<\/h2>\t\t\t\t<\/div>\n\t\t\t\t<div class=\"elementor-element elementor-element-36f2f03 elementor-widget elementor-widget-text-editor\" data-id=\"36f2f03\" data-element_type=\"widget\" data-e-type=\"widget\" data-widget_type=\"text-editor.default\">\n\t\t\t\t\t\t\t\t\t<p>Erstellen Sie Ihr perfektes Beleuchtungssetup. Mit unserem Konfigurator k\u00f6nnen Sie Leuchten, Lichtfarben und Ambiente passend zu Ihrem Raum ausw\u00e4hlen. Passen Sie jedes Detail an und sehen Sie das Ergebnis sofort &#8211; so erhalten Sie die ideale Beleuchtung f\u00fcr jeden Raum.  <\/p><p>EXPERIMENTIEREN, ANPASSEN UND EINE BELEUCHTUNG ENTWERFEN, DIE PERFEKT ZU IHREM STIL UND IHREN BED\u00dcRFNISSEN PASST!<\/p>\t\t\t\t\t\t\t\t<\/div>\n\t\t\t\t<div class=\"elementor-element elementor-element-0535724 elementor-widget elementor-widget-button\" data-id=\"0535724\" data-element_type=\"widget\" data-e-type=\"widget\" data-widget_type=\"button.default\">\n\t\t\t\t\t\t\t\t\t\t<a class=\"elementor-button elementor-button-link elementor-size-sm\" href=\"#\">\n\t\t\t\t\t\t<span class=\"elementor-button-content-wrapper\">\n\t\t\t\t\t\t\t\t\t<span class=\"elementor-button-text\">Mehr lesen<\/span>\n\t\t\t\t\t<\/span>\n\t\t\t\t\t<\/a>\n\t\t\t\t\t\t\t\t<\/div>\n\t\t\t\t<\/div>\n\t\t<div class=\"elementor-element elementor-element-f009098 e-con-full e-flex wpr-particle-no wpr-jarallax-no wpr-parallax-no wpr-sticky-section-no wpr-equal-height-no e-con e-child\" data-id=\"f009098\" data-element_type=\"container\" data-e-type=\"container\">\n\t\t\t\t<div class=\"elementor-element elementor-element-4fc4c1e elementor-widget elementor-widget-wpr-before-after\" data-id=\"4fc4c1e\" data-element_type=\"widget\" data-e-type=\"widget\" data-widget_type=\"wpr-before-after.default\">\n\t\t\t\t\t<div class=\"wpr-ba-image-container wpr-ba-horizontal wpr-ba-labels-none\" data-position=\"50\" data-trigger=\"drag\"><div class=\"wpr-ba-image-1\"><img decoding=\"async\" src=\"https:\/\/voxaura.ai\/wp-content\/uploads\/2025\/12\/5de5b608-d6a1-476a-b5d9-329ed6ff79041-scaled.jpg\"><\/div><div class=\"wpr-ba-image-2\"><img decoding=\"async\" src=\"https:\/\/voxaura.ai\/wp-content\/uploads\/2025\/12\/e3718f56-39b5-4178-ab91-05a0a6922d9e112-scaled.jpg\"><\/div><div class=\"wpr-ba-divider\"><div class=\"wpr-ba-divider-icons\"><i class=\"fa fa-chevron-left\"><\/i><i class=\"fa fa-chevron-right\"><\/i><\/div><\/div><div class=\"wpr-ba-label wpr-ba-label-1\"><div>Nach<\/div><\/div><div class=\"wpr-ba-label wpr-ba-label-2\"><div>Vor<\/div><\/div><\/div>\t\t\t\t<\/div>\n\t\t\t\t<\/div>\n\t\t\t\t<\/div>\n\t\t<div class=\"elementor-element elementor-element-ad09460 e-con-full e-flex wpr-particle-no wpr-jarallax-no wpr-parallax-no wpr-sticky-section-no wpr-equal-height-no e-con e-parent\" data-id=\"ad09460\" data-element_type=\"container\" data-e-type=\"container\">\n\t\t<div class=\"elementor-element elementor-element-0b273f3 e-con-full e-flex wpr-particle-no wpr-jarallax-no wpr-parallax-no wpr-sticky-section-no wpr-equal-height-no e-con e-child\" data-id=\"0b273f3\" data-element_type=\"container\" data-e-type=\"container\">\n\t\t\t\t<div class=\"elementor-element elementor-element-681edd9 elementor-widget elementor-widget-heading\" data-id=\"681edd9\" data-element_type=\"widget\" data-e-type=\"widget\" data-widget_type=\"heading.default\">\n\t\t\t\t\t<h2 class=\"elementor-heading-title elementor-size-default\">FAQ - IHRE FRAGEN, BEANTWORTET<\/h2>\t\t\t\t<\/div>\n\t\t\t\t<div class=\"elementor-element elementor-element-31bc9aa elementor-widget elementor-widget-text-editor\" data-id=\"31bc9aa\" data-element_type=\"widget\" data-e-type=\"widget\" data-widget_type=\"text-editor.default\">\n\t\t\t\t\t\t\t\t\t<p>Haben Sie Fragen?<br>WIR HABEN DIE ANTWORTEN!<\/p><p>In unserem FAQ-Bereich finden Sie alles, was Sie \u00fcber Beleuchtungskonzepte, Produktanpassung und die Verwendung unseres Konfigurators wissen m\u00fcssen. Ob technische Details, Installationstipps oder Design-Inspiration &#8211; erkunden Sie unsere am h\u00e4ufigsten gestellten Fragen und holen Sie sich die Anleitung, die Sie brauchen. <\/p>\t\t\t\t\t\t\t\t<\/div>\n\t\t\t\t<div class=\"elementor-element elementor-element-74473e5 elementor-widget elementor-widget-button\" data-id=\"74473e5\" data-element_type=\"widget\" data-e-type=\"widget\" data-widget_type=\"button.default\">\n\t\t\t\t\t\t\t\t\t\t<a class=\"elementor-button elementor-button-link elementor-size-sm\" href=\"https:\/\/voxaura.ai\/de\/faqs\/\">\n\t\t\t\t\t\t<span class=\"elementor-button-content-wrapper\">\n\t\t\t\t\t\t\t\t\t<span class=\"elementor-button-text\">Lassen Sie uns Antworten bekommen<\/span>\n\t\t\t\t\t<\/span>\n\t\t\t\t\t<\/a>\n\t\t\t\t\t\t\t\t<\/div>\n\t\t\t\t<\/div>\n\t\t<div class=\"elementor-element elementor-element-c160b49 e-con-full e-flex wpr-particle-no wpr-jarallax-no wpr-parallax-no wpr-sticky-section-no wpr-equal-height-no e-con e-child\" data-id=\"c160b49\" data-element_type=\"container\" data-e-type=\"container\">\n\t\t\t\t<div class=\"elementor-element elementor-element-e7e47b6 elementor-widget elementor-widget-image\" data-id=\"e7e47b6\" data-element_type=\"widget\" data-e-type=\"widget\" data-widget_type=\"image.default\">\n\t\t\t\t\t\t\t\t\t\t\t\t\t\t\t<img decoding=\"async\" width=\"1920\" height=\"1080\" src=\"https:\/\/voxaura.ai\/wp-content\/uploads\/2026\/02\/voxaura-storage-room-wooden-style-scaled.webp\" class=\"attachment-full size-full wp-image-13127\" alt=\"\" srcset=\"https:\/\/voxaura.ai\/wp-content\/uploads\/2026\/02\/voxaura-storage-room-wooden-style-scaled.webp 1920w, https:\/\/voxaura.ai\/wp-content\/uploads\/2026\/02\/voxaura-storage-room-wooden-style-300x169.webp 300w, https:\/\/voxaura.ai\/wp-content\/uploads\/2026\/02\/voxaura-storage-room-wooden-style-1024x576.webp 1024w, https:\/\/voxaura.ai\/wp-content\/uploads\/2026\/02\/voxaura-storage-room-wooden-style-768x432.webp 768w, https:\/\/voxaura.ai\/wp-content\/uploads\/2026\/02\/voxaura-storage-room-wooden-style-1536x864.webp 1536w, https:\/\/voxaura.ai\/wp-content\/uploads\/2026\/02\/voxaura-storage-room-wooden-style-600x338.webp 600w, https:\/\/voxaura.ai\/wp-content\/uploads\/2026\/02\/voxaura-storage-room-wooden-style-64x36.webp 64w\" sizes=\"(max-width: 1920px) 100vw, 1920px\" \/>\t\t\t\t\t\t\t\t\t\t\t\t\t\t\t<\/div>\n\t\t\t\t<\/div>\n\t\t\t\t<\/div>\n\t\t<div class=\"elementor-element elementor-element-89b973b e-con-full e-flex wpr-particle-no wpr-jarallax-no wpr-parallax-no wpr-sticky-section-no wpr-equal-height-no e-con e-parent\" data-id=\"89b973b\" data-element_type=\"container\" data-e-type=\"container\">\n\t\t<div class=\"elementor-element elementor-element-a4c79a7 e-con-full e-flex wpr-particle-no wpr-jarallax-no wpr-parallax-no wpr-sticky-section-no wpr-equal-height-no e-con e-child\" data-id=\"a4c79a7\" data-element_type=\"container\" data-e-type=\"container\">\n\t\t\t\t<div class=\"elementor-element elementor-element-cef815c elementor-widget elementor-widget-heading\" data-id=\"cef815c\" data-element_type=\"widget\" data-e-type=\"widget\" data-widget_type=\"heading.default\">\n\t\t\t\t\t<h2 class=\"elementor-heading-title elementor-size-default\">DOWNLOADS<\/h2>\t\t\t\t<\/div>\n\t\t\t\t<div class=\"elementor-element elementor-element-e1a2951 elementor-widget elementor-widget-text-editor\" data-id=\"e1a2951\" data-element_type=\"widget\" data-e-type=\"widget\" data-widget_type=\"text-editor.default\">\n\t\t\t\t\t\t\t\t\t<p>Hier finden Sie alle wichtigen Dokumente, Anleitungen und Produktinformationen an einem Ort. Laden Sie Handb\u00fccher, technische Spezifikationen und Inspirationen f\u00fcr Ihre Beleuchtungseinrichtung herunter. <\/p><p>BEKOMMEN SIE ALLES, WAS SIE BRAUCHEN &#8211; SCHNELL UND EINFACH<\/p>\t\t\t\t\t\t\t\t<\/div>\n\t\t\t\t<div class=\"elementor-element elementor-element-f33751b elementor-widget elementor-widget-button\" data-id=\"f33751b\" data-element_type=\"widget\" data-e-type=\"widget\" data-widget_type=\"button.default\">\n\t\t\t\t\t\t\t\t\t\t<a class=\"elementor-button elementor-button-link elementor-size-sm\" href=\"https:\/\/voxaura.ai\/de\/service\/herunterladen\/\">\n\t\t\t\t\t\t<span class=\"elementor-button-content-wrapper\">\n\t\t\t\t\t\t\t\t\t<span class=\"elementor-button-text\">Downloads<\/span>\n\t\t\t\t\t<\/span>\n\t\t\t\t\t<\/a>\n\t\t\t\t\t\t\t\t<\/div>\n\t\t\t\t<\/div>\n\t\t<div class=\"elementor-element elementor-element-611a78e e-con-full e-flex wpr-particle-no wpr-jarallax-no wpr-parallax-no wpr-sticky-section-no wpr-equal-height-no e-con e-child\" data-id=\"611a78e\" data-element_type=\"container\" data-e-type=\"container\">\n\t\t\t\t<div class=\"elementor-element elementor-element-bf5df3e elementor-widget elementor-widget-image\" data-id=\"bf5df3e\" data-element_type=\"widget\" data-e-type=\"widget\" data-widget_type=\"image.default\">\n\t\t\t\t\t\t\t\t\t\t\t\t\t\t\t<img decoding=\"async\" width=\"2560\" height=\"1440\" src=\"https:\/\/voxaura.ai\/wp-content\/uploads\/2025\/12\/voxaura-bathroom-300-700lx-1-scaled-1.jpg\" class=\"attachment-full size-full wp-image-13128\" alt=\"\" srcset=\"https:\/\/voxaura.ai\/wp-content\/uploads\/2025\/12\/voxaura-bathroom-300-700lx-1-scaled-1.jpg 2560w, https:\/\/voxaura.ai\/wp-content\/uploads\/2025\/12\/voxaura-bathroom-300-700lx-1-scaled-1-300x169.jpg 300w, https:\/\/voxaura.ai\/wp-content\/uploads\/2025\/12\/voxaura-bathroom-300-700lx-1-scaled-1-600x338.jpg 600w, https:\/\/voxaura.ai\/wp-content\/uploads\/2025\/12\/voxaura-bathroom-300-700lx-1-scaled-1-64x36.jpg 64w, https:\/\/voxaura.ai\/wp-content\/uploads\/2025\/12\/voxaura-bathroom-300-700lx-1-scaled-1-1024x576.jpg 1024w, https:\/\/voxaura.ai\/wp-content\/uploads\/2025\/12\/voxaura-bathroom-300-700lx-1-scaled-1-768x432.jpg 768w, https:\/\/voxaura.ai\/wp-content\/uploads\/2025\/12\/voxaura-bathroom-300-700lx-1-scaled-1-1536x864.jpg 1536w, https:\/\/voxaura.ai\/wp-content\/uploads\/2025\/12\/voxaura-bathroom-300-700lx-1-scaled-1-2048x1152.jpg 2048w\" sizes=\"(max-width: 2560px) 100vw, 2560px\" \/>\t\t\t\t\t\t\t\t\t\t\t\t\t\t\t<\/div>\n\t\t\t\t<\/div>\n\t\t\t\t<\/div>\n\t\t\t\t<\/div>\n\t\t","protected":false},"excerpt":{"rendered":"<p>VoxAura UNSER SERVICE F\u00dcR SIE Wir verkaufen nicht nur Licht.Wir teilen auch unser Wissen mit Ihnen. Lassen Sie uns Ihnen helfen. Die perfekte Balance finden Entdecken Sie, wie Beleuchtung R\u00e4ume verwandelt.Entdecken Sie die Beleuchtungskonzepte von m\u00f6blierten H\u00e4usern, die verwendeten Leuchten und ihre Auswirkungen auf das Ambiente. Lassen Sie sich inspirieren und lernen Sie, wie Sie<\/p>\n","protected":false},"author":1,"featured_media":0,"parent":0,"menu_order":6,"comment_status":"closed","ping_status":"closed","template":"elementor_theme","meta":{"_acf_changed":false,"solace_meta_sidebar":"","solace_meta_container":"","solace_meta_enable_content_width":"","solace_meta_content_width":0,"solace_meta_title_alignment":"","solace_meta_author_avatar":"","solace_post_elements_order":"","solace_meta_disable_header":"","solace_meta_disable_footer":"","solace_meta_disable_title":"","footnotes":""},"class_list":["post-13124","page","type-page","status-publish","hentry"],"acf":[],"_hostinger_reach_plugin_has_subscription_block":false,"_hostinger_reach_plugin_is_elementor":false,"_links":{"self":[{"href":"https:\/\/voxaura.ai\/de\/wp-json\/wp\/v2\/pages\/13124","targetHints":{"allow":["GET"]}}],"collection":[{"href":"https:\/\/voxaura.ai\/de\/wp-json\/wp\/v2\/pages"}],"about":[{"href":"https:\/\/voxaura.ai\/de\/wp-json\/wp\/v2\/types\/page"}],"author":[{"embeddable":true,"href":"https:\/\/voxaura.ai\/de\/wp-json\/wp\/v2\/users\/1"}],"replies":[{"embeddable":true,"href":"https:\/\/voxaura.ai\/de\/wp-json\/wp\/v2\/comments?post=13124"}],"version-history":[{"count":1,"href":"https:\/\/voxaura.ai\/de\/wp-json\/wp\/v2\/pages\/13124\/revisions"}],"predecessor-version":[{"id":13130,"href":"https:\/\/voxaura.ai\/de\/wp-json\/wp\/v2\/pages\/13124\/revisions\/13130"}],"wp:attachment":[{"href":"https:\/\/voxaura.ai\/de\/wp-json\/wp\/v2\/media?parent=13124"}],"curies":[{"name":"wp","href":"https:\/\/api.w.org\/{rel}","templated":true}]}}