{"id":12998,"date":"2026-02-25T07:18:28","date_gmt":"2026-02-25T07:18:28","guid":{"rendered":"https:\/\/voxaura.ai\/impressum\/"},"modified":"2026-04-20T07:07:45","modified_gmt":"2026-04-20T07:07:45","slug":"impressum","status":"publish","type":"page","link":"https:\/\/voxaura.ai\/de\/impressum\/","title":{"rendered":"impressum"},"content":{"rendered":"\t\t<div data-elementor-type=\"wp-page\" data-elementor-id=\"12998\" class=\"elementor elementor-12998 elementor-7996\" data-elementor-post-type=\"page\">\n\t\t\t\t<div class=\"elementor-element elementor-element-8de27d8 e-flex e-con-boxed wpr-particle-no wpr-jarallax-no wpr-parallax-no wpr-sticky-section-no wpr-equal-height-no e-con e-parent\" data-id=\"8de27d8\" data-element_type=\"container\" data-e-type=\"container\">\n\t\t\t\t\t<div class=\"e-con-inner\">\n\t\t\t\t<div class=\"elementor-element elementor-element-cf2f917 elementor-widget elementor-widget-heading\" data-id=\"cf2f917\" data-element_type=\"widget\" data-e-type=\"widget\" data-widget_type=\"heading.default\">\n\t\t\t\t\t<h1 class=\"elementor-heading-title elementor-size-default\">Impressum - VoxAura GmbH<\/h1>\t\t\t\t<\/div>\n\t\t\t\t<div class=\"elementor-element elementor-element-2aa2529 elementor-widget elementor-widget-heading\" data-id=\"2aa2529\" data-element_type=\"widget\" data-e-type=\"widget\" data-widget_type=\"heading.default\">\n\t\t\t\t\t<h2 class=\"elementor-heading-title elementor-size-default\">VoxAura GmbH<\/h2>\t\t\t\t<\/div>\n\t\t\t\t<div class=\"elementor-element elementor-element-30ff487 elementor-widget elementor-widget-text-editor\" data-id=\"30ff487\" data-element_type=\"widget\" data-e-type=\"widget\" data-widget_type=\"text-editor.default\">\n\t\t\t\t\t\t\t\t\t<p>Eschentalweg 5 <br>77948, Friesenheim<br>Deutschland<br>E-Mail: info@VoxAura.ai<\/p><p>Gesch\u00e4ftsf\u00fchrender Direktor: Thomas Ihle<br>USt-IdNr: DE369968675<br>WEEE- Registrierungsnummer: DE 35174898<br>Batterie-Registrierungsnummer: DE 15899220<br>LUCID-Registrierungsnummer: DE 3736687517775<\/p>\t\t\t\t\t\t\t\t<\/div>\n\t\t\t\t<div class=\"elementor-element elementor-element-6af322c elementor-widget elementor-widget-heading\" data-id=\"6af322c\" data-element_type=\"widget\" data-e-type=\"widget\" data-widget_type=\"heading.default\">\n\t\t\t\t\t<h2 class=\"elementor-heading-title elementor-size-default\">HAFTUNG F\u00dcR DEN INHALT:  <\/h2>\t\t\t\t<\/div>\n\t\t\t\t<div class=\"elementor-element elementor-element-ba38eaa elementor-widget elementor-widget-text-editor\" data-id=\"ba38eaa\" data-element_type=\"widget\" data-e-type=\"widget\" data-widget_type=\"text-editor.default\">\n\t\t\t\t\t\t\t\t\t<p>Der Inhalt dieser Seiten wird mit gr\u00f6\u00dftm\u00f6glicher Sorgfalt erstellt. F\u00fcr die Richtigkeit, Vollst\u00e4ndigkeit und Aktualit\u00e4t dieser Inhalte kann jedoch keine Haftung \u00fcbernommen werden.   <br>Allein die Tatsache, dass sich Recht und Technologie st\u00e4ndig weiterentwickeln, bedeutet, dass Informationen im Laufe der Zeit veraltet, ungenau oder widerspr\u00fcchlich werden k\u00f6nnen.<\/p>\t\t\t\t\t\t\t\t<\/div>\n\t\t\t\t<div class=\"elementor-element elementor-element-dc4b780 elementor-widget elementor-widget-heading\" data-id=\"dc4b780\" data-element_type=\"widget\" data-e-type=\"widget\" data-widget_type=\"heading.default\">\n\t\t\t\t\t<h2 class=\"elementor-heading-title elementor-size-default\">HAFTUNG F\u00dcR LINKS:<\/h2>\t\t\t\t<\/div>\n\t\t\t\t<div class=\"elementor-element elementor-element-e40d83f elementor-widget elementor-widget-text-editor\" data-id=\"e40d83f\" data-element_type=\"widget\" data-e-type=\"widget\" data-widget_type=\"text-editor.default\">\n\t\t\t\t\t\t\t\t\t<p>Die aufgef\u00fchrten externen Links f\u00fchren zu Inhalten von Drittanbietern. F\u00fcr diese Inhalte sind ausschlie\u00dflich die jeweiligen Anbieter verantwortlich.   <br>Bei Bekanntwerden von Rechtsverletzungen werden wir diese Links umgehend entfernen.<\/p>\t\t\t\t\t\t\t\t<\/div>\n\t\t\t\t\t<\/div>\n\t\t\t\t<\/div>\n\t\t\t\t<\/div>\n\t\t","protected":false},"excerpt":{"rendered":"<p>Impressum &#8211; VoxAura GmbH VoxAura GmbH Eschentalweg 5 77948, FriesenheimDeutschlandE-Mail: info@VoxAura.ai Gesch\u00e4ftsf\u00fchrender Direktor: Thomas IhleUSt-IdNr: DE369968675WEEE- Registrierungsnummer: DE 35174898Batterie-Registrierungsnummer: DE 15899220LUCID-Registrierungsnummer: DE 3736687517775 HAFTUNG F\u00dcR DEN INHALT: Der Inhalt dieser Seiten wird mit gr\u00f6\u00dftm\u00f6glicher Sorgfalt erstellt. F\u00fcr die Richtigkeit, Vollst\u00e4ndigkeit und Aktualit\u00e4t dieser Inhalte kann jedoch keine Haftung \u00fcbernommen werden. Allein die Tatsache, dass sich<\/p>\n","protected":false},"author":1,"featured_media":0,"parent":0,"menu_order":0,"comment_status":"closed","ping_status":"closed","template":"elementor_theme","meta":{"_acf_changed":false,"solace_meta_sidebar":"","solace_meta_container":"","solace_meta_enable_content_width":"","solace_meta_content_width":0,"solace_meta_title_alignment":"","solace_meta_author_avatar":"","solace_post_elements_order":"","solace_meta_disable_header":"","solace_meta_disable_footer":"","solace_meta_disable_title":"","footnotes":""},"class_list":["post-12998","page","type-page","status-publish","hentry"],"acf":[],"_hostinger_reach_plugin_has_subscription_block":false,"_hostinger_reach_plugin_is_elementor":false,"_links":{"self":[{"href":"https:\/\/voxaura.ai\/de\/wp-json\/wp\/v2\/pages\/12998","targetHints":{"allow":["GET"]}}],"collection":[{"href":"https:\/\/voxaura.ai\/de\/wp-json\/wp\/v2\/pages"}],"about":[{"href":"https:\/\/voxaura.ai\/de\/wp-json\/wp\/v2\/types\/page"}],"author":[{"embeddable":true,"href":"https:\/\/voxaura.ai\/de\/wp-json\/wp\/v2\/users\/1"}],"replies":[{"embeddable":true,"href":"https:\/\/voxaura.ai\/de\/wp-json\/wp\/v2\/comments?post=12998"}],"version-history":[{"count":1,"href":"https:\/\/voxaura.ai\/de\/wp-json\/wp\/v2\/pages\/12998\/revisions"}],"predecessor-version":[{"id":13008,"href":"https:\/\/voxaura.ai\/de\/wp-json\/wp\/v2\/pages\/12998\/revisions\/13008"}],"wp:attachment":[{"href":"https:\/\/voxaura.ai\/de\/wp-json\/wp\/v2\/media?parent=12998"}],"curies":[{"name":"wp","href":"https:\/\/api.w.org\/{rel}","templated":true}]}}