{"id":12981,"date":"2026-01-22T02:50:46","date_gmt":"2026-01-22T02:50:46","guid":{"rendered":"https:\/\/voxaura.ai\/kampagnen\/"},"modified":"2026-04-20T07:13:30","modified_gmt":"2026-04-20T07:13:30","slug":"kampagnen","status":"publish","type":"page","link":"https:\/\/voxaura.ai\/de\/referenzen\/kampagnen\/","title":{"rendered":"Kampagnen"},"content":{"rendered":"\t\t<div data-elementor-type=\"wp-page\" data-elementor-id=\"12981\" class=\"elementor elementor-12981 elementor-6729\" data-elementor-post-type=\"page\">\n\t\t\t\t<div class=\"elementor-element elementor-element-75489ab e-con-full e-flex wpr-particle-no wpr-jarallax-no wpr-parallax-no wpr-sticky-section-no wpr-equal-height-no e-con e-parent\" data-id=\"75489ab\" data-element_type=\"container\" data-e-type=\"container\" data-settings=\"{&quot;background_background&quot;:&quot;classic&quot;}\">\n\t\t\t\t<div class=\"elementor-element elementor-element-b080ce0 elementor-icon-list--layout-inline elementor-hidden-mobile elementor-list-item-link-full_width elementor-widget elementor-widget-icon-list\" data-id=\"b080ce0\" data-element_type=\"widget\" data-e-type=\"widget\" data-widget_type=\"icon-list.default\">\n\t\t\t\t\t\t\t<ul class=\"elementor-icon-list-items elementor-inline-items\">\n\t\t\t\t\t\t\t<li class=\"elementor-icon-list-item elementor-inline-item\">\n\t\t\t\t\t\t\t\t\t\t<span class=\"elementor-icon-list-text\">VoxAura<\/span>\n\t\t\t\t\t\t\t\t\t<\/li>\n\t\t\t\t\t\t\t\t<li class=\"elementor-icon-list-item elementor-inline-item\">\n\t\t\t\t\t\t\t\t\t\t\t<a href=\"https:\/\/voxaura.ai\/references\/\">\n\n\t\t\t\t\t\t\t\t\t\t\t\t<span class=\"elementor-icon-list-icon\">\n\t\t\t\t\t\t\t<svg aria-hidden=\"true\" class=\"e-font-icon-svg e-fas-angle-right\" viewBox=\"0 0 256 512\" xmlns=\"http:\/\/www.w3.org\/2000\/svg\"><path d=\"M224.3 273l-136 136c-9.4 9.4-24.6 9.4-33.9 0l-22.6-22.6c-9.4-9.4-9.4-24.6 0-33.9l96.4-96.4-96.4-96.4c-9.4-9.4-9.4-24.6 0-33.9L54.3 103c9.4-9.4 24.6-9.4 33.9 0l136 136c9.5 9.4 9.5 24.6.1 34z\"><\/path><\/svg>\t\t\t\t\t\t<\/span>\n\t\t\t\t\t\t\t\t\t\t<span class=\"elementor-icon-list-text\">Referenzen<\/span>\n\t\t\t\t\t\t\t\t\t\t\t<\/a>\n\t\t\t\t\t\t\t\t\t<\/li>\n\t\t\t\t\t\t\t\t<li class=\"elementor-icon-list-item elementor-inline-item\">\n\t\t\t\t\t\t\t\t\t\t\t<span class=\"elementor-icon-list-icon\">\n\t\t\t\t\t\t\t<svg aria-hidden=\"true\" class=\"e-font-icon-svg e-fas-angle-right\" viewBox=\"0 0 256 512\" xmlns=\"http:\/\/www.w3.org\/2000\/svg\"><path d=\"M224.3 273l-136 136c-9.4 9.4-24.6 9.4-33.9 0l-22.6-22.6c-9.4-9.4-9.4-24.6 0-33.9l96.4-96.4-96.4-96.4c-9.4-9.4-9.4-24.6 0-33.9L54.3 103c9.4-9.4 24.6-9.4 33.9 0l136 136c9.5 9.4 9.5 24.6.1 34z\"><\/path><\/svg>\t\t\t\t\t\t<\/span>\n\t\t\t\t\t\t\t\t\t\t<span class=\"elementor-icon-list-text\">Kampagnen<\/span>\n\t\t\t\t\t\t\t\t\t<\/li>\n\t\t\t\t\t\t<\/ul>\n\t\t\t\t\t\t<\/div>\n\t\t\t\t<\/div>\n\t\t<div class=\"elementor-element elementor-element-b3bda52 e-con-full e-flex wpr-particle-no wpr-jarallax-no wpr-parallax-no wpr-sticky-section-no wpr-equal-height-no e-con e-parent\" data-id=\"b3bda52\" data-element_type=\"container\" data-e-type=\"container\">\n\t\t\t\t<div class=\"elementor-element elementor-element-1a2c437 elementor-widget elementor-widget-heading\" data-id=\"1a2c437\" data-element_type=\"widget\" data-e-type=\"widget\" data-widget_type=\"heading.default\">\n\t\t\t\t\t<h2 class=\"elementor-heading-title elementor-size-default\">KAMPAGNEN<\/h2>\t\t\t\t<\/div>\n\t\t\t\t<div class=\"elementor-element elementor-element-c224b21 elementor-widget elementor-widget-text-editor\" data-id=\"c224b21\" data-element_type=\"widget\" data-e-type=\"widget\" data-widget_type=\"text-editor.default\">\n\t\t\t\t\t\t\t\t\t<p>Hier stellen wir unsere Kampagnen vor.  <br>Jedes dieser Produkte soll die Menschen inspirieren, informieren und durch klare Ideen und eine starke Ausf\u00fchrung mit ihnen in Kontakt treten.<\/p>\t\t\t\t\t\t\t\t<\/div>\n\t\t\t\t<div class=\"elementor-element elementor-element-0c784e6 elementor-hidden-mobile elementor-widget-divider--view-line elementor-widget elementor-widget-divider\" data-id=\"0c784e6\" data-element_type=\"widget\" data-e-type=\"widget\" data-widget_type=\"divider.default\">\n\t\t\t\t\t\t\t<div class=\"elementor-divider\">\n\t\t\t<span class=\"elementor-divider-separator\">\n\t\t\t\t\t\t<\/span>\n\t\t<\/div>\n\t\t\t\t\t\t<\/div>\n\t\t\t\t<\/div>\n\t\t<div class=\"elementor-element elementor-element-a79c66e e-con-full e-flex wpr-particle-no wpr-jarallax-no wpr-parallax-no wpr-sticky-section-no wpr-equal-height-no e-con e-parent\" data-id=\"a79c66e\" data-element_type=\"container\" data-e-type=\"container\">\n\t\t<div class=\"elementor-element elementor-element-0cdd42c e-grid e-con-full wpr-particle-no wpr-jarallax-no wpr-parallax-no wpr-sticky-section-no wpr-equal-height-no e-con e-child\" data-id=\"0cdd42c\" data-element_type=\"container\" data-e-type=\"container\" data-settings=\"{&quot;background_background&quot;:&quot;classic&quot;}\">\n\t\t\t\t<div class=\"elementor-element elementor-element-1f76385 elementor-widget elementor-widget-image\" data-id=\"1f76385\" data-element_type=\"widget\" data-e-type=\"widget\" data-widget_type=\"image.default\">\n\t\t\t\t\t\t\t\t\t\t\t\t\t\t\t<img fetchpriority=\"high\" decoding=\"async\" width=\"1200\" height=\"800\" src=\"https:\/\/voxaura.ai\/wp-content\/uploads\/2026\/01\/voxaura-stage-of-light-thumbnail1.jpg\" class=\"attachment-full size-full wp-image-12982\" alt=\"\" srcset=\"https:\/\/voxaura.ai\/wp-content\/uploads\/2026\/01\/voxaura-stage-of-light-thumbnail1.jpg 1200w, https:\/\/voxaura.ai\/wp-content\/uploads\/2026\/01\/voxaura-stage-of-light-thumbnail1-300x200.jpg 300w, https:\/\/voxaura.ai\/wp-content\/uploads\/2026\/01\/voxaura-stage-of-light-thumbnail1-600x400.jpg 600w, https:\/\/voxaura.ai\/wp-content\/uploads\/2026\/01\/voxaura-stage-of-light-thumbnail1-64x43.jpg 64w, https:\/\/voxaura.ai\/wp-content\/uploads\/2026\/01\/voxaura-stage-of-light-thumbnail1-1024x683.jpg 1024w, https:\/\/voxaura.ai\/wp-content\/uploads\/2026\/01\/voxaura-stage-of-light-thumbnail1-768x512.jpg 768w, https:\/\/voxaura.ai\/wp-content\/uploads\/2026\/01\/voxaura-stage-of-light-thumbnail1-930x620.jpg 930w\" sizes=\"(max-width: 1200px) 100vw, 1200px\" \/>\t\t\t\t\t\t\t\t\t\t\t\t\t\t\t<\/div>\n\t\t<div class=\"elementor-element elementor-element-cde87f7 e-con-full e-flex wpr-particle-no wpr-jarallax-no wpr-parallax-no wpr-sticky-section-no wpr-equal-height-no e-con e-child\" data-id=\"cde87f7\" data-element_type=\"container\" data-e-type=\"container\">\n\t\t\t\t<div class=\"elementor-element elementor-element-af9ef5a elementor-widget elementor-widget-heading\" data-id=\"af9ef5a\" data-element_type=\"widget\" data-e-type=\"widget\" data-widget_type=\"heading.default\">\n\t\t\t\t\t<h2 class=\"elementor-heading-title elementor-size-default\">B\u00dcHNEN DES LICHTS<\/h2>\t\t\t\t<\/div>\n\t\t\t\t<div class=\"elementor-element elementor-element-a456943 elementor-widget elementor-widget-text-editor\" data-id=\"a456943\" data-element_type=\"widget\" data-e-type=\"widget\" data-widget_type=\"text-editor.default\">\n\t\t\t\t\t\t\t\t\t<p>Beleuchtung, neu interpretiert.<\/p><p>Mit VoxAura ist die Planung einfach, Pr\u00e4sentationen sind inspirierend, und jedes <br>Projekt ist ein Statement.<\/p>\t\t\t\t\t\t\t\t<\/div>\n\t\t\t\t<div class=\"elementor-element elementor-element-6d90555 elementor-widget elementor-widget-button\" data-id=\"6d90555\" data-element_type=\"widget\" data-e-type=\"widget\" data-widget_type=\"button.default\">\n\t\t\t\t\t\t\t\t\t\t<a class=\"elementor-button elementor-button-link elementor-size-sm\" href=\"https:\/\/voxaura.ai\/de\/referenzen\/kampagnen\/buehne-des-lichts\/\">\n\t\t\t\t\t\t<span class=\"elementor-button-content-wrapper\">\n\t\t\t\t\t\t\t\t\t<span class=\"elementor-button-text\">mehr lesen<\/span>\n\t\t\t\t\t<\/span>\n\t\t\t\t\t<\/a>\n\t\t\t\t\t\t\t\t<\/div>\n\t\t\t\t<\/div>\n\t\t\t\t<\/div>\n\t\t\t\t<\/div>\n\t\t\t\t<\/div>\n\t\t","protected":false},"excerpt":{"rendered":"<p>VoxAura Referenzen KAMPAGNEN Hier stellen wir unsere Kampagnen vor. Jedes dieser Produkte soll die Menschen inspirieren, informieren und durch klare Ideen und eine starke Ausf\u00fchrung mit ihnen in Kontakt treten. B\u00dcHNEN DES LICHTS Beleuchtung, neu interpretiert. Mit VoxAura ist die Planung einfach, Pr\u00e4sentationen sind inspirierend, und jedes Projekt ist ein Statement. mehr lesen<\/p>\n","protected":false},"author":1,"featured_media":0,"parent":13167,"menu_order":0,"comment_status":"closed","ping_status":"closed","template":"elementor_theme","meta":{"_acf_changed":false,"solace_meta_sidebar":"","solace_meta_container":"","solace_meta_enable_content_width":"","solace_meta_content_width":0,"solace_meta_title_alignment":"","solace_meta_author_avatar":"","solace_post_elements_order":"","solace_meta_disable_header":"","solace_meta_disable_footer":"","solace_meta_disable_title":"","footnotes":""},"class_list":["post-12981","page","type-page","status-publish","hentry"],"acf":[],"_hostinger_reach_plugin_has_subscription_block":false,"_hostinger_reach_plugin_is_elementor":false,"_links":{"self":[{"href":"https:\/\/voxaura.ai\/de\/wp-json\/wp\/v2\/pages\/12981","targetHints":{"allow":["GET"]}}],"collection":[{"href":"https:\/\/voxaura.ai\/de\/wp-json\/wp\/v2\/pages"}],"about":[{"href":"https:\/\/voxaura.ai\/de\/wp-json\/wp\/v2\/types\/page"}],"author":[{"embeddable":true,"href":"https:\/\/voxaura.ai\/de\/wp-json\/wp\/v2\/users\/1"}],"replies":[{"embeddable":true,"href":"https:\/\/voxaura.ai\/de\/wp-json\/wp\/v2\/comments?post=12981"}],"version-history":[{"count":1,"href":"https:\/\/voxaura.ai\/de\/wp-json\/wp\/v2\/pages\/12981\/revisions"}],"predecessor-version":[{"id":12984,"href":"https:\/\/voxaura.ai\/de\/wp-json\/wp\/v2\/pages\/12981\/revisions\/12984"}],"up":[{"embeddable":true,"href":"https:\/\/voxaura.ai\/de\/wp-json\/wp\/v2\/pages\/13167"}],"wp:attachment":[{"href":"https:\/\/voxaura.ai\/de\/wp-json\/wp\/v2\/media?parent=12981"}],"curies":[{"name":"wp","href":"https:\/\/api.w.org\/{rel}","templated":true}]}}