{"id":12958,"date":"2026-01-13T10:45:24","date_gmt":"2026-01-13T10:45:24","guid":{"rendered":"https:\/\/voxaura.ai\/ueber-uns\/"},"modified":"2026-04-20T07:07:29","modified_gmt":"2026-04-20T07:07:29","slug":"ueber-uns","status":"publish","type":"page","link":"https:\/\/voxaura.ai\/de\/ueber-uns\/","title":{"rendered":"\u00dcber uns"},"content":{"rendered":"\t\t<div data-elementor-type=\"wp-page\" data-elementor-id=\"12958\" class=\"elementor elementor-12958 elementor-6129\" data-elementor-post-type=\"page\">\n\t\t\t\t<div class=\"elementor-element elementor-element-3b0c0f1 e-con-full e-flex wpr-particle-no wpr-jarallax-no wpr-parallax-no wpr-sticky-section-no wpr-equal-height-no e-con e-parent\" data-id=\"3b0c0f1\" data-element_type=\"container\" data-e-type=\"container\">\n\t\t\t\t<div class=\"elementor-element elementor-element-2a2eb85 elementor-widget elementor-widget-image\" data-id=\"2a2eb85\" data-element_type=\"widget\" data-e-type=\"widget\" data-widget_type=\"image.default\">\n\t\t\t\t\t\t\t\t\t\t\t\t\t\t\t<img fetchpriority=\"high\" decoding=\"async\" width=\"2560\" height=\"1446\" src=\"https:\/\/voxaura.ai\/wp-content\/uploads\/2026\/01\/voxaura-brand-house-at-the-sea-full-light-scaled-1.jpg\" class=\"attachment-full size-full wp-image-12960\" alt=\"\" srcset=\"https:\/\/voxaura.ai\/wp-content\/uploads\/2026\/01\/voxaura-brand-house-at-the-sea-full-light-scaled-1.jpg 2560w, https:\/\/voxaura.ai\/wp-content\/uploads\/2026\/01\/voxaura-brand-house-at-the-sea-full-light-scaled-1-300x169.jpg 300w, https:\/\/voxaura.ai\/wp-content\/uploads\/2026\/01\/voxaura-brand-house-at-the-sea-full-light-scaled-1-600x339.jpg 600w, https:\/\/voxaura.ai\/wp-content\/uploads\/2026\/01\/voxaura-brand-house-at-the-sea-full-light-scaled-1-64x36.jpg 64w, https:\/\/voxaura.ai\/wp-content\/uploads\/2026\/01\/voxaura-brand-house-at-the-sea-full-light-scaled-1-1024x578.jpg 1024w, https:\/\/voxaura.ai\/wp-content\/uploads\/2026\/01\/voxaura-brand-house-at-the-sea-full-light-scaled-1-768x434.jpg 768w, https:\/\/voxaura.ai\/wp-content\/uploads\/2026\/01\/voxaura-brand-house-at-the-sea-full-light-scaled-1-1536x868.jpg 1536w, https:\/\/voxaura.ai\/wp-content\/uploads\/2026\/01\/voxaura-brand-house-at-the-sea-full-light-scaled-1-2048x1157.jpg 2048w\" sizes=\"(max-width: 2560px) 100vw, 2560px\" \/>\t\t\t\t\t\t\t\t\t\t\t\t\t\t\t<\/div>\n\t\t<div class=\"elementor-element elementor-element-5989e21a e-con-full e-flex wpr-particle-no wpr-jarallax-no wpr-parallax-no wpr-sticky-section-no wpr-equal-height-no e-con e-child\" data-id=\"5989e21a\" data-element_type=\"container\" data-e-type=\"container\">\n\t\t\t\t<div class=\"elementor-element elementor-element-73109c74 elementor-widget elementor-widget-heading\" data-id=\"73109c74\" data-element_type=\"widget\" data-e-type=\"widget\" data-widget_type=\"heading.default\">\n\t\t\t\t\t<h5 class=\"elementor-heading-title elementor-size-default\">\u00dcBER VOXAURA<\/h5>\t\t\t\t<\/div>\n\t\t\t\t<div class=\"elementor-element elementor-element-3c2b7c2f elementor-widget__width-inherit elementor-widget elementor-widget-text-editor\" data-id=\"3c2b7c2f\" data-element_type=\"widget\" data-e-type=\"widget\" data-widget_type=\"text-editor.default\">\n\t\t\t\t\t\t\t\t\t<p>Bei VoxAura vereinen wir das Beste aus zwei Welten: europ\u00e4isches Erbe und globale Innovation.Gegr\u00fcndet in Deutschland, am Rande des Schwarzwalds, liegen unsere Wurzeln in einer Region, die f\u00fcr Pr\u00e4zision, Handwerkskunst und Innovation bekannt ist. Unsere DNA ist unverkennbar europ\u00e4isch &#8211; gepr\u00e4gt von einer Tradition der Exzellenz und der Verpflichtung, neue Standards in Qualit\u00e4t und Design zu setzen.<\/p><p>Innovation kennt jedoch keine Grenzen. Um unser Versprechen der globalen Exzellenz einzul\u00f6sen, ist unsere hochmoderne Produktionsst\u00e4tte in China das Herzst\u00fcck unserer T\u00e4tigkeit. Hier trifft Spitzentechnologie auf un\u00fcbertroffenes Know-how, um Beleuchtungsl\u00f6sungen zu entwickeln, die die Welt erhellen. Von der Produktentwicklung bis zur Fertigung verk\u00f6rpert unser Werk die h\u00f6chsten Standards f\u00fcr Effizienz, Nachhaltigkeit und Innovation.   <\/p><p>Wir sind stolz darauf, Tradition mit Fortschritt zu verbinden, indem wir jahrzehntelange europ\u00e4ische Marktkenntnis und technisches Know-how mit der Gr\u00f6\u00dfe und Geschwindigkeit eines globalen Produktionsunternehmens kombinieren. Diese Synergie erm\u00f6glicht es uns, Trends nicht nur zu folgen, sondern sie zu setzen &#8211; mit zukunftsweisenden L\u00f6sungen, die die Industrie neu definieren. <\/p><p>Jedes Produkt, jede Partnerschaft und jede Innovation erz\u00e4hlt eine Geschichte der Zusammenarbeit \u00fcber Kontinente hinweg. Wir laden Sie ein, gemeinsam mit uns die Zukunft der Beleuchtung zu gestalten. <\/p>\t\t\t\t\t\t\t\t<\/div>\n\t\t\t\t<\/div>\n\t\t\t\t<\/div>\n\t\t<div class=\"elementor-element elementor-element-35656fa9 e-grid e-con-boxed wpr-particle-no wpr-jarallax-no wpr-parallax-no wpr-sticky-section-no wpr-equal-height-no e-con e-parent\" data-id=\"35656fa9\" data-element_type=\"container\" data-e-type=\"container\">\n\t\t\t\t\t<div class=\"e-con-inner\">\n\t\t<div class=\"elementor-element elementor-element-274b481c e-grid e-con-full wpr-particle-no wpr-jarallax-no wpr-parallax-no wpr-sticky-section-no wpr-equal-height-no e-con e-child\" data-id=\"274b481c\" data-element_type=\"container\" data-e-type=\"container\">\n\t\t<div class=\"elementor-element elementor-element-4ec2331c e-con-full e-flex wpr-particle-no wpr-jarallax-no wpr-parallax-no wpr-sticky-section-no wpr-equal-height-no e-con e-child\" data-id=\"4ec2331c\" data-element_type=\"container\" data-e-type=\"container\" data-settings=\"{&quot;background_background&quot;:&quot;slideshow&quot;,&quot;background_slideshow_gallery&quot;:[{&quot;id&quot;:12961,&quot;url&quot;:&quot;https:\\\/\\\/voxaura.ai\\\/wp-content\\\/uploads\\\/2026\\\/01\\\/jpg100-t4-width578.jpg&quot;}],&quot;background_slideshow_slide_duration&quot;:5000,&quot;background_slideshow_slide_transition&quot;:&quot;fade&quot;,&quot;background_slideshow_transition_duration&quot;:500}\">\n\t\t<div class=\"elementor-element elementor-element-2e1643a5 e-con-full e-flex wpr-particle-no wpr-jarallax-no wpr-parallax-no wpr-sticky-section-no wpr-equal-height-no e-con e-child\" data-id=\"2e1643a5\" data-element_type=\"container\" data-e-type=\"container\" data-settings=\"{&quot;position&quot;:&quot;absolute&quot;}\">\n\t\t\t\t<div class=\"elementor-element elementor-element-3f958e19 elementor-absolute elementor-widget elementor-widget-text-editor\" data-id=\"3f958e19\" data-element_type=\"widget\" data-e-type=\"widget\" data-settings=\"{&quot;_position&quot;:&quot;absolute&quot;}\" data-widget_type=\"text-editor.default\">\n\t\t\t\t\t\t\t\t\t<p style=\"text-align: center;\">100 Hardware- und Software-Ingenieure<\/p>\t\t\t\t\t\t\t\t<\/div>\n\t\t\t\t<\/div>\n\t\t\t\t<div class=\"elementor-element elementor-element-1a9ba38e elementor-widget__width-inherit elementor-absolute elementor-widget elementor-widget-text-editor\" data-id=\"1a9ba38e\" data-element_type=\"widget\" data-e-type=\"widget\" data-settings=\"{&quot;_position&quot;:&quot;absolute&quot;}\" data-widget_type=\"text-editor.default\">\n\t\t\t\t\t\t\t\t\t<p>Engineering Lights Center Shenzhen<\/p>\t\t\t\t\t\t\t\t<\/div>\n\t\t\t\t<\/div>\n\t\t<div class=\"elementor-element elementor-element-f845657 e-con-full e-flex wpr-particle-no wpr-jarallax-no wpr-parallax-no wpr-sticky-section-no wpr-equal-height-no e-con e-child\" data-id=\"f845657\" data-element_type=\"container\" data-e-type=\"container\" data-settings=\"{&quot;background_background&quot;:&quot;slideshow&quot;,&quot;background_slideshow_gallery&quot;:[{&quot;id&quot;:12962,&quot;url&quot;:&quot;https:\\\/\\\/voxaura.ai\\\/wp-content\\\/uploads\\\/2026\\\/01\\\/jpg100-t4-width578-1.jpg&quot;}],&quot;background_slideshow_slide_duration&quot;:5000,&quot;background_slideshow_slide_transition&quot;:&quot;fade&quot;,&quot;background_slideshow_transition_duration&quot;:500}\">\n\t\t<div class=\"elementor-element elementor-element-5da82cf e-con-full e-flex wpr-particle-no wpr-jarallax-no wpr-parallax-no wpr-sticky-section-no wpr-equal-height-no e-con e-child\" data-id=\"5da82cf\" data-element_type=\"container\" data-e-type=\"container\">\n\t\t\t\t<div class=\"elementor-element elementor-element-569145d6 elementor-absolute elementor-widget elementor-widget-text-editor\" data-id=\"569145d6\" data-element_type=\"widget\" data-e-type=\"widget\" data-settings=\"{&quot;_position&quot;:&quot;absolute&quot;}\" data-widget_type=\"text-editor.default\">\n\t\t\t\t\t\t\t\t\t<p style=\"text-align: center;\">150.000 m\u00b2 in Dongguan<\/p>\t\t\t\t\t\t\t\t<\/div>\n\t\t\t\t<\/div>\n\t\t\t\t<div class=\"elementor-element elementor-element-61c53061 elementor-widget__width-inherit elementor-absolute elementor-widget elementor-widget-text-editor\" data-id=\"61c53061\" data-element_type=\"widget\" data-e-type=\"widget\" data-settings=\"{&quot;_position&quot;:&quot;absolute&quot;}\" data-widget_type=\"text-editor.default\">\n\t\t\t\t\t\t\t\t\t<p style=\"text-align: left;\">Produktion Workshop<\/p>\t\t\t\t\t\t\t\t<\/div>\n\t\t\t\t<\/div>\n\t\t\t\t<\/div>\n\t\t<div class=\"elementor-element elementor-element-915572e e-grid e-con-full wpr-particle-no wpr-jarallax-no wpr-parallax-no wpr-sticky-section-no wpr-equal-height-no e-con e-child\" data-id=\"915572e\" data-element_type=\"container\" data-e-type=\"container\">\n\t\t\t\t<div class=\"elementor-element elementor-element-1a5770da elementor-widget elementor-widget-heading\" data-id=\"1a5770da\" data-element_type=\"widget\" data-e-type=\"widget\" data-widget_type=\"heading.default\">\n\t\t\t\t\t<h2 class=\"elementor-heading-title elementor-size-default\">UNSERE GR\u00dcNDUNG<\/h2>\t\t\t\t<\/div>\n\t\t\t\t<div class=\"elementor-element elementor-element-55c8dd73 elementor-widget elementor-widget-text-editor\" data-id=\"55c8dd73\" data-element_type=\"widget\" data-e-type=\"widget\" data-widget_type=\"text-editor.default\">\n\t\t\t\t\t\t\t\t\t<h6><a class=\"text_ellipsis\" title=\"DESIGN\" contenteditable=\"true\" target=\"_self\" rel=\"\"><span style=\"color: #000000;\">DESIGN<\/span><\/a><\/h6><p><span style=\"color: #000000;\">Unsere Produkte werden in Deutschland mitentwickelt und vereinen zeitlose europ\u00e4ische \u00c4sthetik mit modernster Innovation. Unsere jahrzehntelange Erfahrung in den Bereichen Design, Marketing und Produktentwicklung stellt sicher, dass jede L\u00f6sung die h\u00f6chsten Standards f\u00fcr globale M\u00e4rkte erf\u00fcllt. <\/span><\/p><h6><a class=\"text_ellipsis\" title=\"ENGINEERING\" contenteditable=\"true\" target=\"_self\" rel=\"\"><span style=\"color: #000000;\">ENGINEERING<\/span><\/a><\/h6><p><span style=\"color: #000000;\">Mit einem Team von mehr als 100 Hardware- und Software-Ingenieuren verschieben wir st\u00e4ndig die Grenzen dessen, was in der Beleuchtungstechnologie m\u00f6glich ist. Indem wir den Markttrends immer einen Schritt voraus sind, stellen wir sicher, dass unsere Produkte stets innovativ, effizient und bereit f\u00fcr die Zukunft sind. <\/span><\/p><h6><a class=\"text_ellipsis\" title=\"PRODUKTION\" contenteditable=\"true\" target=\"_self\" rel=\"\"><span style=\"color: #000000;\">PRODUKTION<\/span><\/a><\/h6><p><span style=\"color: #000000;\">In unserer hochmodernen Produktionsst\u00e4tte in Chashan, China, treffen Visionen auf Realit\u00e4t. Als globales Zentrum f\u00fcr Treibertechnologie und LED-Innovation verf\u00fcgt unser Werk \u00fcber vollautomatische Produktionslinien und bahnbrechende HFD-Treibertechnologie. Dies erm\u00f6glicht es uns, Kunden auf der ganzen Welt un\u00fcbertroffene Pr\u00e4zision, Gr\u00f6\u00dfe und Qualit\u00e4t zu liefern.  <\/span><\/p>\t\t\t\t\t\t\t\t<\/div>\n\t\t\t\t<\/div>\n\t\t\t\t\t<\/div>\n\t\t\t\t<\/div>\n\t\t<div class=\"elementor-element elementor-element-bf4b406 e-grid e-con-full wpr-particle-no wpr-jarallax-no wpr-parallax-no wpr-sticky-section-no wpr-equal-height-no e-con e-parent\" data-id=\"bf4b406\" data-element_type=\"container\" data-e-type=\"container\">\n\t\t<div class=\"elementor-element elementor-element-1244455b e-con-full e-flex wpr-particle-no wpr-jarallax-no wpr-parallax-no wpr-sticky-section-no wpr-equal-height-no e-con e-child\" data-id=\"1244455b\" data-element_type=\"container\" data-e-type=\"container\">\n\t\t\t\t<div class=\"elementor-element elementor-element-2197f230 elementor-widget elementor-widget-heading\" data-id=\"2197f230\" data-element_type=\"widget\" data-e-type=\"widget\" data-widget_type=\"heading.default\">\n\t\t\t\t\t<h5 class=\"elementor-heading-title elementor-size-default\">UNSERE MISSION<\/h5>\t\t\t\t<\/div>\n\t\t\t\t<div class=\"elementor-element elementor-element-491a14ec elementor-widget__width-inherit elementor-widget elementor-widget-text-editor\" data-id=\"491a14ec\" data-element_type=\"widget\" data-e-type=\"widget\" data-widget_type=\"text-editor.default\">\n\t\t\t\t\t\t\t\t\t<p>Bei VoxAura entwerfen wir hochwertige Beleuchtungsl\u00f6sungen, die Innovation, Handwerkskunst und zeitloses Design miteinander verbinden. Unsere Mission ist es, Licht zu schaffen, das mehr als nur beleuchtet &#8211; es formt Atmosph\u00e4ren, verbessert das Wohlbefinden und bringt Menschen zusammen. Von Standard-Beleuchtungsl\u00f6sungen bis hin zu vollst\u00e4ndig ma\u00dfgeschneiderten Designs arbeiten wir weltweit mit Architekten, Designern und Unternehmen zusammen, um vision\u00e4re Ideen in die Realit\u00e4t umzusetzen.  <\/p><p><br>VoxAura Beleuchtung &#8211; feels like coming home.<\/p>\t\t\t\t\t\t\t\t<\/div>\n\t\t\t\t<\/div>\n\t\t<div class=\"elementor-element elementor-element-664f65ce e-con-full e-flex wpr-particle-no wpr-jarallax-no wpr-parallax-no wpr-sticky-section-no wpr-equal-height-no e-con e-child\" data-id=\"664f65ce\" data-element_type=\"container\" data-e-type=\"container\">\n\t\t\t\t<div class=\"elementor-element elementor-element-72749887 elementor-widget elementor-widget-heading\" data-id=\"72749887\" data-element_type=\"widget\" data-e-type=\"widget\" data-widget_type=\"heading.default\">\n\t\t\t\t\t<h5 class=\"elementor-heading-title elementor-size-default\">UNSERE ZUKUNFT<\/h5>\t\t\t\t<\/div>\n\t\t\t\t<div class=\"elementor-element elementor-element-67a7f348 elementor-widget__width-inherit elementor-widget elementor-widget-text-editor\" data-id=\"67a7f348\" data-element_type=\"widget\" data-e-type=\"widget\" data-widget_type=\"text-editor.default\">\n\t\t\t\t\t\t\t\t\t<p>Bei VoxAura gestalten wir die Smart Homes von morgen mit intelligenten Beleuchtungsl\u00f6sungen, die fortschrittliche Technologie, elegantes Design und m\u00fchelose Benutzerfreundlichkeit vereinen. Unsere Produkte sorgen f\u00fcr ein intelligenteres, komfortableres und nachhaltigeres Zuhause, das sich an Ihren Lebensstil anpasst und das t\u00e4gliche Leben verbessert. <\/p><p>Angetrieben von Innovation und verwurzelt in europ\u00e4ischer Handwerkskunst, entwickeln wir vernetzte Beleuchtung, die \u00fcber Funktionalit\u00e4t hinausgeht. Von der Vereinfachung der t\u00e4glichen Routine bis hin zur Schaffung einer Atmosph\u00e4re, die sich wirklich wie zu Hause anf\u00fchlt &#8211; bei VoxAura trifft Technologie auf Komfort und Design auf die Zukunft. <\/p>\t\t\t\t\t\t\t\t<\/div>\n\t\t\t\t<\/div>\n\t\t<div class=\"elementor-element elementor-element-24a8f9d9 e-con-full e-flex wpr-particle-no wpr-jarallax-no wpr-parallax-no wpr-sticky-section-no wpr-equal-height-no e-con e-child\" data-id=\"24a8f9d9\" data-element_type=\"container\" data-e-type=\"container\">\n\t\t\t\t<div class=\"elementor-element elementor-element-58cc5e1f elementor-widget elementor-widget-heading\" data-id=\"58cc5e1f\" data-element_type=\"widget\" data-e-type=\"widget\" data-widget_type=\"heading.default\">\n\t\t\t\t\t<h5 class=\"elementor-heading-title elementor-size-default\">NACHHALTIGKEIT<\/h5>\t\t\t\t<\/div>\n\t\t\t\t<div class=\"elementor-element elementor-element-360f1bda elementor-widget__width-inherit elementor-widget elementor-widget-text-editor\" data-id=\"360f1bda\" data-element_type=\"widget\" data-e-type=\"widget\" data-widget_type=\"text-editor.default\">\n\t\t\t\t\t\t\t\t\t<p>Bei VoxAura ist Nachhaltigkeit ein Teil unserer Identit\u00e4t. Wir reduzieren die Auswirkungen auf die Umwelt durch energieeffiziente Beleuchtungstechnologien, ressourcenschonende Prozesse und minimierte Kunststoffverpackungen. Durch die kontinuierliche Verbesserung der Produktleistung und verantwortungsvolle Produktionspraktiken tragen wir aktiv zu einer gr\u00fcneren Zukunft bei.  <\/p><p>Nachhaltigkeit ist in allem, was wir tun, eingebettet &#8211; neben Innovation und Qualit\u00e4t. Unser Ziel ist es, Beleuchtungsl\u00f6sungen zu schaffen, die einen positiven Fu\u00dfabdruck hinterlassen und dazu beitragen, eine Welt zu gestalten, in der man sich wie zu Hause f\u00fchlt &#8211; heute und f\u00fcr kommende Generationen. <\/p>\t\t\t\t\t\t\t\t<\/div>\n\t\t\t\t<\/div>\n\t\t\t\t<\/div>\n\t\t\t\t<\/div>\n\t\t","protected":false},"excerpt":{"rendered":"<p>\u00dcBER VOXAURA Bei VoxAura vereinen wir das Beste aus zwei Welten: europ\u00e4isches Erbe und globale Innovation.Gegr\u00fcndet in Deutschland, am Rande des Schwarzwalds, liegen unsere Wurzeln in einer Region, die f\u00fcr Pr\u00e4zision, Handwerkskunst und Innovation bekannt ist. Unsere DNA ist unverkennbar europ\u00e4isch &#8211; gepr\u00e4gt von einer Tradition der Exzellenz und der Verpflichtung, neue Standards in Qualit\u00e4t<\/p>\n","protected":false},"author":1,"featured_media":0,"parent":0,"menu_order":0,"comment_status":"closed","ping_status":"closed","template":"elementor_theme","meta":{"_acf_changed":false,"solace_meta_sidebar":"","solace_meta_container":"","solace_meta_enable_content_width":"","solace_meta_content_width":0,"solace_meta_title_alignment":"","solace_meta_author_avatar":"","solace_post_elements_order":"","solace_meta_disable_header":"","solace_meta_disable_footer":"","solace_meta_disable_title":"","footnotes":""},"class_list":["post-12958","page","type-page","status-publish","hentry"],"acf":[],"_hostinger_reach_plugin_has_subscription_block":false,"_hostinger_reach_plugin_is_elementor":false,"_links":{"self":[{"href":"https:\/\/voxaura.ai\/de\/wp-json\/wp\/v2\/pages\/12958","targetHints":{"allow":["GET"]}}],"collection":[{"href":"https:\/\/voxaura.ai\/de\/wp-json\/wp\/v2\/pages"}],"about":[{"href":"https:\/\/voxaura.ai\/de\/wp-json\/wp\/v2\/types\/page"}],"author":[{"embeddable":true,"href":"https:\/\/voxaura.ai\/de\/wp-json\/wp\/v2\/users\/1"}],"replies":[{"embeddable":true,"href":"https:\/\/voxaura.ai\/de\/wp-json\/wp\/v2\/comments?post=12958"}],"version-history":[{"count":1,"href":"https:\/\/voxaura.ai\/de\/wp-json\/wp\/v2\/pages\/12958\/revisions"}],"predecessor-version":[{"id":12968,"href":"https:\/\/voxaura.ai\/de\/wp-json\/wp\/v2\/pages\/12958\/revisions\/12968"}],"wp:attachment":[{"href":"https:\/\/voxaura.ai\/de\/wp-json\/wp\/v2\/media?parent=12958"}],"curies":[{"name":"wp","href":"https:\/\/api.w.org\/{rel}","templated":true}]}}