{"id":12922,"date":"2025-12-28T08:46:35","date_gmt":"2025-12-28T08:46:35","guid":{"rendered":"https:\/\/voxaura.ai\/caribbean-cabinet-products-inc\/"},"modified":"2026-04-20T07:13:33","modified_gmt":"2026-04-20T07:13:33","slug":"caribbean-cabinet-products-inc","status":"publish","type":"page","link":"https:\/\/voxaura.ai\/de\/einen-partner-finden\/caribbean-cabinet-products-inc\/","title":{"rendered":"Caribbean Cabinet Products INC"},"content":{"rendered":"\t\t<div data-elementor-type=\"wp-page\" data-elementor-id=\"12922\" class=\"elementor elementor-12922 elementor-3874\" data-elementor-post-type=\"page\">\n\t\t\t\t<div class=\"elementor-element elementor-element-6a9221c5 e-flex e-con-boxed wpr-particle-no wpr-jarallax-no wpr-parallax-no wpr-sticky-section-no wpr-equal-height-no e-con e-parent\" data-id=\"6a9221c5\" data-element_type=\"container\" data-e-type=\"container\" data-settings=\"{&quot;background_background&quot;:&quot;classic&quot;}\">\n\t\t\t\t\t<div class=\"e-con-inner\">\n\t\t\t\t<div class=\"elementor-element elementor-element-f10d873 elementor-icon-list--layout-inline elementor-align-center elementor-hidden-mobile elementor-hidden-tablet elementor-list-item-link-full_width elementor-widget elementor-widget-icon-list\" data-id=\"f10d873\" data-element_type=\"widget\" data-e-type=\"widget\" data-widget_type=\"icon-list.default\">\n\t\t\t\t\t\t\t<ul class=\"elementor-icon-list-items elementor-inline-items\">\n\t\t\t\t\t\t\t<li class=\"elementor-icon-list-item elementor-inline-item\">\n\t\t\t\t\t\t\t\t\t\t\t<a href=\"https:\/\/voxaura.ai\/home\/\" target=\"_blank\" voxaura=\"\">\n\n\t\t\t\t\t\t\t\t\t\t\t<span class=\"elementor-icon-list-text\">VoxAura<\/span>\n\t\t\t\t\t\t\t\t\t\t\t<\/a>\n\t\t\t\t\t\t\t\t\t<\/li>\n\t\t\t\t\t\t\t\t<li class=\"elementor-icon-list-item elementor-inline-item\">\n\t\t\t\t\t\t\t\t\t\t\t<a href=\"https:\/\/voxaura.ai\/find-a-partner\/\">\n\n\t\t\t\t\t\t\t\t\t\t\t\t<span class=\"elementor-icon-list-icon\">\n\t\t\t\t\t\t\t<svg aria-hidden=\"true\" class=\"e-font-icon-svg e-fas-angle-right\" viewBox=\"0 0 256 512\" xmlns=\"http:\/\/www.w3.org\/2000\/svg\"><path d=\"M224.3 273l-136 136c-9.4 9.4-24.6 9.4-33.9 0l-22.6-22.6c-9.4-9.4-9.4-24.6 0-33.9l96.4-96.4-96.4-96.4c-9.4-9.4-9.4-24.6 0-33.9L54.3 103c9.4-9.4 24.6-9.4 33.9 0l136 136c9.5 9.4 9.5 24.6.1 34z\"><\/path><\/svg>\t\t\t\t\t\t<\/span>\n\t\t\t\t\t\t\t\t\t\t<span class=\"elementor-icon-list-text\">Einen Partner finden<\/span>\n\t\t\t\t\t\t\t\t\t\t\t<\/a>\n\t\t\t\t\t\t\t\t\t<\/li>\n\t\t\t\t\t\t\t\t<li class=\"elementor-icon-list-item elementor-inline-item\">\n\t\t\t\t\t\t\t\t\t\t\t<span class=\"elementor-icon-list-icon\">\n\t\t\t\t\t\t\t<svg aria-hidden=\"true\" class=\"e-font-icon-svg e-fas-angle-right\" viewBox=\"0 0 256 512\" xmlns=\"http:\/\/www.w3.org\/2000\/svg\"><path d=\"M224.3 273l-136 136c-9.4 9.4-24.6 9.4-33.9 0l-22.6-22.6c-9.4-9.4-9.4-24.6 0-33.9l96.4-96.4-96.4-96.4c-9.4-9.4-9.4-24.6 0-33.9L54.3 103c9.4-9.4 24.6-9.4 33.9 0l136 136c9.5 9.4 9.5 24.6.1 34z\"><\/path><\/svg>\t\t\t\t\t\t<\/span>\n\t\t\t\t\t\t\t\t\t\t<span class=\"elementor-icon-list-text\">Caribbean Cabinet Products INC<\/span>\n\t\t\t\t\t\t\t\t\t<\/li>\n\t\t\t\t\t\t<\/ul>\n\t\t\t\t\t\t<\/div>\n\t\t\t\t\t<\/div>\n\t\t\t\t<\/div>\n\t\t<div class=\"elementor-element elementor-element-64cd822 e-flex e-con-boxed wpr-particle-no wpr-jarallax-no wpr-parallax-no wpr-sticky-section-no wpr-equal-height-no e-con e-parent\" data-id=\"64cd822\" data-element_type=\"container\" data-e-type=\"container\">\n\t\t\t\t\t<div class=\"e-con-inner\">\n\t\t\t\t<div class=\"elementor-element elementor-element-c7bd558 elementor-widget elementor-widget-image\" data-id=\"c7bd558\" data-element_type=\"widget\" data-e-type=\"widget\" data-widget_type=\"image.default\">\n\t\t\t\t\t\t\t\t\t\t\t\t\t\t\t<img fetchpriority=\"high\" decoding=\"async\" width=\"2560\" height=\"774\" src=\"https:\/\/voxaura.ai\/wp-content\/uploads\/2025\/12\/LOGO-CARIBBEAN-black-scaled.png\" class=\"attachment-full size-full wp-image-12923\" alt=\"\" srcset=\"https:\/\/voxaura.ai\/wp-content\/uploads\/2025\/12\/LOGO-CARIBBEAN-black-scaled.png 2560w, https:\/\/voxaura.ai\/wp-content\/uploads\/2025\/12\/LOGO-CARIBBEAN-black-300x91.png 300w, https:\/\/voxaura.ai\/wp-content\/uploads\/2025\/12\/LOGO-CARIBBEAN-black-scaled-600x181.png 600w, https:\/\/voxaura.ai\/wp-content\/uploads\/2025\/12\/LOGO-CARIBBEAN-black-scaled-64x19.png 64w, https:\/\/voxaura.ai\/wp-content\/uploads\/2025\/12\/LOGO-CARIBBEAN-black-1024x309.png 1024w, https:\/\/voxaura.ai\/wp-content\/uploads\/2025\/12\/LOGO-CARIBBEAN-black-768x232.png 768w, https:\/\/voxaura.ai\/wp-content\/uploads\/2025\/12\/LOGO-CARIBBEAN-black-1536x464.png 1536w, https:\/\/voxaura.ai\/wp-content\/uploads\/2025\/12\/LOGO-CARIBBEAN-black-2048x619.png 2048w\" sizes=\"(max-width: 2560px) 100vw, 2560px\" \/>\t\t\t\t\t\t\t\t\t\t\t\t\t\t\t<\/div>\n\t\t\t\t<div class=\"elementor-element elementor-element-c7340b7 elementor-widget elementor-widget-heading\" data-id=\"c7340b7\" data-element_type=\"widget\" data-e-type=\"widget\" data-widget_type=\"heading.default\">\n\t\t\t\t\t<h2 class=\"elementor-heading-title elementor-size-default\">CARIBBEAN CABINET PRODUCTS INC<\/h2>\t\t\t\t<\/div>\n\t\t\t\t<div class=\"elementor-element elementor-element-69fa549 elementor-widget elementor-widget-text-editor\" data-id=\"69fa549\" data-element_type=\"widget\" data-e-type=\"widget\" data-widget_type=\"text-editor.default\">\n\t\t\t\t\t\t\t\t\t<p>Ausstellungsraum, Vertrieb und technische Beratung, spezialisiert auf hochwertige Materialien,<br>M\u00f6belbeschl\u00e4ge, Ger\u00e4te und dekorative Oberfl\u00e4chen f\u00fcr den Wohn- und Gewerbemarkt.<\/p>\t\t\t\t\t\t\t\t<\/div>\n\t\t\t\t\t<\/div>\n\t\t\t\t<\/div>\n\t\t<div class=\"elementor-element elementor-element-8200b60 e-flex e-con-boxed wpr-particle-no wpr-jarallax-no wpr-parallax-no wpr-sticky-section-no wpr-equal-height-no e-con e-parent\" data-id=\"8200b60\" data-element_type=\"container\" data-e-type=\"container\" data-settings=\"{&quot;background_background&quot;:&quot;classic&quot;}\">\n\t\t\t\t\t<div class=\"e-con-inner\">\n\t\t<div class=\"elementor-element elementor-element-4ebca0b e-con-full e-flex wpr-particle-no wpr-jarallax-no wpr-parallax-no wpr-sticky-section-no wpr-equal-height-no e-con e-child\" data-id=\"4ebca0b\" data-element_type=\"container\" data-e-type=\"container\">\n\t\t\t\t<div class=\"elementor-element elementor-element-2cb515a elementor-widget elementor-widget-text-editor\" data-id=\"2cb515a\" data-element_type=\"widget\" data-e-type=\"widget\" data-widget_type=\"text-editor.default\">\n\t\t\t\t\t\t\t\t\t<p>Caribbean Cabinet Products INC ist ein f\u00fchrendes Ausstellungs- und Vertriebsunternehmen in Puerto Rico, das hochwertige Produkte f\u00fcr die K\u00fcchen-, M\u00f6bel- und Architekturbranche anbietet.<\/p><p>Mit seinen Standorten in Juana D\u00edaz und Bayam\u00f3n dient das Unternehmen als umfassende Drehscheibe f\u00fcr hochwertige Materialien, Beschlagsysteme, Ger\u00e4te und Oberfl\u00e4chenl\u00f6sungen, die in Wohn- und Gewerbeprojekten eingesetzt werden.<\/p><p>Durch die Kombination von technischem Fachwissen und pers\u00f6nlicher Beratung unterst\u00fctzt Caribbean Cabinet Products Designer, Bauherren und Hersteller dabei, in jeder Phase ihrer Projekte hervorragende Ergebnisse zu erzielen.<\/p>\t\t\t\t\t\t\t\t<\/div>\n\t\t\t\t<\/div>\n\t\t<div class=\"elementor-element elementor-element-2bce57c e-con-full e-flex wpr-particle-no wpr-jarallax-no wpr-parallax-no wpr-sticky-section-no wpr-equal-height-no e-con e-child\" data-id=\"2bce57c\" data-element_type=\"container\" data-e-type=\"container\">\n\t\t\t\t<div class=\"elementor-element elementor-element-38ec31d elementor-widget elementor-widget-image\" data-id=\"38ec31d\" data-element_type=\"widget\" data-e-type=\"widget\" data-widget_type=\"image.default\">\n\t\t\t\t\t\t\t\t\t\t\t\t\t\t\t<img decoding=\"async\" width=\"763\" height=\"572\" src=\"https:\/\/voxaura.ai\/wp-content\/uploads\/2025\/12\/caribbean-spaceholder-1.png\" class=\"attachment-full size-full wp-image-12924\" alt=\"\" srcset=\"https:\/\/voxaura.ai\/wp-content\/uploads\/2025\/12\/caribbean-spaceholder-1.png 763w, https:\/\/voxaura.ai\/wp-content\/uploads\/2025\/12\/caribbean-spaceholder-1-300x225.png 300w, https:\/\/voxaura.ai\/wp-content\/uploads\/2025\/12\/caribbean-spaceholder-1-600x450.png 600w, https:\/\/voxaura.ai\/wp-content\/uploads\/2025\/12\/caribbean-spaceholder-1-64x48.png 64w\" sizes=\"(max-width: 763px) 100vw, 763px\" \/>\t\t\t\t\t\t\t\t\t\t\t\t\t\t\t<\/div>\n\t\t\t\t<\/div>\n\t\t\t\t\t<\/div>\n\t\t\t\t<\/div>\n\t\t<div class=\"elementor-element elementor-element-689cd90 e-flex e-con-boxed wpr-particle-no wpr-jarallax-no wpr-parallax-no wpr-sticky-section-no wpr-equal-height-no e-con e-parent\" data-id=\"689cd90\" data-element_type=\"container\" data-e-type=\"container\" data-settings=\"{&quot;background_background&quot;:&quot;classic&quot;}\">\n\t\t\t\t\t<div class=\"e-con-inner\">\n\t\t<div class=\"elementor-element elementor-element-d6199a0 e-con-full e-flex wpr-particle-no wpr-jarallax-no wpr-parallax-no wpr-sticky-section-no wpr-equal-height-no e-con e-child\" data-id=\"d6199a0\" data-element_type=\"container\" data-e-type=\"container\">\n\t\t\t\t<div class=\"elementor-element elementor-element-5eeb341 elementor-widget elementor-widget-image\" data-id=\"5eeb341\" data-element_type=\"widget\" data-e-type=\"widget\" data-widget_type=\"image.default\">\n\t\t\t\t\t\t\t\t\t\t\t\t\t\t\t<img decoding=\"async\" width=\"754\" height=\"566\" src=\"https:\/\/voxaura.ai\/wp-content\/uploads\/2025\/12\/caribbean-spaceholder-2.png\" class=\"attachment-full size-full wp-image-12925\" alt=\"\" srcset=\"https:\/\/voxaura.ai\/wp-content\/uploads\/2025\/12\/caribbean-spaceholder-2.png 754w, https:\/\/voxaura.ai\/wp-content\/uploads\/2025\/12\/caribbean-spaceholder-2-300x225.png 300w, https:\/\/voxaura.ai\/wp-content\/uploads\/2025\/12\/caribbean-spaceholder-2-600x450.png 600w, https:\/\/voxaura.ai\/wp-content\/uploads\/2025\/12\/caribbean-spaceholder-2-64x48.png 64w\" sizes=\"(max-width: 754px) 100vw, 754px\" \/>\t\t\t\t\t\t\t\t\t\t\t\t\t\t\t<\/div>\n\t\t\t\t<\/div>\n\t\t<div class=\"elementor-element elementor-element-531220b e-con-full e-flex wpr-particle-no wpr-jarallax-no wpr-parallax-no wpr-sticky-section-no wpr-equal-height-no e-con e-child\" data-id=\"531220b\" data-element_type=\"container\" data-e-type=\"container\">\n\t\t\t\t<div class=\"elementor-element elementor-element-9ff7c2d elementor-widget elementor-widget-heading\" data-id=\"9ff7c2d\" data-element_type=\"widget\" data-e-type=\"widget\" data-widget_type=\"heading.default\">\n\t\t\t\t\t<h2 class=\"elementor-heading-title elementor-size-default\">VOXAURA UND CARIBBEAN CABINET PRODUCTS INC<\/h2>\t\t\t\t<\/div>\n\t\t\t\t<div class=\"elementor-element elementor-element-837bff7 elementor-widget elementor-widget-text-editor\" data-id=\"837bff7\" data-element_type=\"widget\" data-e-type=\"widget\" data-widget_type=\"text-editor.default\">\n\t\t\t\t\t\t\t\t\t<p>Caribbean Cabinet Products INC ist ein kommerzieller Partner von VoxAura und integriert dessen Materialien und Designl\u00f6sungen in eine Vielzahl von Premium-Projekten in Puerto Rico. Die Partnerschaft konzentriert sich darauf, die Verf\u00fcgbarkeit von VoxAura-Produkten auf dem lokalen Markt durch professionelle Designunterst\u00fctzung, technische Beratung und Ausstellungsr\u00e4ume zu erweitern, die die einzigartigen Qualit\u00e4ten der VoxAura-Dienstleistungen hervorheben. <\/p>\t\t\t\t\t\t\t\t<\/div>\n\t\t\t\t<\/div>\n\t\t\t\t\t<\/div>\n\t\t\t\t<\/div>\n\t\t<div class=\"elementor-element elementor-element-b6f0271 e-con-full e-flex wpr-particle-no wpr-jarallax-no wpr-parallax-no wpr-sticky-section-no wpr-equal-height-no e-con e-parent\" data-id=\"b6f0271\" data-element_type=\"container\" data-e-type=\"container\">\n\t\t\t\t<div class=\"elementor-element elementor-element-591300b elementor-widget-divider--view-line elementor-widget elementor-widget-divider\" data-id=\"591300b\" data-element_type=\"widget\" data-e-type=\"widget\" data-widget_type=\"divider.default\">\n\t\t\t\t\t\t\t<div class=\"elementor-divider\">\n\t\t\t<span class=\"elementor-divider-separator\">\n\t\t\t\t\t\t<\/span>\n\t\t<\/div>\n\t\t\t\t\t\t<\/div>\n\t\t\t\t<\/div>\n\t\t<div class=\"elementor-element elementor-element-f964702 e-con-full e-flex wpr-particle-no wpr-jarallax-no wpr-parallax-no wpr-sticky-section-no wpr-equal-height-no e-con e-parent\" data-id=\"f964702\" data-element_type=\"container\" data-e-type=\"container\">\n\t\t<div class=\"elementor-element elementor-element-cfe568d e-con-full e-flex wpr-particle-no wpr-jarallax-no wpr-parallax-no wpr-sticky-section-no wpr-equal-height-no e-con e-child\" data-id=\"cfe568d\" data-element_type=\"container\" data-e-type=\"container\">\n\t\t\t\t<div class=\"elementor-element elementor-element-d2bb810 elementor-widget elementor-widget-heading\" data-id=\"d2bb810\" data-element_type=\"widget\" data-e-type=\"widget\" data-widget_type=\"heading.default\">\n\t\t\t\t\t<h1 class=\"elementor-heading-title elementor-size-default\">KONTAKT &amp; INFORMATIONEN<\/h1>\t\t\t\t<\/div>\n\t\t\t\t<div class=\"elementor-element elementor-element-6409973 elementor-widget elementor-widget-text-editor\" data-id=\"6409973\" data-element_type=\"widget\" data-e-type=\"widget\" data-widget_type=\"text-editor.default\">\n\t\t\t\t\t\t\t\t\t<p>Caribbean Cabinet Products INC<\/p>\t\t\t\t\t\t\t\t<\/div>\n\t\t\t\t<div class=\"elementor-element elementor-element-cf1412d elementor-widget elementor-widget-heading\" data-id=\"cf1412d\" data-element_type=\"widget\" data-e-type=\"widget\" data-widget_type=\"heading.default\">\n\t\t\t\t\t<h2 class=\"elementor-heading-title elementor-size-default\">Adresse:<\/h2>\t\t\t\t<\/div>\n\t\t\t\t<div class=\"elementor-element elementor-element-796ac46 elementor-widget elementor-widget-text-editor\" data-id=\"796ac46\" data-element_type=\"widget\" data-e-type=\"widget\" data-widget_type=\"text-editor.default\">\n\t\t\t\t\t\t\t\t\t<p>Juana Diaz: Carr. #, Km. 1l41, Bo.Pastillo \/ Singapur, Juana Diaz, PR 00795<br>Bayam\u00f3n: Km 2.4, Bo, PR-83l, Bayam\u00f3n, PR 00956  <\/p>\t\t\t\t\t\t\t\t<\/div>\n\t\t\t\t<div class=\"elementor-element elementor-element-31034c8 elementor-widget elementor-widget-heading\" data-id=\"31034c8\" data-element_type=\"widget\" data-e-type=\"widget\" data-widget_type=\"heading.default\">\n\t\t\t\t\t<h2 class=\"elementor-heading-title elementor-size-default\">Kontaktnummer des Gesch\u00e4fts:<\/h2>\t\t\t\t<\/div>\n\t\t\t\t<div class=\"elementor-element elementor-element-ef587b9 elementor-widget elementor-widget-text-editor\" data-id=\"ef587b9\" data-element_type=\"widget\" data-e-type=\"widget\" data-widget_type=\"text-editor.default\">\n\t\t\t\t\t\t\t\t\t<p>787-837-2720<\/p>\t\t\t\t\t\t\t\t<\/div>\n\t\t\t\t<div class=\"elementor-element elementor-element-95e2256 elementor-widget elementor-widget-heading\" data-id=\"95e2256\" data-element_type=\"widget\" data-e-type=\"widget\" data-widget_type=\"heading.default\">\n\t\t\t\t\t<h2 class=\"elementor-heading-title elementor-size-default\">Website:<\/h2>\t\t\t\t<\/div>\n\t\t\t\t<div class=\"elementor-element elementor-element-318370c elementor-widget elementor-widget-text-editor\" data-id=\"318370c\" data-element_type=\"widget\" data-e-type=\"widget\" data-widget_type=\"text-editor.default\">\n\t\t\t\t\t\t\t\t\t<p>https:\/\/caribbeancabinet.com<\/p>\t\t\t\t\t\t\t\t<\/div>\n\t\t\t\t<div class=\"elementor-element elementor-element-c2b36bb elementor-widget elementor-widget-heading\" data-id=\"c2b36bb\" data-element_type=\"widget\" data-e-type=\"widget\" data-widget_type=\"heading.default\">\n\t\t\t\t\t<h2 class=\"elementor-heading-title elementor-size-default\">E-Mail:<\/h2>\t\t\t\t<\/div>\n\t\t\t\t<div class=\"elementor-element elementor-element-f32a2b8 elementor-widget elementor-widget-text-editor\" data-id=\"f32a2b8\" data-element_type=\"widget\" data-e-type=\"widget\" data-widget_type=\"text-editor.default\">\n\t\t\t\t\t\t\t\t\t<p>servicio@caribbeancapinet.com<\/p>\t\t\t\t\t\t\t\t<\/div>\n\t\t\t\t<\/div>\n\t\t<div class=\"elementor-element elementor-element-e50443a e-con-full e-flex wpr-particle-no wpr-jarallax-no wpr-parallax-no wpr-sticky-section-no wpr-equal-height-no e-con e-child\" data-id=\"e50443a\" data-element_type=\"container\" data-e-type=\"container\">\n\t\t\t\t<div class=\"elementor-element elementor-element-6bae607 elementor-widget elementor-widget-google_maps\" data-id=\"6bae607\" data-element_type=\"widget\" data-e-type=\"widget\" data-widget_type=\"google_maps.default\">\n\t\t\t\t\t\t\t<div class=\"elementor-custom-embed\">\n\t\t\t<iframe loading=\"lazy\"\n\t\t\t\t\tsrc=\"https:\/\/maps.google.com\/maps?q=Carr.%20%231%20km.%20114.1%2C%20Juana%20D%C3%ADaz%2C%2000795%2C%20Puerto%20Rico&#038;t=m&#038;z=18&#038;output=embed&#038;iwloc=near\"\n\t\t\t\t\ttitle=\"Carr. #1 km. 114.1, Juana D\u00edaz, 00795, Puerto Rico\"\n\t\t\t\t\taria-label=\"Carr. #1 km. 114.1, Juana D\u00edaz, 00795, Puerto Rico\"\n\t\t\t><\/iframe>\n\t\t<\/div>\n\t\t\t\t\t\t<\/div>\n\t\t\t\t<\/div>\n\t\t\t\t<\/div>\n\t\t\t\t<\/div>\n\t\t","protected":false},"excerpt":{"rendered":"<p>VoxAura Einen Partner finden CARIBBEAN CABINET PRODUCTS INC Ausstellungsraum, Vertrieb und technische Beratung, spezialisiert auf hochwertige Materialien,M\u00f6belbeschl\u00e4ge, Ger\u00e4te und dekorative Oberfl\u00e4chen f\u00fcr den Wohn- und Gewerbemarkt. Caribbean Cabinet Products INC ist ein f\u00fchrendes Ausstellungs- und Vertriebsunternehmen in Puerto Rico, das hochwertige Produkte f\u00fcr die K\u00fcchen-, M\u00f6bel- und Architekturbranche anbietet. Mit seinen Standorten in Juana D\u00edaz<\/p>\n","protected":false},"author":1,"featured_media":0,"parent":13176,"menu_order":0,"comment_status":"closed","ping_status":"closed","template":"elementor_theme","meta":{"_acf_changed":false,"solace_meta_sidebar":"","solace_meta_container":"","solace_meta_enable_content_width":"","solace_meta_content_width":0,"solace_meta_title_alignment":"","solace_meta_author_avatar":"","solace_post_elements_order":"","solace_meta_disable_header":"","solace_meta_disable_footer":"","solace_meta_disable_title":"","footnotes":""},"class_list":["post-12922","page","type-page","status-publish","hentry"],"acf":[],"_hostinger_reach_plugin_has_subscription_block":false,"_hostinger_reach_plugin_is_elementor":false,"_links":{"self":[{"href":"https:\/\/voxaura.ai\/de\/wp-json\/wp\/v2\/pages\/12922","targetHints":{"allow":["GET"]}}],"collection":[{"href":"https:\/\/voxaura.ai\/de\/wp-json\/wp\/v2\/pages"}],"about":[{"href":"https:\/\/voxaura.ai\/de\/wp-json\/wp\/v2\/types\/page"}],"author":[{"embeddable":true,"href":"https:\/\/voxaura.ai\/de\/wp-json\/wp\/v2\/users\/1"}],"replies":[{"embeddable":true,"href":"https:\/\/voxaura.ai\/de\/wp-json\/wp\/v2\/comments?post=12922"}],"version-history":[{"count":1,"href":"https:\/\/voxaura.ai\/de\/wp-json\/wp\/v2\/pages\/12922\/revisions"}],"predecessor-version":[{"id":12927,"href":"https:\/\/voxaura.ai\/de\/wp-json\/wp\/v2\/pages\/12922\/revisions\/12927"}],"up":[{"embeddable":true,"href":"https:\/\/voxaura.ai\/de\/wp-json\/wp\/v2\/pages\/13176"}],"wp:attachment":[{"href":"https:\/\/voxaura.ai\/de\/wp-json\/wp\/v2\/media?parent=12922"}],"curies":[{"name":"wp","href":"https:\/\/api.w.org\/{rel}","templated":true}]}}