{"id":12913,"date":"2026-01-05T09:01:44","date_gmt":"2026-01-05T09:01:44","guid":{"rendered":"https:\/\/voxaura.ai\/ai-nutzungserklaerung\/"},"modified":"2026-04-20T07:07:08","modified_gmt":"2026-04-20T07:07:08","slug":"ai-nutzungserklaerung","status":"publish","type":"page","link":"https:\/\/voxaura.ai\/de\/ai-nutzungserklaerung\/","title":{"rendered":"AI-Nutzungserkl\u00e4rung"},"content":{"rendered":"\t\t<div data-elementor-type=\"wp-page\" data-elementor-id=\"12913\" class=\"elementor elementor-12913 elementor-6081\" data-elementor-post-type=\"page\">\n\t\t\t\t<div class=\"elementor-element elementor-element-205c5dfe e-con-full e-flex wpr-particle-no wpr-jarallax-no wpr-parallax-no wpr-sticky-section-no wpr-equal-height-no e-con e-parent\" data-id=\"205c5dfe\" data-element_type=\"container\" data-e-type=\"container\">\n\t\t\t\t<div class=\"elementor-element elementor-element-28a5d17e elementor-icon-list--layout-inline elementor-align-center elementor-widget__width-auto elementor-list-item-link-full_width elementor-widget elementor-widget-icon-list\" data-id=\"28a5d17e\" data-element_type=\"widget\" data-e-type=\"widget\" data-widget_type=\"icon-list.default\">\n\t\t\t\t\t\t\t<ul class=\"elementor-icon-list-items elementor-inline-items\">\n\t\t\t\t\t\t\t<li class=\"elementor-icon-list-item elementor-inline-item\">\n\t\t\t\t\t\t\t\t\t\t\t<a href=\"https:\/\/voxaura.ai\/home\/\" voxaura=\"\">\n\n\t\t\t\t\t\t\t\t\t\t\t<span class=\"elementor-icon-list-text\">VoxAura  <\/span>\n\t\t\t\t\t\t\t\t\t\t\t<\/a>\n\t\t\t\t\t\t\t\t\t<\/li>\n\t\t\t\t\t\t\t\t<li class=\"elementor-icon-list-item elementor-inline-item\">\n\t\t\t\t\t\t\t\t\t\t\t<span class=\"elementor-icon-list-icon\">\n\t\t\t\t\t\t\t<svg aria-hidden=\"true\" class=\"e-font-icon-svg e-fas-angle-right\" viewBox=\"0 0 256 512\" xmlns=\"http:\/\/www.w3.org\/2000\/svg\"><path d=\"M224.3 273l-136 136c-9.4 9.4-24.6 9.4-33.9 0l-22.6-22.6c-9.4-9.4-9.4-24.6 0-33.9l96.4-96.4-96.4-96.4c-9.4-9.4-9.4-24.6 0-33.9L54.3 103c9.4-9.4 24.6-9.4 33.9 0l136 136c9.5 9.4 9.5 24.6.1 34z\"><\/path><\/svg>\t\t\t\t\t\t<\/span>\n\t\t\t\t\t\t\t\t\t\t<span class=\"elementor-icon-list-text\">AI-Nutzungserkl\u00e4rung<\/span>\n\t\t\t\t\t\t\t\t\t<\/li>\n\t\t\t\t\t\t<\/ul>\n\t\t\t\t\t\t<\/div>\n\t\t\t\t<\/div>\n\t\t<div class=\"elementor-element elementor-element-253a738f e-con-full e-flex wpr-particle-no wpr-jarallax-no wpr-parallax-no wpr-sticky-section-no wpr-equal-height-no e-con e-parent\" data-id=\"253a738f\" data-element_type=\"container\" data-e-type=\"container\">\n\t\t\t\t<div class=\"elementor-element elementor-element-36501074 elementor-widget elementor-widget-heading\" data-id=\"36501074\" data-element_type=\"widget\" data-e-type=\"widget\" data-widget_type=\"heading.default\">\n\t\t\t\t\t<h2 class=\"elementor-heading-title elementor-size-default\">AI-Nutzungserkl\u00e4rung<\/h2>\t\t\t\t<\/div>\n\t\t\t\t<div class=\"elementor-element elementor-element-4b32f05e elementor-widget elementor-widget-text-editor\" data-id=\"4b32f05e\" data-element_type=\"widget\" data-e-type=\"widget\" data-widget_type=\"text-editor.default\">\n\t\t\t\t\t\t\t\t\t<p>Wir bei der VoxAura GmbH sind bestrebt, das Benutzererlebnis zu verbessern und unsere Dienstleistungen durch den Einsatz von Technologien der k\u00fcnstlichen Intelligenz (KI) zu optimieren. KI kann in verschiedenen Aspekten unserer Website und Dienstleistungen eingesetzt werden, unter anderem zur Verbesserung von Produktempfehlungen, zur Personalisierung von Inhalten, zur Analyse des Website-Verkehrs und zur Optimierung von Betriebsabl\u00e4ufen. <\/p>\t\t\t\t\t\t\t\t<\/div>\n\t\t\t\t<div class=\"elementor-element elementor-element-5e2fa3a5 elementor-widget elementor-widget-heading\" data-id=\"5e2fa3a5\" data-element_type=\"widget\" data-e-type=\"widget\" data-widget_type=\"heading.default\">\n\t\t\t\t\t<h2 class=\"elementor-heading-title elementor-size-default\">Datenschutz und Datensicherheit<\/h2>\t\t\t\t<\/div>\n\t\t\t\t<div class=\"elementor-element elementor-element-2d0e5df4 elementor-widget elementor-widget-text-editor\" data-id=\"2d0e5df4\" data-element_type=\"widget\" data-e-type=\"widget\" data-widget_type=\"text-editor.default\">\n\t\t\t\t\t\t\t\t\t<p>Wir nehmen die Privatsph\u00e4re unserer Nutzer sehr ernst. Alle Daten, die von AI-Systemen verarbeitet werden, werden in \u00dcbereinstimmung mit den geltenden Datenschutzbestimmungen, einschlie\u00dflich der GDPR, behandelt. Pers\u00f6nliche Daten werden, wann immer m\u00f6glich, anonymisiert, und wir setzen strenge Sicherheitsma\u00dfnahmen ein, um alle gesammelten Informationen zu sch\u00fctzen.  <\/p>\t\t\t\t\t\t\t\t<\/div>\n\t\t\t\t<div class=\"elementor-element elementor-element-40190e01 elementor-widget elementor-widget-heading\" data-id=\"40190e01\" data-element_type=\"widget\" data-e-type=\"widget\" data-widget_type=\"heading.default\">\n\t\t\t\t\t<h2 class=\"elementor-heading-title elementor-size-default\">Transparenz und Kontrolle<\/h2>\t\t\t\t<\/div>\n\t\t\t\t<div class=\"elementor-element elementor-element-66a7051b elementor-widget elementor-widget-text-editor\" data-id=\"66a7051b\" data-element_type=\"widget\" data-e-type=\"widget\" data-widget_type=\"text-editor.default\">\n\t\t\t\t\t\t\t\t\t<p>Wir bem\u00fchen uns, sicherzustellen, dass unsere Nutzung von KI transparent und erkl\u00e4rbar ist. Die Nutzer behalten die Kontrolle \u00fcber ihre Daten und k\u00f6nnen jederzeit Informationen anfordern oder sich gegen bestimmte KI-gesteuerte Prozesse entscheiden, indem sie uns bei der VoxAura GmbH kontaktieren. <\/p>\t\t\t\t\t\t\t\t<\/div>\n\t\t\t\t<div class=\"elementor-element elementor-element-d031926 elementor-widget elementor-widget-heading\" data-id=\"d031926\" data-element_type=\"widget\" data-e-type=\"widget\" data-widget_type=\"heading.default\">\n\t\t\t\t\t<h2 class=\"elementor-heading-title elementor-size-default\">Generative KI-Nutzung<\/h2>\t\t\t\t<\/div>\n\t\t\t\t<div class=\"elementor-element elementor-element-7c9eefd3 elementor-widget elementor-widget-text-editor\" data-id=\"7c9eefd3\" data-element_type=\"widget\" data-e-type=\"widget\" data-widget_type=\"text-editor.default\">\n\t\t\t\t\t\t\t\t\t<p>Wir nutzen auch generative KI wie ChatGPT f\u00fcr Marktforschungszwecke oder als vorl\u00e4ufige Informationsquelle zu neuen Themen. Alle unsere Texte sind jedoch in erster Linie selbst geschrieben und werden mehrfach \u00fcberarbeitet. Sollten wir generative KI zur Erstellung von Bildern verwenden, werden wir dies ausdr\u00fccklich angeben. In unserer Blog-Sektion verlassen wir uns zunehmend auf generative KI, und wenn wir dies tun, geben wir im Postskriptum eines jeden Blogeintrags einen deutlichen Hinweis darauf.<br>F\u00fcr \u00dcbersetzungsaktivit\u00e4ten erg\u00e4nzen wir unsere eigenen \u00dcbersetzungen durch die Nutzung von \u00dcbersetzungssoftware-Anbietern wie ChatGPT, DeepL und Google Translate.   <\/p>\t\t\t\t\t\t\t\t<\/div>\n\t\t\t\t<div class=\"elementor-element elementor-element-12f07362 elementor-widget elementor-widget-heading\" data-id=\"12f07362\" data-element_type=\"widget\" data-e-type=\"widget\" data-widget_type=\"heading.default\">\n\t\t\t\t\t<h2 class=\"elementor-heading-title elementor-size-default\">Website-Optimierung<\/h2>\t\t\t\t<\/div>\n\t\t\t\t<div class=\"elementor-element elementor-element-e062f14 elementor-widget elementor-widget-text-editor\" data-id=\"e062f14\" data-element_type=\"widget\" data-e-type=\"widget\" data-widget_type=\"text-editor.default\">\n\t\t\t\t\t\t\t\t\t<p>Im Rahmen unserer st\u00e4ndigen Bem\u00fchungen, unsere Homepage zu optimieren, f\u00fchren wir A\/B-Tests durch und werten unsere Leistung regelm\u00e4\u00dfig mit Google Analytics aus.<br>Wenn Sie Fragen oder Bedenken bez\u00fcglich unserer Verwendung von KI haben, z\u00f6gern Sie bitte nicht, sich an uns zu wenden. Wir sind bestrebt, KI verantwortungsbewusst und ethisch korrekt einzusetzen, um unsere Produkte und Dienstleistungen zu verbessern. <\/p>\t\t\t\t\t\t\t\t<\/div>\n\t\t\t\t<div class=\"elementor-element elementor-element-3411d6b elementor-widget elementor-widget-text-editor\" data-id=\"3411d6b\" data-element_type=\"widget\" data-e-type=\"widget\" data-widget_type=\"text-editor.default\">\n\t\t\t\t\t\t\t\t\t<p>Im Rahmen unserer st\u00e4ndigen Bem\u00fchungen, unsere Homepage zu optimieren, f\u00fchren wir A\/B-Tests durch und werten unsere Leistung regelm\u00e4\u00dfig mit Google Analytics aus.<br>Wenn Sie Fragen oder Bedenken bez\u00fcglich unserer Verwendung von KI haben, z\u00f6gern Sie bitte nicht, sich an uns zu wenden. Wir sind bestrebt, KI verantwortungsbewusst und ethisch korrekt einzusetzen, um unsere Produkte und Dienstleistungen zu verbessern. <\/p>\t\t\t\t\t\t\t\t<\/div>\n\t\t\t\t<\/div>\n\t\t\t\t<\/div>\n\t\t","protected":false},"excerpt":{"rendered":"<p>VoxAura Wir bei der VoxAura GmbH sind bestrebt, das Benutzererlebnis zu verbessern und unsere Dienstleistungen durch den Einsatz von Technologien der k\u00fcnstlichen Intelligenz (KI) zu optimieren. KI kann in verschiedenen Aspekten unserer Website und Dienstleistungen eingesetzt werden, unter anderem zur Verbesserung von Produktempfehlungen, zur Personalisierung von Inhalten, zur Analyse des Website-Verkehrs und zur Optimierung von<\/p>\n","protected":false},"author":1,"featured_media":0,"parent":0,"menu_order":0,"comment_status":"closed","ping_status":"closed","template":"elementor_theme","meta":{"_acf_changed":false,"solace_meta_sidebar":"","solace_meta_container":"","solace_meta_enable_content_width":"","solace_meta_content_width":0,"solace_meta_title_alignment":"","solace_meta_author_avatar":"","solace_post_elements_order":"","solace_meta_disable_header":"","solace_meta_disable_footer":"","solace_meta_disable_title":"","footnotes":""},"class_list":["post-12913","page","type-page","status-publish","hentry"],"acf":[],"_hostinger_reach_plugin_has_subscription_block":false,"_hostinger_reach_plugin_is_elementor":false,"_links":{"self":[{"href":"https:\/\/voxaura.ai\/de\/wp-json\/wp\/v2\/pages\/12913","targetHints":{"allow":["GET"]}}],"collection":[{"href":"https:\/\/voxaura.ai\/de\/wp-json\/wp\/v2\/pages"}],"about":[{"href":"https:\/\/voxaura.ai\/de\/wp-json\/wp\/v2\/types\/page"}],"author":[{"embeddable":true,"href":"https:\/\/voxaura.ai\/de\/wp-json\/wp\/v2\/users\/1"}],"replies":[{"embeddable":true,"href":"https:\/\/voxaura.ai\/de\/wp-json\/wp\/v2\/comments?post=12913"}],"version-history":[{"count":1,"href":"https:\/\/voxaura.ai\/de\/wp-json\/wp\/v2\/pages\/12913\/revisions"}],"predecessor-version":[{"id":12914,"href":"https:\/\/voxaura.ai\/de\/wp-json\/wp\/v2\/pages\/12913\/revisions\/12914"}],"wp:attachment":[{"href":"https:\/\/voxaura.ai\/de\/wp-json\/wp\/v2\/media?parent=12913"}],"curies":[{"name":"wp","href":"https:\/\/api.w.org\/{rel}","templated":true}]}}