{"id":12891,"date":"2025-12-29T01:38:46","date_gmt":"2025-12-29T01:38:46","guid":{"rendered":"https:\/\/voxaura.ai\/voxaura-markenhaus\/"},"modified":"2026-04-20T07:13:30","modified_gmt":"2026-04-20T07:13:30","slug":"voxaura-markenhaus","status":"publish","type":"page","link":"https:\/\/voxaura.ai\/de\/referenzen\/voxaura-markenhaus\/","title":{"rendered":"VoxAura Markenhaus"},"content":{"rendered":"\t\t<div data-elementor-type=\"wp-page\" data-elementor-id=\"12891\" class=\"elementor elementor-12891 elementor-3902\" data-elementor-post-type=\"page\">\n\t\t\t\t<div class=\"elementor-element elementor-element-1a080f62 e-con-full e-flex wpr-particle-no wpr-jarallax-no wpr-parallax-no wpr-sticky-section-no wpr-equal-height-no e-con e-parent\" data-id=\"1a080f62\" data-element_type=\"container\" data-e-type=\"container\">\n\t\t\t\t<div class=\"elementor-element elementor-element-43255e35 elementor-icon-list--layout-inline elementor-align-center elementor-widget__width-auto elementor-hidden-mobile elementor-list-item-link-full_width elementor-widget elementor-widget-icon-list\" data-id=\"43255e35\" data-element_type=\"widget\" data-e-type=\"widget\" data-widget_type=\"icon-list.default\">\n\t\t\t\t\t\t\t<ul class=\"elementor-icon-list-items elementor-inline-items\">\n\t\t\t\t\t\t\t<li class=\"elementor-icon-list-item elementor-inline-item\">\n\t\t\t\t\t\t\t\t\t\t\t<a href=\"https:\/\/voxaura.ai\/home\/\" voxaura=\"\">\n\n\t\t\t\t\t\t\t\t\t\t\t<span class=\"elementor-icon-list-text\">VoxAura<\/span>\n\t\t\t\t\t\t\t\t\t\t\t<\/a>\n\t\t\t\t\t\t\t\t\t<\/li>\n\t\t\t\t\t\t\t\t<li class=\"elementor-icon-list-item elementor-inline-item\">\n\t\t\t\t\t\t\t\t\t\t\t<a href=\"https:\/\/voxaura.ai\/references\/\">\n\n\t\t\t\t\t\t\t\t\t\t\t\t<span class=\"elementor-icon-list-icon\">\n\t\t\t\t\t\t\t<svg aria-hidden=\"true\" class=\"e-font-icon-svg e-fas-angle-right\" viewBox=\"0 0 256 512\" xmlns=\"http:\/\/www.w3.org\/2000\/svg\"><path d=\"M224.3 273l-136 136c-9.4 9.4-24.6 9.4-33.9 0l-22.6-22.6c-9.4-9.4-9.4-24.6 0-33.9l96.4-96.4-96.4-96.4c-9.4-9.4-9.4-24.6 0-33.9L54.3 103c9.4-9.4 24.6-9.4 33.9 0l136 136c9.5 9.4 9.5 24.6.1 34z\"><\/path><\/svg>\t\t\t\t\t\t<\/span>\n\t\t\t\t\t\t\t\t\t\t<span class=\"elementor-icon-list-text\">Referenzen<\/span>\n\t\t\t\t\t\t\t\t\t\t\t<\/a>\n\t\t\t\t\t\t\t\t\t<\/li>\n\t\t\t\t\t\t\t\t<li class=\"elementor-icon-list-item elementor-inline-item\">\n\t\t\t\t\t\t\t\t\t\t\t<span class=\"elementor-icon-list-icon\">\n\t\t\t\t\t\t\t<svg aria-hidden=\"true\" class=\"e-font-icon-svg e-fas-angle-right\" viewBox=\"0 0 256 512\" xmlns=\"http:\/\/www.w3.org\/2000\/svg\"><path d=\"M224.3 273l-136 136c-9.4 9.4-24.6 9.4-33.9 0l-22.6-22.6c-9.4-9.4-9.4-24.6 0-33.9l96.4-96.4-96.4-96.4c-9.4-9.4-9.4-24.6 0-33.9L54.3 103c9.4-9.4 24.6-9.4 33.9 0l136 136c9.5 9.4 9.5 24.6.1 34z\"><\/path><\/svg>\t\t\t\t\t\t<\/span>\n\t\t\t\t\t\t\t\t\t\t<span class=\"elementor-icon-list-text\">VoxAura Markenhaus<\/span>\n\t\t\t\t\t\t\t\t\t<\/li>\n\t\t\t\t\t\t<\/ul>\n\t\t\t\t\t\t<\/div>\n\t\t<div class=\"elementor-element elementor-element-447474ce e-con-full e-flex wpr-particle-no wpr-jarallax-no wpr-parallax-no wpr-sticky-section-no wpr-equal-height-no e-con e-child\" data-id=\"447474ce\" data-element_type=\"container\" data-e-type=\"container\" data-settings=\"{&quot;background_background&quot;:&quot;slideshow&quot;,&quot;background_slideshow_gallery&quot;:[{&quot;id&quot;:12899,&quot;url&quot;:&quot;https:\\\/\\\/voxaura.ai\\\/wp-content\\\/uploads\\\/2025\\\/12\\\/voxaura-brandhouse-outdoor-seaview1-scaled.jpg&quot;}],&quot;background_slideshow_slide_duration&quot;:5000,&quot;background_slideshow_slide_transition&quot;:&quot;fade&quot;,&quot;background_slideshow_transition_duration&quot;:500}\">\n\t\t\t\t<div class=\"elementor-element elementor-element-5e38676 elementor-widget elementor-widget-heading\" data-id=\"5e38676\" data-element_type=\"widget\" data-e-type=\"widget\" data-widget_type=\"heading.default\">\n\t\t\t\t\t<h2 class=\"elementor-heading-title elementor-size-default\">VoxAura<br>BRAND HOUSE<\/h2>\t\t\t\t<\/div>\n\t\t\t\t<\/div>\n\t\t\t\t<\/div>\n\t\t<div class=\"elementor-element elementor-element-85a8e3e e-con-full e-flex wpr-particle-no wpr-jarallax-no wpr-parallax-no wpr-sticky-section-no wpr-equal-height-no e-con e-parent\" data-id=\"85a8e3e\" data-element_type=\"container\" data-e-type=\"container\" data-settings=\"{&quot;background_background&quot;:&quot;classic&quot;}\">\n\t\t<div class=\"elementor-element elementor-element-47faa16 e-con-full e-flex wpr-particle-no wpr-jarallax-no wpr-parallax-no wpr-sticky-section-no wpr-equal-height-no e-con e-child\" data-id=\"47faa16\" data-element_type=\"container\" data-e-type=\"container\">\n\t\t\t\t<div class=\"elementor-element elementor-element-1b9871e elementor-widget elementor-widget-heading\" data-id=\"1b9871e\" data-element_type=\"widget\" data-e-type=\"widget\" data-widget_type=\"heading.default\">\n\t\t\t\t\t<h2 class=\"elementor-heading-title elementor-size-default\">STILVOLLES HERZST\u00dcCK DES HAUSES<\/h2>\t\t\t\t<\/div>\n\t\t\t\t<div class=\"elementor-element elementor-element-a3da538 elementor-widget elementor-widget-text-editor\" data-id=\"a3da538\" data-element_type=\"widget\" data-e-type=\"widget\" data-widget_type=\"text-editor.default\">\n\t\t\t\t\t\t\t\t\t<p>Das minimalistische Design der anspruchsvollen Beleuchtung f\u00fcgt sich nahtlos in die skandinavisch gepr\u00e4gte \u00c4sthetik der K\u00fcche ein und l\u00e4sst Materialien, T\u00f6ne und Texturen erstrahlen. Klares, blendfreies Licht, intelligente Steuerung und pr\u00e4zise Akzente wie beleuchtete Schr\u00e4nke, Regale und Schubladen verbinden Funktionalit\u00e4t mit subtiler Eleganz, w\u00e4hrend Pendel-, Unterschrank- und Sockelleuchten f\u00fcr Struktur, Leichtigkeit und ein offenes Raumgef\u00fchl sorgen und dem Raum Tiefe verleihen. Dimmbare Leuchten mit variabler Farbtemperatur passen sich an jede Situation an. Das Ergebnis ist eine K\u00fcche, die Stil, Komfort und Technologie harmonisch miteinander verbindet &#8211; ideal f\u00fcr den Alltag, den Genuss und einzigartige Momente.   <\/p><h6>Verwendete Lichter:<\/h6><p>&#8211; Pendelleuchte ONE AURA, \u00d840 cm, graphitschwarz<br>&#8211; Glasregalleuchte PL4004<br>&#8211; Silikon LED-Band LS4040 &amp; Aluminiumprofil AP1000 zur Sockelbeleuchtung<br>&#8211; Lineare Leuchte PL4000<br>&#8211; Beleuchtetes Glasregal PL4012<\/p>\t\t\t\t\t\t\t\t<\/div>\n\t\t\t\t<\/div>\n\t\t<div class=\"elementor-element elementor-element-f8195c7 e-con-full e-flex wpr-particle-no wpr-jarallax-no wpr-parallax-no wpr-sticky-section-no wpr-equal-height-no e-con e-child\" data-id=\"f8195c7\" data-element_type=\"container\" data-e-type=\"container\">\n\t\t\t\t<div class=\"elementor-element elementor-element-634d3c3 elementor-widget elementor-widget-image\" data-id=\"634d3c3\" data-element_type=\"widget\" data-e-type=\"widget\" data-widget_type=\"image.default\">\n\t\t\t\t\t\t\t\t\t\t\t\t\t\t\t<img fetchpriority=\"high\" decoding=\"async\" width=\"1000\" height=\"750\" src=\"https:\/\/voxaura.ai\/wp-content\/uploads\/2025\/12\/voxaura-kitchen-oneaura-black1.jpg\" class=\"attachment-full size-full wp-image-12895\" alt=\"\" srcset=\"https:\/\/voxaura.ai\/wp-content\/uploads\/2025\/12\/voxaura-kitchen-oneaura-black1.jpg 1000w, https:\/\/voxaura.ai\/wp-content\/uploads\/2025\/12\/voxaura-kitchen-oneaura-black1-300x225.jpg 300w, https:\/\/voxaura.ai\/wp-content\/uploads\/2025\/12\/voxaura-kitchen-oneaura-black1-600x450.jpg 600w, https:\/\/voxaura.ai\/wp-content\/uploads\/2025\/12\/voxaura-kitchen-oneaura-black1-64x48.jpg 64w, https:\/\/voxaura.ai\/wp-content\/uploads\/2025\/12\/voxaura-kitchen-oneaura-black1-768x576.jpg 768w\" sizes=\"(max-width: 1000px) 100vw, 1000px\" \/>\t\t\t\t\t\t\t\t\t\t\t\t\t\t\t<\/div>\n\t\t\t\t<\/div>\n\t\t\t\t<\/div>\n\t\t<div class=\"elementor-element elementor-element-509d4b7 e-con-full e-flex wpr-particle-no wpr-jarallax-no wpr-parallax-no wpr-sticky-section-no wpr-equal-height-no e-con e-parent\" data-id=\"509d4b7\" data-element_type=\"container\" data-e-type=\"container\" data-settings=\"{&quot;background_background&quot;:&quot;classic&quot;}\">\n\t\t<div class=\"elementor-element elementor-element-4628d6f e-con-full e-flex wpr-particle-no wpr-jarallax-no wpr-parallax-no wpr-sticky-section-no wpr-equal-height-no e-con e-child\" data-id=\"4628d6f\" data-element_type=\"container\" data-e-type=\"container\">\n\t\t\t\t<div class=\"elementor-element elementor-element-e32fe40 elementor-widget elementor-widget-image\" data-id=\"e32fe40\" data-element_type=\"widget\" data-e-type=\"widget\" data-widget_type=\"image.default\">\n\t\t\t\t\t\t\t\t\t\t\t\t\t\t\t<img decoding=\"async\" width=\"1000\" height=\"750\" src=\"https:\/\/voxaura.ai\/wp-content\/uploads\/2025\/12\/voxaura-PL4009-wardrobe1.jpg\" class=\"attachment-full size-full wp-image-12893\" alt=\"\" srcset=\"https:\/\/voxaura.ai\/wp-content\/uploads\/2025\/12\/voxaura-PL4009-wardrobe1.jpg 1000w, https:\/\/voxaura.ai\/wp-content\/uploads\/2025\/12\/voxaura-PL4009-wardrobe1-300x225.jpg 300w, https:\/\/voxaura.ai\/wp-content\/uploads\/2025\/12\/voxaura-PL4009-wardrobe1-600x450.jpg 600w, https:\/\/voxaura.ai\/wp-content\/uploads\/2025\/12\/voxaura-PL4009-wardrobe1-64x48.jpg 64w, https:\/\/voxaura.ai\/wp-content\/uploads\/2025\/12\/voxaura-PL4009-wardrobe1-768x576.jpg 768w\" sizes=\"(max-width: 1000px) 100vw, 1000px\" \/>\t\t\t\t\t\t\t\t\t\t\t\t\t\t\t<\/div>\n\t\t\t\t<\/div>\n\t\t<div class=\"elementor-element elementor-element-92410a2 e-con-full e-flex wpr-particle-no wpr-jarallax-no wpr-parallax-no wpr-sticky-section-no wpr-equal-height-no e-con e-child\" data-id=\"92410a2\" data-element_type=\"container\" data-e-type=\"container\">\n\t\t\t\t<div class=\"elementor-element elementor-element-9deef2b elementor-widget elementor-widget-heading\" data-id=\"9deef2b\" data-element_type=\"widget\" data-e-type=\"widget\" data-widget_type=\"heading.default\">\n\t\t\t\t\t<h2 class=\"elementor-heading-title elementor-size-default\">PERFEKT INS LICHT GESETZT<\/h2>\t\t\t\t<\/div>\n\t\t\t\t<div class=\"elementor-element elementor-element-a2a6615 elementor-widget elementor-widget-text-editor\" data-id=\"a2a6615\" data-element_type=\"widget\" data-e-type=\"widget\" data-widget_type=\"text-editor.default\">\n\t\t\t\t\t\t\t\t\t<p>Klares, tageslicht\u00e4hnliches Licht schafft einen \u00dcberblick und verleiht dem Ankleidezimmer ein luxuri\u00f6ses Raumgef\u00fchl. Integrierte Leuchten in Regalen und Schubladen tauchen jedes Regal in gleichm\u00e4\u00dfiges Licht &#8211; f\u00fcr maximale Ordnung und naturgetreue Farbwiedergabe beim Styling. Spotlights setzen besondere Akzente und strukturieren den Raum. Die ausgewogene Beleuchtung eliminiert Schatten, leuchtet jede Ecke pr\u00e4zise aus und verbindet Funktionalit\u00e4t mit Glamour. Das Beleuchtungskonzept betont Symmetrie, Struktur und Eleganz &#8211; f\u00fcr besondere Anl\u00e4sse und den perfekten Auftritt im Alltag.    <\/p><h6>Verwendete Lichter:<\/h6><p>Lineare Garderobenleuchte PL4006<br>Lineare Leuchte PL4000<br>Lineare Leuchte PL4008<br>Lineare Leuchte PL4009<br>Mini-Spotleuchte SC4000<\/p>\t\t\t\t\t\t\t\t<\/div>\n\t\t\t\t<\/div>\n\t\t\t\t<\/div>\n\t\t<div class=\"elementor-element elementor-element-0d88ea6 e-con-full e-flex wpr-particle-no wpr-jarallax-no wpr-parallax-no wpr-sticky-section-no wpr-equal-height-no e-con e-parent\" data-id=\"0d88ea6\" data-element_type=\"container\" data-e-type=\"container\" data-settings=\"{&quot;background_background&quot;:&quot;classic&quot;}\">\n\t\t<div class=\"elementor-element elementor-element-32ba3d8 e-con-full e-flex wpr-particle-no wpr-jarallax-no wpr-parallax-no wpr-sticky-section-no wpr-equal-height-no e-con e-child\" data-id=\"32ba3d8\" data-element_type=\"container\" data-e-type=\"container\">\n\t\t\t\t<div class=\"elementor-element elementor-element-5ab400c elementor-widget elementor-widget-heading\" data-id=\"5ab400c\" data-element_type=\"widget\" data-e-type=\"widget\" data-widget_type=\"heading.default\">\n\t\t\t\t\t<h2 class=\"elementor-heading-title elementor-size-default\">HAFEN DES FRIEDENS MIT LICHT UND LEICHTIGKEIT<\/h2>\t\t\t\t<\/div>\n\t\t\t\t<div class=\"elementor-element elementor-element-cc21e14 elementor-widget elementor-widget-text-editor\" data-id=\"cc21e14\" data-element_type=\"widget\" data-e-type=\"widget\" data-widget_type=\"text-editor.default\">\n\t\t\t\t\t\t\t\t\t<p>Weiches, warmes Licht entlang vertikaler Linien verleiht dem Raum Struktur und Tiefe. Geschickt platzierte Lichtzonen heben funktionale Bereiche hervor und schaffen gleichzeitig eine Atmosph\u00e4re der Ruhe und Entspannung. In Kombination mit nat\u00fcrlichen Materialien und einem minimalistischen Design entsteht ein modernes Badezimmer mit Spa-Charakter. Die harmonische Beleuchtung setzt Akzente, ohne sich aufzudr\u00e4ngen &#8211; ideal f\u00fcr einen erfrischenden Start in den Tag oder einen entspannten Ausklang des Abends.   <\/p><h6><span style=\"color: #ffffff;\">Verwendete Lichter:<\/span><\/h6><p>Silikon-LED-Band LS4041<\/p>\t\t\t\t\t\t\t\t<\/div>\n\t\t\t\t<\/div>\n\t\t<div class=\"elementor-element elementor-element-f9b748d e-con-full e-flex wpr-particle-no wpr-jarallax-no wpr-parallax-no wpr-sticky-section-no wpr-equal-height-no e-con e-child\" data-id=\"f9b748d\" data-element_type=\"container\" data-e-type=\"container\">\n\t\t\t\t<div class=\"elementor-element elementor-element-70fe888 elementor-widget elementor-widget-image\" data-id=\"70fe888\" data-element_type=\"widget\" data-e-type=\"widget\" data-widget_type=\"image.default\">\n\t\t\t\t\t\t\t\t\t\t\t\t\t\t\t<img decoding=\"async\" width=\"1000\" height=\"750\" src=\"https:\/\/voxaura.ai\/wp-content\/uploads\/2025\/12\/voxaura-bathroom-neturalwhite-medium1.jpg\" class=\"attachment-full size-full wp-image-12897\" alt=\"\" srcset=\"https:\/\/voxaura.ai\/wp-content\/uploads\/2025\/12\/voxaura-bathroom-neturalwhite-medium1.jpg 1000w, https:\/\/voxaura.ai\/wp-content\/uploads\/2025\/12\/voxaura-bathroom-neturalwhite-medium1-300x225.jpg 300w, https:\/\/voxaura.ai\/wp-content\/uploads\/2025\/12\/voxaura-bathroom-neturalwhite-medium1-600x450.jpg 600w, https:\/\/voxaura.ai\/wp-content\/uploads\/2025\/12\/voxaura-bathroom-neturalwhite-medium1-64x48.jpg 64w, https:\/\/voxaura.ai\/wp-content\/uploads\/2025\/12\/voxaura-bathroom-neturalwhite-medium1-768x576.jpg 768w\" sizes=\"(max-width: 1000px) 100vw, 1000px\" \/>\t\t\t\t\t\t\t\t\t\t\t\t\t\t\t<\/div>\n\t\t\t\t<\/div>\n\t\t\t\t<\/div>\n\t\t<div class=\"elementor-element elementor-element-6f74e83 e-con-full e-flex wpr-particle-no wpr-jarallax-no wpr-parallax-no wpr-sticky-section-no wpr-equal-height-no e-con e-parent\" data-id=\"6f74e83\" data-element_type=\"container\" data-e-type=\"container\" data-settings=\"{&quot;background_background&quot;:&quot;classic&quot;}\">\n\t\t<div class=\"elementor-element elementor-element-b93a9b2 e-con-full e-flex wpr-particle-no wpr-jarallax-no wpr-parallax-no wpr-sticky-section-no wpr-equal-height-no e-con e-child\" data-id=\"b93a9b2\" data-element_type=\"container\" data-e-type=\"container\">\n\t\t\t\t<div class=\"elementor-element elementor-element-6906017 elementor-widget elementor-widget-image\" data-id=\"6906017\" data-element_type=\"widget\" data-e-type=\"widget\" data-widget_type=\"image.default\">\n\t\t\t\t\t\t\t\t\t\t\t\t\t\t\t<img decoding=\"async\" src=\"https:\/\/voxaura.ai\/wp-content\/uploads\/2025\/12\/living_room_A_ringlight_wallshelf-21.jpg\" title=\"wohnzimmer_A_ringlicht_wandregal-2(1)\" alt=\"wohnzimmer_A_ringlicht_wandregal-2(1)\" loading=\"lazy\" \/>\t\t\t\t\t\t\t\t\t\t\t\t\t\t\t<\/div>\n\t\t\t\t<\/div>\n\t\t<div class=\"elementor-element elementor-element-6b80857 e-con-full e-flex wpr-particle-no wpr-jarallax-no wpr-parallax-no wpr-sticky-section-no wpr-equal-height-no e-con e-child\" data-id=\"6b80857\" data-element_type=\"container\" data-e-type=\"container\">\n\t\t\t\t<div class=\"elementor-element elementor-element-d5d66fa elementor-widget elementor-widget-heading\" data-id=\"d5d66fa\" data-element_type=\"widget\" data-e-type=\"widget\" data-widget_type=\"heading.default\">\n\t\t\t\t\t<h2 class=\"elementor-heading-title elementor-size-default\">BELEUCHTUNGSDESIGN F\u00dcR KOMFORTABLE WOHNR\u00c4UME<\/h2>\t\t\t\t<\/div>\n\t\t\t\t<div class=\"elementor-element elementor-element-323fc0b elementor-widget elementor-widget-text-editor\" data-id=\"323fc0b\" data-element_type=\"widget\" data-e-type=\"widget\" data-widget_type=\"text-editor.default\">\n\t\t\t\t\t\t\t\t\t<p>Ein fein abgestimmtes Beleuchtungskonzept verwandelt das Wohnzimmer in einen eleganten R\u00fcckzugsort mit Atmosph\u00e4re. Indirektes Licht auf Regalen, sanfte Deckenbeleuchtung und gezielte Akzente schaffen eine warme, einladende Atmosph\u00e4re. Das schlichte Design der Leuchten ist dezent und l\u00e4sst die Materialien und Einrichtungsgegenst\u00e4nde in den Vordergrund treten. Das Ergebnis ist ein Raum, der Geborgenheit ausstrahlt und stilvolle Leichtigkeit mit funktionalem Komfort verbindet. Subtil strukturierte Lichtzonen begleiten die verschiedenen Momente des Tages &#8211; von entspannten Stunden bis zum gem\u00fctlichen Beisammensein.    <\/p><h6>Verwendete Lichter:<\/h6><p>Pendelleuchte ONE AURA, \u00d8 60 cm, Ros\u00e9gold<br>Linearleuchte PL4002<br>Linearleuchte PL4011<\/p>\t\t\t\t\t\t\t\t<\/div>\n\t\t\t\t<\/div>\n\t\t\t\t<\/div>\n\t\t<div class=\"elementor-element elementor-element-41a2582 e-con-full e-flex wpr-particle-no wpr-jarallax-no wpr-parallax-no wpr-sticky-section-no wpr-equal-height-no e-con e-parent\" data-id=\"41a2582\" data-element_type=\"container\" data-e-type=\"container\" data-settings=\"{&quot;background_background&quot;:&quot;classic&quot;}\">\n\t\t<div class=\"elementor-element elementor-element-d00fb0b e-con-full e-flex wpr-particle-no wpr-jarallax-no wpr-parallax-no wpr-sticky-section-no wpr-equal-height-no e-con e-child\" data-id=\"d00fb0b\" data-element_type=\"container\" data-e-type=\"container\">\n\t\t\t\t<div class=\"elementor-element elementor-element-0d9e593 elementor-widget elementor-widget-heading\" data-id=\"0d9e593\" data-element_type=\"widget\" data-e-type=\"widget\" data-widget_type=\"heading.default\">\n\t\t\t\t\t<h2 class=\"elementor-heading-title elementor-size-default\">EIN ORT ZUM TEILEN, GENIESSEN, VERWEILEN<\/h2>\t\t\t\t<\/div>\n\t\t\t\t<div class=\"elementor-element elementor-element-fc29e04 elementor-widget elementor-widget-text-editor\" data-id=\"fc29e04\" data-element_type=\"widget\" data-e-type=\"widget\" data-widget_type=\"text-editor.default\">\n\t\t\t\t\t\t\t\t\t<p>Filigrane Pendelleuchten in verschiedenen Gr\u00f6\u00dfen und H\u00f6hen setzen den Esstisch als zentrales Gestaltungselement in Szene und schaffen gleichzeitig ein Gef\u00fchl von Leichtigkeit und Tiefe. Ihr puristisches Design f\u00fcgt sich dezent in das Raumkonzept ein und ist dennoch ein leuchtender Blickfang. Das blendfreie, dimmbare Licht passt sich jeder Stimmung an. Der Esstisch wird so zum Mittelpunkt des Beisammenseins, funktional beleuchtet, atmosph\u00e4risch inszeniert &#8211; ein warmer Rahmen f\u00fcr gemeinsame Abendessen, lebhafte Gespr\u00e4che oder ruhige Momente bei einem Glas Wein.   <\/p><h6>Verwendete Lichter:<\/h6><p>Pendelleuchte ONE AURA, \u00d8 60 cm, Ros\u00e9gold<br>Pendelleuchte ONE AURA, \u00d8 40 cm, Ros\u00e9gold<\/p>\t\t\t\t\t\t\t\t<\/div>\n\t\t\t\t<\/div>\n\t\t<div class=\"elementor-element elementor-element-e036842 e-con-full e-flex wpr-particle-no wpr-jarallax-no wpr-parallax-no wpr-sticky-section-no wpr-equal-height-no e-con e-child\" data-id=\"e036842\" data-element_type=\"container\" data-e-type=\"container\">\n\t\t\t\t<div class=\"elementor-element elementor-element-d207cd9 elementor-widget elementor-widget-image\" data-id=\"d207cd9\" data-element_type=\"widget\" data-e-type=\"widget\" data-widget_type=\"image.default\">\n\t\t\t\t\t\t\t\t\t\t\t\t\t\t\t<img loading=\"lazy\" decoding=\"async\" width=\"1000\" height=\"750\" src=\"https:\/\/voxaura.ai\/wp-content\/uploads\/2025\/12\/voxaura-dining-area-roomlight-rosegold-Kopie1.jpg\" class=\"attachment-full size-full wp-image-12896\" alt=\"\" srcset=\"https:\/\/voxaura.ai\/wp-content\/uploads\/2025\/12\/voxaura-dining-area-roomlight-rosegold-Kopie1.jpg 1000w, https:\/\/voxaura.ai\/wp-content\/uploads\/2025\/12\/voxaura-dining-area-roomlight-rosegold-Kopie1-300x225.jpg 300w, https:\/\/voxaura.ai\/wp-content\/uploads\/2025\/12\/voxaura-dining-area-roomlight-rosegold-Kopie1-600x450.jpg 600w, https:\/\/voxaura.ai\/wp-content\/uploads\/2025\/12\/voxaura-dining-area-roomlight-rosegold-Kopie1-64x48.jpg 64w, https:\/\/voxaura.ai\/wp-content\/uploads\/2025\/12\/voxaura-dining-area-roomlight-rosegold-Kopie1-768x576.jpg 768w\" sizes=\"(max-width: 1000px) 100vw, 1000px\" \/>\t\t\t\t\t\t\t\t\t\t\t\t\t\t\t<\/div>\n\t\t\t\t<\/div>\n\t\t\t\t<\/div>\n\t\t<div class=\"elementor-element elementor-element-12cf865 e-con-full e-flex wpr-particle-no wpr-jarallax-no wpr-parallax-no wpr-sticky-section-no wpr-equal-height-no e-con e-parent\" data-id=\"12cf865\" data-element_type=\"container\" data-e-type=\"container\" data-settings=\"{&quot;background_background&quot;:&quot;classic&quot;}\">\n\t\t<div class=\"elementor-element elementor-element-d2aefad e-con-full e-flex wpr-particle-no wpr-jarallax-no wpr-parallax-no wpr-sticky-section-no wpr-equal-height-no e-con e-child\" data-id=\"d2aefad\" data-element_type=\"container\" data-e-type=\"container\">\n\t\t\t\t<div class=\"elementor-element elementor-element-16a1251 elementor-widget elementor-widget-image\" data-id=\"16a1251\" data-element_type=\"widget\" data-e-type=\"widget\" data-widget_type=\"image.default\">\n\t\t\t\t\t\t\t\t\t\t\t\t\t\t\t<img loading=\"lazy\" decoding=\"async\" width=\"1000\" height=\"750\" src=\"https:\/\/voxaura.ai\/wp-content\/uploads\/2025\/12\/voxaura-livingroom-stairs-Kopie1.jpg\" class=\"attachment-full size-full wp-image-12894\" alt=\"\" srcset=\"https:\/\/voxaura.ai\/wp-content\/uploads\/2025\/12\/voxaura-livingroom-stairs-Kopie1.jpg 1000w, https:\/\/voxaura.ai\/wp-content\/uploads\/2025\/12\/voxaura-livingroom-stairs-Kopie1-300x225.jpg 300w, https:\/\/voxaura.ai\/wp-content\/uploads\/2025\/12\/voxaura-livingroom-stairs-Kopie1-600x450.jpg 600w, https:\/\/voxaura.ai\/wp-content\/uploads\/2025\/12\/voxaura-livingroom-stairs-Kopie1-64x48.jpg 64w, https:\/\/voxaura.ai\/wp-content\/uploads\/2025\/12\/voxaura-livingroom-stairs-Kopie1-768x576.jpg 768w\" sizes=\"(max-width: 1000px) 100vw, 1000px\" \/>\t\t\t\t\t\t\t\t\t\t\t\t\t\t\t<\/div>\n\t\t\t\t<\/div>\n\t\t<div class=\"elementor-element elementor-element-63ce692 e-con-full e-flex wpr-particle-no wpr-jarallax-no wpr-parallax-no wpr-sticky-section-no wpr-equal-height-no e-con e-child\" data-id=\"63ce692\" data-element_type=\"container\" data-e-type=\"container\">\n\t\t\t\t<div class=\"elementor-element elementor-element-f739e50 elementor-widget elementor-widget-heading\" data-id=\"f739e50\" data-element_type=\"widget\" data-e-type=\"widget\" data-widget_type=\"heading.default\">\n\t\t\t\t\t<h2 class=\"elementor-heading-title elementor-size-default\">ZWISCHEN DEM ANKOMMEN UND DEM, WAS DANACH KOMMT<\/h2>\t\t\t\t<\/div>\n\t\t\t\t<div class=\"elementor-element elementor-element-485181b elementor-widget elementor-widget-text-editor\" data-id=\"485181b\" data-element_type=\"widget\" data-e-type=\"widget\" data-widget_type=\"text-editor.default\">\n\t\t\t\t\t\t\t\t\t<p>Warmwei\u00dfes Licht schafft eine einladende Atmosph\u00e4re im Eingangsbereich und setzt subtile Akzente entlang der Architektur. Beleuchtete Stufen ziehen den Blick nach oben und betonen die Linien und die Tiefe des Raumes. Wandleuchten erzeugen ein lebendiges Wechselspiel von Licht und Schatten und bringen Bewegung und Struktur auf die Oberfl\u00e4che &#8211; perfekt f\u00fcr Flure, Treppen und moderne Wandgestaltung.  <\/p><h6><span style=\"color: #ffffff;\">Verwendete Lichter:<\/span><\/h6><p>Wandleuchte ONE RISE, Ros\u00e9gold<br>LED-Band LS4000 &amp; Aluminiumprofil AP1003<\/p>\t\t\t\t\t\t\t\t<\/div>\n\t\t\t\t<\/div>\n\t\t\t\t<\/div>\n\t\t\t\t<\/div>\n\t\t","protected":false},"excerpt":{"rendered":"<p>VoxAura Referenzen VoxAuraBRAND HOUSE STILVOLLES HERZST\u00dcCK DES HAUSES Das minimalistische Design der anspruchsvollen Beleuchtung f\u00fcgt sich nahtlos in die skandinavisch gepr\u00e4gte \u00c4sthetik der K\u00fcche ein und l\u00e4sst Materialien, T\u00f6ne und Texturen erstrahlen. Klares, blendfreies Licht, intelligente Steuerung und pr\u00e4zise Akzente wie beleuchtete Schr\u00e4nke, Regale und Schubladen verbinden Funktionalit\u00e4t mit subtiler Eleganz, w\u00e4hrend Pendel-, Unterschrank- und<\/p>\n","protected":false},"author":1,"featured_media":0,"parent":13167,"menu_order":0,"comment_status":"closed","ping_status":"closed","template":"elementor_theme","meta":{"_acf_changed":false,"solace_meta_sidebar":"","solace_meta_container":"","solace_meta_enable_content_width":"","solace_meta_content_width":0,"solace_meta_title_alignment":"","solace_meta_author_avatar":"","solace_post_elements_order":"","solace_meta_disable_header":"","solace_meta_disable_footer":"","solace_meta_disable_title":"","footnotes":""},"class_list":["post-12891","page","type-page","status-publish","hentry"],"acf":[],"_hostinger_reach_plugin_has_subscription_block":false,"_hostinger_reach_plugin_is_elementor":false,"_links":{"self":[{"href":"https:\/\/voxaura.ai\/de\/wp-json\/wp\/v2\/pages\/12891","targetHints":{"allow":["GET"]}}],"collection":[{"href":"https:\/\/voxaura.ai\/de\/wp-json\/wp\/v2\/pages"}],"about":[{"href":"https:\/\/voxaura.ai\/de\/wp-json\/wp\/v2\/types\/page"}],"author":[{"embeddable":true,"href":"https:\/\/voxaura.ai\/de\/wp-json\/wp\/v2\/users\/1"}],"replies":[{"embeddable":true,"href":"https:\/\/voxaura.ai\/de\/wp-json\/wp\/v2\/comments?post=12891"}],"version-history":[{"count":1,"href":"https:\/\/voxaura.ai\/de\/wp-json\/wp\/v2\/pages\/12891\/revisions"}],"predecessor-version":[{"id":12900,"href":"https:\/\/voxaura.ai\/de\/wp-json\/wp\/v2\/pages\/12891\/revisions\/12900"}],"up":[{"embeddable":true,"href":"https:\/\/voxaura.ai\/de\/wp-json\/wp\/v2\/pages\/13167"}],"wp:attachment":[{"href":"https:\/\/voxaura.ai\/de\/wp-json\/wp\/v2\/media?parent=12891"}],"curies":[{"name":"wp","href":"https:\/\/api.w.org\/{rel}","templated":true}]}}